{"id":3182,"date":"2018-05-18T09:42:16","date_gmt":"2018-05-18T09:42:16","guid":{"rendered":"https:\/\/wp.pop-verlag.com\/?page_id=3182"},"modified":"2018-05-18T11:55:55","modified_gmt":"2018-05-18T11:55:55","slug":"katharina-kilzer","status":"publish","type":"page","link":"https:\/\/wp.pop-verlag.com\/?page_id=3182","title":{"rendered":"Katharina Kilzer"},"content":{"rendered":"<p><strong>Katharina Kilzer<\/strong>, 1959 in Jahrmarkt (Temeswar\/Timi\u0219oara\/Rum\u00e4nien) geboren. Studium der Germanistik, Anglistik und Literaturwissenschaftten in Jassy (Rum\u00e4nien) und Bielefeld. Mitglied der Stiftung Memorial Sighet und des Exil-PEN deutschsprachiger Autoren in Deutschland. Mitarbeiterin der Frankfurter Allgemeinen Zeitung. Lebt in Wiesbaden.<br \/>\nPublikationsdeb\u00fct in der \u201eNeuen Literatur\u201c 1981. Ana Blandiana: In einer spanischen Herberge, Berlin 2012 (\u00dcbersetzerin und Herausgeberin); Geist hinter Gittern. Berlin 2013 (zusammen herausgegeben mit Helmut M\u00fcller-Enbergs); Die vier Jahreszeiten. Berlin 2015 (zusammen herausgegeben mit Helmut M\u00fcller-Enbergs); Beitr\u00e4ge in: Ged\u00e4chtnis der Literatur. Erinnerungskulturen in den s\u00fcdosteurop\u00e4ischen L\u00e4ndern nach 1989, Ludwigsburg 2009; PEN-Anthologie: \u201eDie Sehnsucht, die ist mir so leicht.\u201c Schreiben im Exil, Ludwigsburg 2016; Wozu Dichter in d\u00fcrftiger Zeit?, Berlin 2018 (zusammen herausgegeben mit Helmut M\u00fcller-Enbergs).<\/p>\n<p>Lieferbare Titel von <a href=\"https:\/\/wp.pop-verlag.com\/?page_id=3182\"><strong>Katharina Kilzer<\/strong><\/a>:<\/p>\n<p><a href=\"http:\/\/wp.pop-verlag.com\/?p=2884\"><strong>\u00a0<\/strong><\/a><strong><a href=\"http:\/\/wp.pop-verlag.com\/?page_id=2888\"><strong>Ana Blandiana:<\/strong><\/a> Geschlossene Kirchen. <\/strong>Gedichte. Nach einer Auswahl und mit einem Nachwort von <a href=\"https:\/\/wp.pop-verlag.com\/?page_id=3182\"><strong>Katharina Kilzer<\/strong><\/a> (Hrsg.). \u00dcbersetzungen aus dem Rum\u00e4nischen von <strong><a href=\"https:\/\/wp.pop-verlag.com\/?page_id=3184\">Maria Herlo<\/a><\/strong>, <a href=\"https:\/\/wp.pop-verlag.com\/?page_id=3182\"><strong>Katharina Kilzer<\/strong><\/a> und <strong><a href=\"https:\/\/wp.pop-verlag.com\/?page_id=734\">Horst Samson<\/a><\/strong>. Deutsch-Rum\u00e4nisch. Orpheus Reihe Band 9. ISBN 978-3-86356-185-7; 210 Seiten, \u20ac[D]19,90<\/p>\n","protected":false},"excerpt":{"rendered":"<p>Katharina Kilzer, 1959 in Jahrmarkt (Temeswar\/Timi\u0219oara\/Rum\u00e4nien) geboren. Studium der Germanistik, Anglistik und Literaturwissenschaftten in Jassy (Rum\u00e4nien) und Bielefeld. Mitglied der Stiftung Memorial Sighet und des Exil-PEN deutschsprachiger Autoren in Deutschland. Mitarbeiterin der Frankfurter Allgemeinen Zeitung. Lebt in Wiesbaden. Publikationsdeb\u00fct in &hellip; <a class=\"more-link\" href=\"https:\/\/wp.pop-verlag.com\/?page_id=3182\">Weiterlesen <span class=\"meta-nav\">&rarr;<\/span><\/a><\/p>\n","protected":false},"author":2,"featured_media":0,"parent":695,"menu_order":5,"comment_status":"closed","ping_status":"closed","template":"","meta":{"footnotes":""},"class_list":["post-3182","page","type-page","status-publish","hentry"],"jetpack_sharing_enabled":true,"_links":{"self":[{"href":"https:\/\/wp.pop-verlag.com\/index.php?rest_route=\/wp\/v2\/pages\/3182","targetHints":{"allow":["GET"]}}],"collection":[{"href":"https:\/\/wp.pop-verlag.com\/index.php?rest_route=\/wp\/v2\/pages"}],"about":[{"href":"https:\/\/wp.pop-verlag.com\/index.php?rest_route=\/wp\/v2\/types\/page"}],"author":[{"embeddable":true,"href":"https:\/\/wp.pop-verlag.com\/index.php?rest_route=\/wp\/v2\/users\/2"}],"replies":[{"embeddable":true,"href":"https:\/\/wp.pop-verlag.com\/index.php?rest_route=%2Fwp%2Fv2%2Fcomments&post=3182"}],"version-history":[{"count":2,"href":"https:\/\/wp.pop-verlag.com\/index.php?rest_route=\/wp\/v2\/pages\/3182\/revisions"}],"predecessor-version":[{"id":3190,"href":"https:\/\/wp.pop-verlag.com\/index.php?rest_route=\/wp\/v2\/pages\/3182\/revisions\/3190"}],"up":[{"embeddable":true,"href":"https:\/\/wp.pop-verlag.com\/index.php?rest_route=\/wp\/v2\/pages\/695"}],"wp:attachment":[{"href":"https:\/\/wp.pop-verlag.com\/index.php?rest_route=%2Fwp%2Fv2%2Fmedia&parent=3182"}],"curies":[{"name":"wp","href":"https:\/\/api.w.org\/{rel}","templated":true}]}}