{"id":3001,"date":"2018-03-10T12:24:44","date_gmt":"2018-03-10T12:24:44","guid":{"rendered":"http:\/\/wp.pop-verlag.com\/?page_id=3001"},"modified":"2018-03-10T12:29:51","modified_gmt":"2018-03-10T12:29:51","slug":"gerlinde-roth","status":"publish","type":"page","link":"https:\/\/wp.pop-verlag.com\/?page_id=3001","title":{"rendered":"Gerlinde Roth"},"content":{"rendered":"<p style=\"text-align: justify;\"><a href=\"http:\/\/wp.pop-verlag.com\/?page_id=3001\"><strong>Gerlinde Roth<\/strong><\/a>, Dr., geb. in Siebenb\u00fcrgen. Studium der Germanistik und Anglistik in Klausenburg und D\u00fcsseldorf. Dissertation &#8222;Hydropsie des Imagin\u00e4ren. Mythos Undine&#8220;. Ver\u00f6ffentlichung von zwei Gedichtb\u00e4nden im Karin Fischer Verlag, Aachen &#8222;Messingw\u00e4lder&#8220; und &#8222;Melancholie und Heliotrop&#8220;. \u00dcbersetzung der englisch-sprachigen Gedichte von Rose Ausl\u00e4nder.<\/p>\n<p><span class=\"readonlyText multiple\">Lieferbare Titel von\u00a0\u00a0<\/span><strong><a href=\"http:\/\/wp.pop-verlag.com\/?page_id=3001\">Gerlinde Roth<\/a>:<\/strong><\/p>\n<ul>\n<li><strong><a href=\"http:\/\/wp.pop-verlag.com\/?page_id=2988\">R. G. Waldeck<\/a>: Ath\u00e9n\u00e9e Palace. <a href=\"http:\/\/wp.pop-verlag.com\/?p=2984\">Hitlers \u201eNeue Ordnung\u201c kommt nach Rum\u00e4nien<\/a><br \/>\n<\/strong>Mit einem Nachwort des amerikanischen Diplomaten, Historikers und versierten Rum\u00e4nien Kenners Ernest H. Latham, Jr.Aus dem Amerikanischen von <strong><a href=\"http:\/\/wp.pop-verlag.com\/?page_id=2997\">Dagmar Dusil<\/a> <\/strong> und Dr. <a href=\"http:\/\/wp.pop-verlag.com\/?page_id=3001\"><strong>Gerlinde Roth<\/strong><\/a>. Pop Epik. ISBN: 978-3-86356-218-2, 472 Seiten, \u20ac[D]24,50<\/li>\n<\/ul>\n","protected":false},"excerpt":{"rendered":"<p>Gerlinde Roth, Dr., geb. in Siebenb\u00fcrgen. Studium der Germanistik und Anglistik in Klausenburg und D\u00fcsseldorf. Dissertation &#8222;Hydropsie des Imagin\u00e4ren. Mythos Undine&#8220;. Ver\u00f6ffentlichung von zwei Gedichtb\u00e4nden im Karin Fischer Verlag, Aachen &#8222;Messingw\u00e4lder&#8220; und &#8222;Melancholie und Heliotrop&#8220;. \u00dcbersetzung der englisch-sprachigen Gedichte von &hellip; <a class=\"more-link\" href=\"https:\/\/wp.pop-verlag.com\/?page_id=3001\">Weiterlesen <span class=\"meta-nav\">&rarr;<\/span><\/a><\/p>\n","protected":false},"author":2,"featured_media":0,"parent":708,"menu_order":5,"comment_status":"closed","ping_status":"closed","template":"","meta":{"footnotes":""},"class_list":["post-3001","page","type-page","status-publish","hentry"],"jetpack_sharing_enabled":true,"_links":{"self":[{"href":"https:\/\/wp.pop-verlag.com\/index.php?rest_route=\/wp\/v2\/pages\/3001","targetHints":{"allow":["GET"]}}],"collection":[{"href":"https:\/\/wp.pop-verlag.com\/index.php?rest_route=\/wp\/v2\/pages"}],"about":[{"href":"https:\/\/wp.pop-verlag.com\/index.php?rest_route=\/wp\/v2\/types\/page"}],"author":[{"embeddable":true,"href":"https:\/\/wp.pop-verlag.com\/index.php?rest_route=\/wp\/v2\/users\/2"}],"replies":[{"embeddable":true,"href":"https:\/\/wp.pop-verlag.com\/index.php?rest_route=%2Fwp%2Fv2%2Fcomments&post=3001"}],"version-history":[{"count":4,"href":"https:\/\/wp.pop-verlag.com\/index.php?rest_route=\/wp\/v2\/pages\/3001\/revisions"}],"predecessor-version":[{"id":3008,"href":"https:\/\/wp.pop-verlag.com\/index.php?rest_route=\/wp\/v2\/pages\/3001\/revisions\/3008"}],"up":[{"embeddable":true,"href":"https:\/\/wp.pop-verlag.com\/index.php?rest_route=\/wp\/v2\/pages\/708"}],"wp:attachment":[{"href":"https:\/\/wp.pop-verlag.com\/index.php?rest_route=%2Fwp%2Fv2%2Fmedia&parent=3001"}],"curies":[{"name":"wp","href":"https:\/\/api.w.org\/{rel}","templated":true}]}}