{"id":2997,"date":"2018-03-10T12:23:34","date_gmt":"2018-03-10T12:23:34","guid":{"rendered":"http:\/\/wp.pop-verlag.com\/?page_id=2997"},"modified":"2022-08-30T06:47:02","modified_gmt":"2022-08-30T06:47:02","slug":"dagmar-dusil","status":"publish","type":"page","link":"https:\/\/wp.pop-verlag.com\/?page_id=2997","title":{"rendered":"Dagmar Dusil"},"content":{"rendered":"<p>&nbsp;<\/p>\n<p style=\"text-align: justify;\"><strong><img loading=\"lazy\" decoding=\"async\" class=\"alignleft wp-image-2998 size-medium\" src=\"http:\/\/wp.pop-verlag.com\/wp-content\/uploads\/2018\/03\/Dagmar-Dusil-300x232.jpg\" alt=\"Dagmar Dusil\" width=\"300\" height=\"232\" srcset=\"https:\/\/wp.pop-verlag.com\/wp-content\/uploads\/2018\/03\/Dagmar-Dusil-300x232.jpg 300w, https:\/\/wp.pop-verlag.com\/wp-content\/uploads\/2018\/03\/Dagmar-Dusil-768x593.jpg 768w, https:\/\/wp.pop-verlag.com\/wp-content\/uploads\/2018\/03\/Dagmar-Dusil-1024x791.jpg 1024w, https:\/\/wp.pop-verlag.com\/wp-content\/uploads\/2018\/03\/Dagmar-Dusil-389x300.jpg 389w, https:\/\/wp.pop-verlag.com\/wp-content\/uploads\/2018\/03\/Dagmar-Dusil.jpg 1772w\" sizes=\"auto, (max-width: 300px) 100vw, 300px\" \/><a href=\"http:\/\/wp.pop-verlag.com\/?page_id=2997\">Dagmar Dusil<\/a><\/strong>, geb.\u00a0 in Hermannstadt (Siebenb\u00fcrgen). Anglistik und Germanistikstudium mit Magisterabschluss an der Babes-Bolyai-Universit\u00e4t Cluj-Napoca. 1985 Ausreise in die Bundesrepublik. Vertreten in zahlreichen Anthologien. Prosa-Ver\u00f6ffentlichungen (Blick zur\u00fcck durchs K\u00fcchenfenster, Kulinarisches Heim- und Fernweh, Hermannst\u00e4dter Miniaturen, Wie die Jahre verletzen) und \u00dcbersetzungen.\u00a0 Zuletzt erschien der Lyrikband \u201eTransitschatten\u201c (2015). Ihre Texte sind ins Rum\u00e4nische und Englische \u00fcbersetzt worden. Mitglied in der GEDOK Franken, der internationalen Autorenvereinigung Die KOGGE, der K\u00fcnstlergilde Esslingen und des Exil-Pen-Clubs. 2014 erhielt sie den Literaturf\u00f6rderpreis der GEDOK, 2016 und 2018 den\u00a0 2. Platz beim Landschreiber Wettbewerb,\u00a0 Sparte Lyrik (Sprache und Seinskategorien, Sprache und Elemente), 2017 den Dorfschreiberpreis Katzendorf.<\/p>\n<p>Lieferbare Titel von <strong><a href=\"https:\/\/wp.pop-verlag.com\/?page_id=2997\">Dagmar Dusil<\/a><\/strong><\/p>\n<ul>\n<li><strong><a href=\"http:\/\/wp.pop-verlag.com\/?page_id=2988\">R. G. Waldeck<\/a>: Ath\u00e9n\u00e9e Palace. <a href=\"http:\/\/wp.pop-verlag.com\/?p=2984\">Hitlers \u201eNeue Ordnung\u201c kommt nach Rum\u00e4nien<\/a><br \/>\n<\/strong>Mit einem Nachwort des amerikanischen Diplomaten, Historikers und versierten Rum\u00e4nien Kenners Ernest H. Latham, Jr.Aus dem Amerikanischen von <strong><a href=\"http:\/\/wp.pop-verlag.com\/?page_id=2997\">Dagmar Dusil<\/a> <\/strong> und Dr. <a href=\"http:\/\/wp.pop-verlag.com\/?page_id=3001\"><strong>Gerlinde Roth<\/strong><\/a>. Pop Epik. ISBN: 978-3-86356-218-2, 472 Seiten, \u20ac[D]24,50<\/li>\n<li><a href=\"https:\/\/wp.pop-verlag.com\/?p=4026\"><strong>Auf leisen Sohlen. Ann\u00e4herungen an Katzendorf<\/strong><\/a>. Die POP-Verlag-Fragmentariumreihe, Bd. 10. ISBN: 978-3-86356-262-5, 286 Seiten, \u20ac[D]18,50<\/li>\n<li><a href=\"https:\/\/wp.pop-verlag.com\/?p=4285\">\u00a0<strong>Looking Back Through the Kitchen Window<\/strong><\/a>. Die POP-Verlag-Fragmentariumreihe, Bd. 14. ISBN: 978-3-86356-279-3, 260 Seiten, \u20ac[D]16,50<\/li>\n<li><a href=\"https:\/\/wp.pop-verlag.com\/?p=4522\"><strong>So is(s)t Hermannstadt<\/strong>.<\/a> Die POP-Verlag-Fragmentariumreihe, Bd. 15. ISBN: 978-3-86356-282-3,186 Seiten, \u20ac[D]13,80<\/li>\n<li><strong><a href=\"https:\/\/wp.pop-verlag.com\/?page_id=2997\"> Dagmar Dusil<\/a><\/strong> \/<a href=\"https:\/\/wp.pop-verlag.com\/?page_id=5864\"><strong> Ioana Ieronim<\/strong><\/a>:\u00a0<strong><a href=\"https:\/\/wp.pop-verlag.com\/?p=5873\">Beleuchtete Busse in denen keiner sa\u00df \/ \u015ei trec autobuze goale<\/a>.<\/strong> Gedichte. Illustration: <a href=\"https:\/\/wp.pop-verlag.com\/?page_id=5869\"><strong>Gerhild W\u00e4chter<\/strong><\/a>. Nachwort von <a href=\"https:\/\/wp.pop-verlag.com\/?page_id=3027\"><strong>Emil Hurezeanu<\/strong><\/a>. Reihe Lyrik Bd. 164, 124 Seiten,\u00a0 ISBN 978-3-86356-339-4; \u20ac[D]19,90<\/li>\n<li><strong>Entbl\u00e4tterte Zeit.\u00a0Kurzgeschichten<\/strong>. Reihe Epik . Bd. 131, 196 Seiten,\u00a0 ISBN 978-3-86356-359-2; \u20ac[D]16,50<\/li>\n<li><strong>Mit Erinnerungen gepflastert.\u00a0Eine Anthologie von <a href=\"https:\/\/wp.pop-verlag.com\/?p=6281\">Dagmar Dusil<\/a>.<\/strong> Kartoniert, mit Schutzumschlag (bedruckt). Reihe Fragmentarium, Bd. 28. ISBN: 978-3-86356-367-7, 410 Seiten, \u20ac[D]25,00<\/li>\n<\/ul>\n<p>&nbsp;<\/p>\n<p>&nbsp;<\/p>\n<p>&nbsp;<\/p>\n<p>&nbsp;<\/p>\n","protected":false},"excerpt":{"rendered":"<p>&nbsp; Dagmar Dusil, geb.\u00a0 in Hermannstadt (Siebenb\u00fcrgen). Anglistik und Germanistikstudium mit Magisterabschluss an der Babes-Bolyai-Universit\u00e4t Cluj-Napoca. 1985 Ausreise in die Bundesrepublik. Vertreten in zahlreichen Anthologien. Prosa-Ver\u00f6ffentlichungen (Blick zur\u00fcck durchs K\u00fcchenfenster, Kulinarisches Heim- und Fernweh, Hermannst\u00e4dter Miniaturen, Wie die Jahre verletzen) &hellip; <a class=\"more-link\" href=\"https:\/\/wp.pop-verlag.com\/?page_id=2997\">Weiterlesen <span class=\"meta-nav\">&rarr;<\/span><\/a><\/p>\n","protected":false},"author":2,"featured_media":0,"parent":664,"menu_order":10,"comment_status":"closed","ping_status":"closed","template":"","meta":{"footnotes":""},"class_list":["post-2997","page","type-page","status-publish","hentry"],"jetpack_sharing_enabled":true,"_links":{"self":[{"href":"https:\/\/wp.pop-verlag.com\/index.php?rest_route=\/wp\/v2\/pages\/2997","targetHints":{"allow":["GET"]}}],"collection":[{"href":"https:\/\/wp.pop-verlag.com\/index.php?rest_route=\/wp\/v2\/pages"}],"about":[{"href":"https:\/\/wp.pop-verlag.com\/index.php?rest_route=\/wp\/v2\/types\/page"}],"author":[{"embeddable":true,"href":"https:\/\/wp.pop-verlag.com\/index.php?rest_route=\/wp\/v2\/users\/2"}],"replies":[{"embeddable":true,"href":"https:\/\/wp.pop-verlag.com\/index.php?rest_route=%2Fwp%2Fv2%2Fcomments&post=2997"}],"version-history":[{"count":11,"href":"https:\/\/wp.pop-verlag.com\/index.php?rest_route=\/wp\/v2\/pages\/2997\/revisions"}],"predecessor-version":[{"id":6293,"href":"https:\/\/wp.pop-verlag.com\/index.php?rest_route=\/wp\/v2\/pages\/2997\/revisions\/6293"}],"up":[{"embeddable":true,"href":"https:\/\/wp.pop-verlag.com\/index.php?rest_route=\/wp\/v2\/pages\/664"}],"wp:attachment":[{"href":"https:\/\/wp.pop-verlag.com\/index.php?rest_route=%2Fwp%2Fv2%2Fmedia&parent=2997"}],"curies":[{"name":"wp","href":"https:\/\/api.w.org\/{rel}","templated":true}]}}