{"id":2988,"date":"2018-03-10T08:51:04","date_gmt":"2018-03-10T08:51:04","guid":{"rendered":"http:\/\/wp.pop-verlag.com\/?page_id=2988"},"modified":"2018-03-10T08:51:10","modified_gmt":"2018-03-10T08:51:10","slug":"r-g-waldeck","status":"publish","type":"page","link":"https:\/\/wp.pop-verlag.com\/?page_id=2988","title":{"rendered":"R. G. Waldeck"},"content":{"rendered":"<p style=\"text-align: justify;\"><strong><img loading=\"lazy\" decoding=\"async\" class=\"alignleft wp-image-2989 size-medium\" src=\"http:\/\/wp.pop-verlag.com\/wp-content\/uploads\/2018\/03\/WALDECK-225x300.jpg\" alt=\"WALDECK\" width=\"225\" height=\"300\" srcset=\"https:\/\/wp.pop-verlag.com\/wp-content\/uploads\/2018\/03\/WALDECK-225x300.jpg 225w, https:\/\/wp.pop-verlag.com\/wp-content\/uploads\/2018\/03\/WALDECK.jpg 745w\" sizes=\"auto, (max-width: 225px) 100vw, 225px\" \/>\u00a0Rosie Gr\u00e4fin Waldeck<\/strong> kam am 24. Juli 1898 als Tochter eines der Gr\u00fcnder des Bankhauses \u201eMarx und Goldschmidt\u201c in Mannheim als Rosa Goldschmidt zur Welt. Studium der Soziologie. Ihre Dissertation bei Alfred Weber zur Soziologie des Theaters erh\u00e4lt das Pr\u00e4dikat summa cum laude. 1921 Heirat mit dem bekannten Berliner Gyn\u00e4kologen Ernst Gr\u00e4fenberg, nach dem der \u201eG-Punkt\u201c benannt ist. 1925 erfolgt die Scheidung. Aufenthalt als Journalistin in Paris. Es folgt ihr Durchbruch mit Reiseimpressionen aus der Sowjetunion und Westafrika. 1929 Heirat mit dem 63-j\u00e4hrigen verwitweten Franz Ullstein, der als Folge von seiner Familie aus dem Verlag gedr\u00e4ngt wird. Eine weitere Scheidung folgt. 1931 geht die geb\u00fcrtige J\u00fcdin, die sp\u00e4ter zum Katholizismus konvertiert, noch vor dem Machtantritt Hitlers, in die USA. 1935 heiratete sie nach ihrer Ausb\u00fcrgerung aus Deutschland den 11 Jahre j\u00fcngeren ungarischen Grafen Armin von Waldeck. Der Kriegsausbruch 1939 macht von Waldeck zu einer gefragten Expertin f\u00fcr das Dritte Reich. 1940 berichtet sie mehrere Monate lang f\u00fcr \u201eNewsweek\u201c von Rum\u00e4nien aus \u00fcber die Lage auf dem Balkan, woraus 1942 der hervorragend rezensierte Reportagen-Roman \u201eAth\u00e9ne Palace\u201c entstand. Am 8. August 1982 stirbt sie einsam und vergessen in den USA.<\/p>\n","protected":false},"excerpt":{"rendered":"<p>\u00a0Rosie Gr\u00e4fin Waldeck kam am 24. Juli 1898 als Tochter eines der Gr\u00fcnder des Bankhauses \u201eMarx und Goldschmidt\u201c in Mannheim als Rosa Goldschmidt zur Welt. Studium der Soziologie. Ihre Dissertation bei Alfred Weber zur Soziologie des Theaters erh\u00e4lt das Pr\u00e4dikat &hellip; <a class=\"more-link\" href=\"https:\/\/wp.pop-verlag.com\/?page_id=2988\">Weiterlesen <span class=\"meta-nav\">&rarr;<\/span><\/a><\/p>\n","protected":false},"author":2,"featured_media":0,"parent":719,"menu_order":2,"comment_status":"closed","ping_status":"closed","template":"","meta":{"footnotes":""},"class_list":["post-2988","page","type-page","status-publish","hentry"],"jetpack_sharing_enabled":true,"_links":{"self":[{"href":"https:\/\/wp.pop-verlag.com\/index.php?rest_route=\/wp\/v2\/pages\/2988","targetHints":{"allow":["GET"]}}],"collection":[{"href":"https:\/\/wp.pop-verlag.com\/index.php?rest_route=\/wp\/v2\/pages"}],"about":[{"href":"https:\/\/wp.pop-verlag.com\/index.php?rest_route=\/wp\/v2\/types\/page"}],"author":[{"embeddable":true,"href":"https:\/\/wp.pop-verlag.com\/index.php?rest_route=\/wp\/v2\/users\/2"}],"replies":[{"embeddable":true,"href":"https:\/\/wp.pop-verlag.com\/index.php?rest_route=%2Fwp%2Fv2%2Fcomments&post=2988"}],"version-history":[{"count":1,"href":"https:\/\/wp.pop-verlag.com\/index.php?rest_route=\/wp\/v2\/pages\/2988\/revisions"}],"predecessor-version":[{"id":2990,"href":"https:\/\/wp.pop-verlag.com\/index.php?rest_route=\/wp\/v2\/pages\/2988\/revisions\/2990"}],"up":[{"embeddable":true,"href":"https:\/\/wp.pop-verlag.com\/index.php?rest_route=\/wp\/v2\/pages\/719"}],"wp:attachment":[{"href":"https:\/\/wp.pop-verlag.com\/index.php?rest_route=%2Fwp%2Fv2%2Fmedia&parent=2988"}],"curies":[{"name":"wp","href":"https:\/\/api.w.org\/{rel}","templated":true}]}}