{"id":2976,"date":"2018-03-10T07:16:53","date_gmt":"2018-03-10T07:16:53","guid":{"rendered":"http:\/\/wp.pop-verlag.com\/?page_id=2976"},"modified":"2018-03-10T07:23:41","modified_gmt":"2018-03-10T07:23:41","slug":"doru-pacurar","status":"publish","type":"page","link":"https:\/\/wp.pop-verlag.com\/?page_id=2976","title":{"rendered":"Doru P\u0103curar"},"content":{"rendered":"<p><strong>Doru P\u0103curar<\/strong> ist ein rum\u00e4nischer Grafiker, Maler und B\u00fchnenbildner mit einem herausragenden k\u00fcnstlerischen Werdegang. Als Mitglied der rum\u00e4nischen K\u00fcnstlergewerkschaft hat Doru Pacurar zahlreiche Einzelausstellungen und hat an einer gro\u00dfen Anzahl von Gruppenausstellungen teilgenommen, in seiner Heimatstadt Arad, sowie in anderen rum\u00e4nischen St\u00e4dten. W\u00e4hrend seiner Karriere als B\u00fchnenbildner Doru hat das B\u00fchnenbild f\u00fcr mehr als 60 St\u00fccke am Nationaltheater Arad und anderen Theatern in Rum\u00e4nien gestaltet.<br \/>\nSeine Arbeiten enth\u00fcllen eine Freiheit der Geste, die ihren Ursprung im spontanen Schaffensfreude findet, welches seiner Kunst eine ausgepr\u00e4gte sinnliche Dimension verleiht. Die vorliegenden Arbeiten geh\u00f6ren zu einer Serie von 300 Zeichnungen, die der K\u00fcnstler in einem Zeitraum von 10 Jahren geschaffen hat.<\/p>\n<p>Lieferbare Titel von <a href=\"http:\/\/wp.pop-verlag.com\/?page_id=2976\"><strong>Doru P\u0103curar<\/strong>:<\/a><\/p>\n<ul>\n<li><strong><a href=\"http:\/\/wp.pop-verlag.com\/?p=2963\">GOLDEN.<\/a><\/strong>Aus dem Rum\u00e4nischen \u00fcbersetzt von <a href=\"http:\/\/wp.pop-verlag.com\/?page_id=2973\"><strong>Renate Sandu. <\/strong><\/a>Illustration: <a href=\"http:\/\/wp.pop-verlag.com\/?page_id=2976\"><strong>Doru P\u0103curar. <\/strong><\/a>Pop Epik, ISBN: 978-3-86356-206-9, 246 Seiten, \u20ac[D]18,50<\/li>\n<\/ul>\n","protected":false},"excerpt":{"rendered":"<p>Doru P\u0103curar ist ein rum\u00e4nischer Grafiker, Maler und B\u00fchnenbildner mit einem herausragenden k\u00fcnstlerischen Werdegang. Als Mitglied der rum\u00e4nischen K\u00fcnstlergewerkschaft hat Doru Pacurar zahlreiche Einzelausstellungen und hat an einer gro\u00dfen Anzahl von Gruppenausstellungen teilgenommen, in seiner Heimatstadt Arad, sowie in anderen &hellip; <a class=\"more-link\" href=\"https:\/\/wp.pop-verlag.com\/?page_id=2976\">Weiterlesen <span class=\"meta-nav\">&rarr;<\/span><\/a><\/p>\n","protected":false},"author":2,"featured_media":0,"parent":706,"menu_order":2,"comment_status":"closed","ping_status":"closed","template":"","meta":{"footnotes":""},"class_list":["post-2976","page","type-page","status-publish","hentry"],"jetpack_sharing_enabled":true,"_links":{"self":[{"href":"https:\/\/wp.pop-verlag.com\/index.php?rest_route=\/wp\/v2\/pages\/2976","targetHints":{"allow":["GET"]}}],"collection":[{"href":"https:\/\/wp.pop-verlag.com\/index.php?rest_route=\/wp\/v2\/pages"}],"about":[{"href":"https:\/\/wp.pop-verlag.com\/index.php?rest_route=\/wp\/v2\/types\/page"}],"author":[{"embeddable":true,"href":"https:\/\/wp.pop-verlag.com\/index.php?rest_route=\/wp\/v2\/users\/2"}],"replies":[{"embeddable":true,"href":"https:\/\/wp.pop-verlag.com\/index.php?rest_route=%2Fwp%2Fv2%2Fcomments&post=2976"}],"version-history":[{"count":2,"href":"https:\/\/wp.pop-verlag.com\/index.php?rest_route=\/wp\/v2\/pages\/2976\/revisions"}],"predecessor-version":[{"id":2982,"href":"https:\/\/wp.pop-verlag.com\/index.php?rest_route=\/wp\/v2\/pages\/2976\/revisions\/2982"}],"up":[{"embeddable":true,"href":"https:\/\/wp.pop-verlag.com\/index.php?rest_route=\/wp\/v2\/pages\/706"}],"wp:attachment":[{"href":"https:\/\/wp.pop-verlag.com\/index.php?rest_route=%2Fwp%2Fv2%2Fmedia&parent=2976"}],"curies":[{"name":"wp","href":"https:\/\/api.w.org\/{rel}","templated":true}]}}