{"id":2973,"date":"2018-03-10T07:15:46","date_gmt":"2018-03-10T07:15:46","guid":{"rendered":"http:\/\/wp.pop-verlag.com\/?page_id=2973"},"modified":"2018-03-10T07:22:30","modified_gmt":"2018-03-10T07:22:30","slug":"renate-sandu","status":"publish","type":"page","link":"https:\/\/wp.pop-verlag.com\/?page_id=2973","title":{"rendered":"Renate Sandu"},"content":{"rendered":"<p style=\"text-align: justify;\">Renate Sandu, geb. Hauser, *1954 in Bukarest. Studium der deutschen und englischen Sprache und Literatur in Bukarest. Redakteurin der deutschsprachigen Sendungen von Radio Bukarest. Lektorin f\u00fcr deutschsprachige B\u00fccher im Kriterion Verlag, Bukarest. 1992: Umsiedlung nach Hamburg. Seit 2008: freiberufliche \u00dcbersetzerin und Dolmetscherin in Mannheim.<\/p>\n<p>Lieferbare Titel von <a href=\"http:\/\/wp.pop-verlag.com\/?page_id=2973\"><strong>Renate Sandu:<\/strong><\/a><\/p>\n<ul>\n<li><strong><a href=\"http:\/\/wp.pop-verlag.com\/?p=2963\">GOLDEN.<\/a><\/strong>Aus dem Rum\u00e4nischen \u00fcbersetzt von <a href=\"http:\/\/wp.pop-verlag.com\/?page_id=2973\"><strong>Renate Sandu. <\/strong><\/a>Illustration: <a href=\"http:\/\/wp.pop-verlag.com\/?page_id=2976\"><strong>Doru P\u0103curar. <\/strong><\/a>Pop Epik, ISBN: 978-3-86356-206-9, 246 Seiten, \u20ac[D]18,50<\/li>\n<\/ul>\n","protected":false},"excerpt":{"rendered":"<p>Renate Sandu, geb. Hauser, *1954 in Bukarest. Studium der deutschen und englischen Sprache und Literatur in Bukarest. Redakteurin der deutschsprachigen Sendungen von Radio Bukarest. Lektorin f\u00fcr deutschsprachige B\u00fccher im Kriterion Verlag, Bukarest. 1992: Umsiedlung nach Hamburg. Seit 2008: freiberufliche \u00dcbersetzerin &hellip; <a class=\"more-link\" href=\"https:\/\/wp.pop-verlag.com\/?page_id=2973\">Weiterlesen <span class=\"meta-nav\">&rarr;<\/span><\/a><\/p>\n","protected":false},"author":2,"featured_media":0,"parent":712,"menu_order":2,"comment_status":"closed","ping_status":"closed","template":"","meta":{"footnotes":""},"class_list":["post-2973","page","type-page","status-publish","hentry"],"jetpack_sharing_enabled":true,"_links":{"self":[{"href":"https:\/\/wp.pop-verlag.com\/index.php?rest_route=\/wp\/v2\/pages\/2973","targetHints":{"allow":["GET"]}}],"collection":[{"href":"https:\/\/wp.pop-verlag.com\/index.php?rest_route=\/wp\/v2\/pages"}],"about":[{"href":"https:\/\/wp.pop-verlag.com\/index.php?rest_route=\/wp\/v2\/types\/page"}],"author":[{"embeddable":true,"href":"https:\/\/wp.pop-verlag.com\/index.php?rest_route=\/wp\/v2\/users\/2"}],"replies":[{"embeddable":true,"href":"https:\/\/wp.pop-verlag.com\/index.php?rest_route=%2Fwp%2Fv2%2Fcomments&post=2973"}],"version-history":[{"count":3,"href":"https:\/\/wp.pop-verlag.com\/index.php?rest_route=\/wp\/v2\/pages\/2973\/revisions"}],"predecessor-version":[{"id":2981,"href":"https:\/\/wp.pop-verlag.com\/index.php?rest_route=\/wp\/v2\/pages\/2973\/revisions\/2981"}],"up":[{"embeddable":true,"href":"https:\/\/wp.pop-verlag.com\/index.php?rest_route=\/wp\/v2\/pages\/712"}],"wp:attachment":[{"href":"https:\/\/wp.pop-verlag.com\/index.php?rest_route=%2Fwp%2Fv2%2Fmedia&parent=2973"}],"curies":[{"name":"wp","href":"https:\/\/api.w.org\/{rel}","templated":true}]}}