{"id":2968,"date":"2018-03-10T07:13:38","date_gmt":"2018-03-10T07:13:38","guid":{"rendered":"http:\/\/wp.pop-verlag.com\/?page_id=2968"},"modified":"2019-10-11T05:01:15","modified_gmt":"2019-10-11T05:01:15","slug":"adriana-carcu","status":"publish","type":"page","link":"https:\/\/wp.pop-verlag.com\/?page_id=2968","title":{"rendered":"Adriana Carcu"},"content":{"rendered":"<p style=\"text-align: justify;\"><strong><img loading=\"lazy\" decoding=\"async\" class=\"alignleft wp-image-2969 size-medium\" src=\"http:\/\/wp.pop-verlag.com\/wp-content\/uploads\/2018\/03\/Adriana-Carcu_\u00a9-Richard-Wayne-212x300.jpg\" alt=\"_Adriana Carcu_\u00a9 Richard Wayne\" width=\"212\" height=\"300\" srcset=\"https:\/\/wp.pop-verlag.com\/wp-content\/uploads\/2018\/03\/Adriana-Carcu_\u00a9-Richard-Wayne-212x300.jpg 212w, https:\/\/wp.pop-verlag.com\/wp-content\/uploads\/2018\/03\/Adriana-Carcu_\u00a9-Richard-Wayne-768x1088.jpg 768w, https:\/\/wp.pop-verlag.com\/wp-content\/uploads\/2018\/03\/Adriana-Carcu_\u00a9-Richard-Wayne-723x1024.jpg 723w, https:\/\/wp.pop-verlag.com\/wp-content\/uploads\/2018\/03\/Adriana-Carcu_\u00a9-Richard-Wayne.jpg 800w\" sizes=\"auto, (max-width: 212px) 100vw, 212px\" \/><\/strong><strong><a href=\"http:\/\/wp.pop-verlag.com\/?page_id=2968\">Adriana Carcu:<\/a><\/strong> ist eine in Rum\u00e4nien geborene international t\u00e4tige Journalistin. Sie ist Autorin mehrerer (auto-)biographischer und essayistischer B\u00fccher und hat ihre eigene Kolumne im Orizont, der Zeitschrift des Rum\u00e4nischen Schriftstellerverbands. Adriana Carcu ver\u00f6ffentlicht \u2013 auf Rum\u00e4nisch und Englisch \u2013 Interviews und Chroniken, Essays und Kurzprosa in Kulturzeitschriften und Internetportalen wie All About Jazz, No Strings Attached E-News, Jazz Compas und jazz.ro.<strong><br \/>\n<\/strong>Im Sommer 2016 erschien das Buch JazzStories in rum\u00e4nischer und englischer Ausgabe. Das Buch wurde bei der Gala Timisoara Jazz Awards 2016 als Buch des Jahres augezeichnet: \u201eAdriana ist nicht nur eine Journalistin, die sich voll und ganz an das Jazzumfeld anpasst, sondern auch eine treffsichere Kommentatorin des musikalischen Ph\u00e4nomens selbst. \u00dcber ihr bereits anerkanntes Talent als Schriftstellerin hinaus etabliert sich Adriana Carcu mit diesem Buch als sensible Beobachterin der neuesten Entwicklungen in der Jazzkunst.\u201c <strong><br \/>\n<\/strong>Das Lied aus dem Norden enth\u00e4lt Interviews, Rezensionen, Essays und Jazz Poetry. Die Interviews mit nordischen Musikern werden von Essays begleitet, die dem Leser ein authentisches Bild der inneren Mechanismen der Musik und ihrer magischen Auswirkungen auf den H\u00f6rer vermitteln. Adriana Carcu kombiniert die genaue Wahrnehmung der Klanglandschaft mit einem ausgepr\u00e4gten Gef\u00fchl von Musikalit\u00e4t, erzeugt so eine wunderbare poetische Aura.<\/p>\n<p>Lieferbare Titel von <strong><a href=\"http:\/\/wp.pop-verlag.com\/?page_id=2968\">Adriana Carcu:<\/a><\/strong><\/p>\n<ul>\n<li><strong><a href=\"http:\/\/wp.pop-verlag.com\/?p=2963\">GOLDEN.<\/a><\/strong> Aus dem Rum\u00e4nischen \u00fcbersetzt von <a href=\"http:\/\/wp.pop-verlag.com\/?page_id=2973\"><strong>Renate Sandu. <\/strong><\/a>Illustration: <a href=\"http:\/\/wp.pop-verlag.com\/?page_id=2976\"><strong>Doru P\u0103curar. <\/strong><\/a>Pop Epik, ISBN: 978-3-86356-206-9, 246 Seiten, \u20ac[D]18,50<\/li>\n<li><strong><a href=\"https:\/\/wp.pop-verlag.com\/?page_id=2968\">Adriana Carcu<\/a><\/strong>, <strong><a href=\"https:\/\/wp.pop-verlag.com\/?page_id=4577\">Richard Wayne<\/a><\/strong>: <a href=\"https:\/\/wp.pop-verlag.com\/?p=4575\"><strong>Das Lied aus dem Norden. Nordischer Jazz in Wort und Bild.<\/strong> <\/a>\u00dcbersetzungen aus dem Rum\u00e4nischen von Sigrid Kuhn [Interviews, Festivalchroniken] und Renate Sandu [Jazzweise]. Die POP-Verlag-Fragmentariumreihe, Bd. 16; ISBN: 978-3-86356-289-2; 226 Seiten, \u20ac[D]19,90<\/li>\n<\/ul>\n<p>&nbsp;<\/p>\n<p style=\"text-align: justify;\">\n","protected":false},"excerpt":{"rendered":"<p>Adriana Carcu: ist eine in Rum\u00e4nien geborene international t\u00e4tige Journalistin. Sie ist Autorin mehrerer (auto-)biographischer und essayistischer B\u00fccher und hat ihre eigene Kolumne im Orizont, der Zeitschrift des Rum\u00e4nischen Schriftstellerverbands. Adriana Carcu ver\u00f6ffentlicht \u2013 auf Rum\u00e4nisch und Englisch \u2013 Interviews &hellip; <a class=\"more-link\" href=\"https:\/\/wp.pop-verlag.com\/?page_id=2968\">Weiterlesen <span class=\"meta-nav\">&rarr;<\/span><\/a><\/p>\n","protected":false},"author":2,"featured_media":0,"parent":662,"menu_order":2,"comment_status":"closed","ping_status":"closed","template":"","meta":{"footnotes":""},"class_list":["post-2968","page","type-page","status-publish","hentry"],"jetpack_sharing_enabled":true,"_links":{"self":[{"href":"https:\/\/wp.pop-verlag.com\/index.php?rest_route=\/wp\/v2\/pages\/2968","targetHints":{"allow":["GET"]}}],"collection":[{"href":"https:\/\/wp.pop-verlag.com\/index.php?rest_route=\/wp\/v2\/pages"}],"about":[{"href":"https:\/\/wp.pop-verlag.com\/index.php?rest_route=\/wp\/v2\/types\/page"}],"author":[{"embeddable":true,"href":"https:\/\/wp.pop-verlag.com\/index.php?rest_route=\/wp\/v2\/users\/2"}],"replies":[{"embeddable":true,"href":"https:\/\/wp.pop-verlag.com\/index.php?rest_route=%2Fwp%2Fv2%2Fcomments&post=2968"}],"version-history":[{"count":7,"href":"https:\/\/wp.pop-verlag.com\/index.php?rest_route=\/wp\/v2\/pages\/2968\/revisions"}],"predecessor-version":[{"id":4592,"href":"https:\/\/wp.pop-verlag.com\/index.php?rest_route=\/wp\/v2\/pages\/2968\/revisions\/4592"}],"up":[{"embeddable":true,"href":"https:\/\/wp.pop-verlag.com\/index.php?rest_route=\/wp\/v2\/pages\/662"}],"wp:attachment":[{"href":"https:\/\/wp.pop-verlag.com\/index.php?rest_route=%2Fwp%2Fv2%2Fmedia&parent=2968"}],"curies":[{"name":"wp","href":"https:\/\/api.w.org\/{rel}","templated":true}]}}