{"id":2719,"date":"2018-01-26T04:14:22","date_gmt":"2018-01-26T04:14:22","guid":{"rendered":"http:\/\/wp.pop-verlag.com\/?page_id=2719"},"modified":"2018-01-26T04:18:20","modified_gmt":"2018-01-26T04:18:20","slug":"kaja-grabowicz","status":"publish","type":"page","link":"https:\/\/wp.pop-verlag.com\/?page_id=2719","title":{"rendered":"Kaja Grabowicz"},"content":{"rendered":"<p style=\"text-align: justify;\"><strong><img loading=\"lazy\" decoding=\"async\" class=\"alignleft wp-image-2720 size-medium\" src=\"http:\/\/wp.pop-verlag.com\/wp-content\/uploads\/2018\/01\/Kaja-Grabowicz-300x253.jpg\" alt=\"Kaja Grabowicz\" width=\"300\" height=\"253\" srcset=\"https:\/\/wp.pop-verlag.com\/wp-content\/uploads\/2018\/01\/Kaja-Grabowicz-300x253.jpg 300w, https:\/\/wp.pop-verlag.com\/wp-content\/uploads\/2018\/01\/Kaja-Grabowicz-768x648.jpg 768w, https:\/\/wp.pop-verlag.com\/wp-content\/uploads\/2018\/01\/Kaja-Grabowicz-1024x865.jpg 1024w, https:\/\/wp.pop-verlag.com\/wp-content\/uploads\/2018\/01\/Kaja-Grabowicz-355x300.jpg 355w, https:\/\/wp.pop-verlag.com\/wp-content\/uploads\/2018\/01\/Kaja-Grabowicz.jpg 1156w\" sizes=\"auto, (max-width: 300px) 100vw, 300px\" \/><a href=\"http:\/\/wp.pop-verlag.com\/?page_id=2719\">Kaja Grabowicz<\/a><\/strong>, *1968 in Gryf\u00f3w \u015al\u0105ski (Greifenberg, Niederschlesien), Malerin, Grafikerin, Designerin. Absolventin der P\u00e4dagogischen Hochschule in Zielona G\u00f3ra (Gr\u00fcnberg) in den F\u00e4chern Musik, Kunster-ziehung und Sologesang. Besch\u00e4ftigt als P\u00e4dagogin in einer Sonderschule f\u00fcr be-hinderte Kinder sowie als Kantorin im sakralen Bereich. K\u00fcnstlerische Arbeiten in der Aquarellmalerei, Grafik und Zeichnen, Dekorationen f\u00fcr Theater, M\u00e4rchenfiguren (Marionetten), Plakate, Gebrauchsgrafik. Expositionen verschiedener Art im kulturellen Bereich in der niederschlesischen Region sowie im Freistaat Sachsen. Teilnahme an den internationalen Poesie- und Kunsttagen in Polen.<\/p>\n<p>Lieferbare Titel von<strong>\u00a0<a href=\"http:\/\/wp.pop-verlag.com\/?page_id=2719\">Kaja Grabowicz<\/a><a href=\"http:\/\/wp.pop-verlag.com\/?page_id=2715\">:<br \/>\n<\/a><\/strong><\/p>\n<ul>\n<li><strong><a href=\"http:\/\/wp.pop-verlag.com\/?p=2710\">Wortwunde<\/a><\/strong>. Gedichte.Mit sechzehn Zeichnungen von <a href=\"http:\/\/wp.pop-verlag.com\/?page_id=2719\">Kaja Grabowicz<\/a>. mPop Lyrik. ISBN: 978-3-86356-155-0, 156 Seiten, \u20ac [D]16,50<\/li>\n<\/ul>\n","protected":false},"excerpt":{"rendered":"<p>Kaja Grabowicz, *1968 in Gryf\u00f3w \u015al\u0105ski (Greifenberg, Niederschlesien), Malerin, Grafikerin, Designerin. Absolventin der P\u00e4dagogischen Hochschule in Zielona G\u00f3ra (Gr\u00fcnberg) in den F\u00e4chern Musik, Kunster-ziehung und Sologesang. Besch\u00e4ftigt als P\u00e4dagogin in einer Sonderschule f\u00fcr be-hinderte Kinder sowie als Kantorin im sakralen &hellip; <a class=\"more-link\" href=\"https:\/\/wp.pop-verlag.com\/?page_id=2719\">Weiterlesen <span class=\"meta-nav\">&rarr;<\/span><\/a><\/p>\n","protected":false},"author":2,"featured_media":0,"parent":672,"menu_order":6,"comment_status":"closed","ping_status":"closed","template":"","meta":{"footnotes":""},"class_list":["post-2719","page","type-page","status-publish","hentry"],"jetpack_sharing_enabled":true,"_links":{"self":[{"href":"https:\/\/wp.pop-verlag.com\/index.php?rest_route=\/wp\/v2\/pages\/2719","targetHints":{"allow":["GET"]}}],"collection":[{"href":"https:\/\/wp.pop-verlag.com\/index.php?rest_route=\/wp\/v2\/pages"}],"about":[{"href":"https:\/\/wp.pop-verlag.com\/index.php?rest_route=\/wp\/v2\/types\/page"}],"author":[{"embeddable":true,"href":"https:\/\/wp.pop-verlag.com\/index.php?rest_route=\/wp\/v2\/users\/2"}],"replies":[{"embeddable":true,"href":"https:\/\/wp.pop-verlag.com\/index.php?rest_route=%2Fwp%2Fv2%2Fcomments&post=2719"}],"version-history":[{"count":3,"href":"https:\/\/wp.pop-verlag.com\/index.php?rest_route=\/wp\/v2\/pages\/2719\/revisions"}],"predecessor-version":[{"id":2726,"href":"https:\/\/wp.pop-verlag.com\/index.php?rest_route=\/wp\/v2\/pages\/2719\/revisions\/2726"}],"up":[{"embeddable":true,"href":"https:\/\/wp.pop-verlag.com\/index.php?rest_route=\/wp\/v2\/pages\/672"}],"wp:attachment":[{"href":"https:\/\/wp.pop-verlag.com\/index.php?rest_route=%2Fwp%2Fv2%2Fmedia&parent=2719"}],"curies":[{"name":"wp","href":"https:\/\/api.w.org\/{rel}","templated":true}]}}