{"id":2715,"date":"2018-01-26T04:08:59","date_gmt":"2018-01-26T04:08:59","guid":{"rendered":"http:\/\/wp.pop-verlag.com\/?page_id=2715"},"modified":"2018-01-26T16:00:54","modified_gmt":"2018-01-26T16:00:54","slug":"christian-w-schenk","status":"publish","type":"page","link":"https:\/\/wp.pop-verlag.com\/?page_id=2715","title":{"rendered":"Christian W. Schenk"},"content":{"rendered":"<p><img loading=\"lazy\" decoding=\"async\" class=\"alignleft wp-image-2716 size-medium\" src=\"http:\/\/wp.pop-verlag.com\/wp-content\/uploads\/2018\/01\/Christian-256x300.jpg\" alt=\"Christian\" width=\"256\" height=\"300\" srcset=\"https:\/\/wp.pop-verlag.com\/wp-content\/uploads\/2018\/01\/Christian-256x300.jpg 256w, https:\/\/wp.pop-verlag.com\/wp-content\/uploads\/2018\/01\/Christian-768x899.jpg 768w, https:\/\/wp.pop-verlag.com\/wp-content\/uploads\/2018\/01\/Christian-875x1024.jpg 875w, https:\/\/wp.pop-verlag.com\/wp-content\/uploads\/2018\/01\/Christian.jpg 1124w\" sizes=\"auto, (max-width: 256px) 100vw, 256px\" \/><a href=\"http:\/\/wp.pop-verlag.com\/?page_id=2715\"><strong>Christian W. Schenk<\/strong><\/a>, * 1951 in Bra\u0219ov\/Rum\u00e4nien ist ein rum\u00e4niendeutscher Lyriker, Essayist, \u00dcbersetzer und Verleger. Er wurde dreisprachig (deutsch, ungarisch und rum\u00e4nisch) erzogen. Sein Vater ist Deutscher, seine Mutter Ungarin. 1976 wanderte er nach Deutschland aus. Hier studierte er Zahnmedizin. Heute lebt er in Boppard. 1986 protestierte Schenk als Chefredakteur der viersprachigen Zeitschrift \u201eRum\u00e4nische Konvergenzen\u201c gegen die als \u201eUrbanisierungspl\u00e4ne\u201c bezeichneten Demolierungen ganzer St\u00e4dte und Kulturobjekte unter dem Diktator Nicolae Ceau\u0219escu. Daraufhin wurde er in Rum\u00e4nien zur \u201epersona non grata\u201c erkl\u00e4rt, verbunden mit dem lebensl\u00e4nglichen Verbot, das Land zu betreten. Nach 1989 wurde er rehabilitiert und erhielt verschiedene Auszeichnungen, beispielsweise die Pr\u00e4sidentialurkunde. Durch seine Mitgliedschaften im Verband deutscher Schriftsteller, im Rum\u00e4nischen Schriftstellerverband, in der Union Mondiale des \u00c9crivains M\u00e9decins, der American Romanian Academy of Arts and Sciences (ARA), im Rum\u00e4nischen Schriftstellerverband der \u00c4rzte, an der Akademie der Wissenschaften, Literatur und Kultur im Bihor, in der Hesperus-Gesellschaft, im Balkanromanisten-Verband und in der S\u00fcd-Ost-Europa-Gesellschaft bem\u00fcht sich Schenk seit Jahrzehnten, die Ost-West-Kulturbeziehungen zu vertiefen. Dieser Aufgabe widmet sich auch der von ihm gegr\u00fcndete Dionysos Literatur- und Theaterverlag (Kastellaun). F\u00fcr besondere Verdienste um die Ost-West-Kulturbeziehungen und f\u00fcr das eigene Schaffen wurde Schenk im Jahr 2000 von der Universit\u00e4tsstadt Cluj-Napoca (Klausenburg) als Ehrenb\u00fcrger und 2006 als \u201eRitter des danubischen Ordens\u201c in Gala\u021bi an der Donau vorgeschlagen. Zahlreiche Ver\u00f6ffentlichungen.<\/p>\n<p>Lieferbare Titel von<strong>\u00a0<a href=\"http:\/\/wp.pop-verlag.com\/?page_id=2715\">Christian W. Schenk<\/a>:<\/strong><\/p>\n<ul>\n<li><strong><a href=\"http:\/\/wp.pop-verlag.com\/?p=2710\">Wortwunde<\/a><\/strong>. Gedichte.Mit sechzehn Zeichnungen von <a href=\"http:\/\/wp.pop-verlag.com\/?page_id=2719\">Kaja Grabowicz<\/a>. mPop Lyrik. ISBN: 978-3-86356-165-9, 156 Seiten, \u20ac [D]16,50<\/li>\n<\/ul>\n<p>&nbsp;<\/p>\n","protected":false},"excerpt":{"rendered":"<p>Christian W. Schenk, * 1951 in Bra\u0219ov\/Rum\u00e4nien ist ein rum\u00e4niendeutscher Lyriker, Essayist, \u00dcbersetzer und Verleger. Er wurde dreisprachig (deutsch, ungarisch und rum\u00e4nisch) erzogen. Sein Vater ist Deutscher, seine Mutter Ungarin. 1976 wanderte er nach Deutschland aus. Hier studierte er Zahnmedizin. &hellip; <a class=\"more-link\" href=\"https:\/\/wp.pop-verlag.com\/?page_id=2715\">Weiterlesen <span class=\"meta-nav\">&rarr;<\/span><\/a><\/p>\n","protected":false},"author":2,"featured_media":0,"parent":712,"menu_order":4,"comment_status":"closed","ping_status":"closed","template":"","meta":{"footnotes":""},"class_list":["post-2715","page","type-page","status-publish","hentry"],"jetpack_sharing_enabled":true,"_links":{"self":[{"href":"https:\/\/wp.pop-verlag.com\/index.php?rest_route=\/wp\/v2\/pages\/2715","targetHints":{"allow":["GET"]}}],"collection":[{"href":"https:\/\/wp.pop-verlag.com\/index.php?rest_route=\/wp\/v2\/pages"}],"about":[{"href":"https:\/\/wp.pop-verlag.com\/index.php?rest_route=\/wp\/v2\/types\/page"}],"author":[{"embeddable":true,"href":"https:\/\/wp.pop-verlag.com\/index.php?rest_route=\/wp\/v2\/users\/2"}],"replies":[{"embeddable":true,"href":"https:\/\/wp.pop-verlag.com\/index.php?rest_route=%2Fwp%2Fv2%2Fcomments&post=2715"}],"version-history":[{"count":4,"href":"https:\/\/wp.pop-verlag.com\/index.php?rest_route=\/wp\/v2\/pages\/2715\/revisions"}],"predecessor-version":[{"id":2780,"href":"https:\/\/wp.pop-verlag.com\/index.php?rest_route=\/wp\/v2\/pages\/2715\/revisions\/2780"}],"up":[{"embeddable":true,"href":"https:\/\/wp.pop-verlag.com\/index.php?rest_route=\/wp\/v2\/pages\/712"}],"wp:attachment":[{"href":"https:\/\/wp.pop-verlag.com\/index.php?rest_route=%2Fwp%2Fv2%2Fmedia&parent=2715"}],"curies":[{"name":"wp","href":"https:\/\/api.w.org\/{rel}","templated":true}]}}