{"id":2700,"date":"2018-01-14T07:36:49","date_gmt":"2018-01-14T07:36:49","guid":{"rendered":"http:\/\/wp.pop-verlag.com\/?page_id=2700"},"modified":"2018-01-14T07:47:57","modified_gmt":"2018-01-14T07:47:57","slug":"hans-dama","status":"publish","type":"page","link":"https:\/\/wp.pop-verlag.com\/?page_id=2700","title":{"rendered":"Hans Dama"},"content":{"rendered":"<p style=\"text-align: justify;\"><strong><img loading=\"lazy\" decoding=\"async\" class=\"alignleft wp-image-2703 size-medium\" src=\"http:\/\/wp.pop-verlag.com\/wp-content\/uploads\/2018\/01\/Hansa-Dama-264x300.jpg\" alt=\"Hansa Dama\" width=\"264\" height=\"300\" srcset=\"https:\/\/wp.pop-verlag.com\/wp-content\/uploads\/2018\/01\/Hansa-Dama-264x300.jpg 264w, https:\/\/wp.pop-verlag.com\/wp-content\/uploads\/2018\/01\/Hansa-Dama-768x871.jpg 768w, https:\/\/wp.pop-verlag.com\/wp-content\/uploads\/2018\/01\/Hansa-Dama-902x1024.jpg 902w, https:\/\/wp.pop-verlag.com\/wp-content\/uploads\/2018\/01\/Hansa-Dama.jpg 1017w\" sizes=\"auto, (max-width: 264px) 100vw, 264px\" \/><a href=\"http:\/\/wp.pop-verlag.com\/?page_id=2700\">Hans Dama<\/a><\/strong>, Mag. et Dr. phil. (*S\u00e2nnicolau-Mare, Banat, Rum\u00e4nien), Studium der Germanistik, Rum\u00e4nistik, P\u00e4dagogik, Geographie und Wirtschaftskunde in Temeswar, Bukarest und Wien. Vormals Rum\u00e4nist am Institut f\u00fcr Romanistik und am Dolmetsch-Institut der Universit\u00e4t Wien. In zahlreichen deutschen, \u00f6sterreichischen, ungarischen, rum\u00e4nischen, spanischen, slowenischen und mexikanischen Zeitschriften sowie in Anthologien ver\u00f6ffentlichte Dama Lyrik, Kurzprosa und Essays sowie \u00dcbersetzungen aus der rum\u00e4nischen Lyrik (Lucian Blaga, George Bacovia, Nichita St\u0103nescu, Anghel Dumbr\u0103veanu, Octavian Doclin u. a.). In den USA wurden zwei seiner Gedichte vertont.<br \/>\nGedichtb\u00e4nde: Schritte, Wien (1. Auflage 1980; 2. Auflage 1990); Gedankenspiele, Frankfurt\/Main, 1990; Rollendes Schicksal, Frankfurt\/Main, 1993; Sp\u00e4tlese, Dublin \u2013New York \u2013 Wien, 1999; Vereinsamtes Echo, Klausenburg \/ Cluj, 2002; Launen des Schicksals \/ Capriciile destinului, Wien, 2006; Zeitspanne, Wien, 2008; Im Schatten der Zeit \/ \u00cen umbra timpului, Wien, 2011; Im Werden reift Vergehen, Wien 2013; Banat-Gedichte, Wien 2015. Dornenpflaster, Wien 2016.<br \/>\nProsa: Unterwegs, Klausenburg \/ Cluj, 2003.<br \/>\nPreise:Lyrik-Preis der Zeitschrift \u201eVia\u0163a studen\u0163easc\u0103\u201d, Bucure\u015fti 1963; Lyrik-Preis der Stiftung Nikolaus Lenau, Linz-Traun 01.06.1996; \u00dcbersetzerpreis beim XXIII. Festival Lucian Blaga in Sebe\u015f\/Lancr\u0103m, 09-11.05.2003 f\u00fcr Blagas Lyrik-\u00dcbersetzungen ; Jubil\u00e4ums-Diplom Ioan Slavici \u2013 160 (1848-2008), 18.01.2008, Timi\u015foara.<\/p>\n<p style=\"text-align: justify;\">\n","protected":false},"excerpt":{"rendered":"<p>Hans Dama, Mag. et Dr. phil. (*S\u00e2nnicolau-Mare, Banat, Rum\u00e4nien), Studium der Germanistik, Rum\u00e4nistik, P\u00e4dagogik, Geographie und Wirtschaftskunde in Temeswar, Bukarest und Wien. Vormals Rum\u00e4nist am Institut f\u00fcr Romanistik und am Dolmetsch-Institut der Universit\u00e4t Wien. In zahlreichen deutschen, \u00f6sterreichischen, ungarischen, rum\u00e4nischen, &hellip; <a class=\"more-link\" href=\"https:\/\/wp.pop-verlag.com\/?page_id=2700\">Weiterlesen <span class=\"meta-nav\">&rarr;<\/span><\/a><\/p>\n","protected":false},"author":2,"featured_media":0,"parent":664,"menu_order":1,"comment_status":"closed","ping_status":"closed","template":"","meta":{"footnotes":""},"class_list":["post-2700","page","type-page","status-publish","hentry"],"jetpack_sharing_enabled":true,"_links":{"self":[{"href":"https:\/\/wp.pop-verlag.com\/index.php?rest_route=\/wp\/v2\/pages\/2700","targetHints":{"allow":["GET"]}}],"collection":[{"href":"https:\/\/wp.pop-verlag.com\/index.php?rest_route=\/wp\/v2\/pages"}],"about":[{"href":"https:\/\/wp.pop-verlag.com\/index.php?rest_route=\/wp\/v2\/types\/page"}],"author":[{"embeddable":true,"href":"https:\/\/wp.pop-verlag.com\/index.php?rest_route=\/wp\/v2\/users\/2"}],"replies":[{"embeddable":true,"href":"https:\/\/wp.pop-verlag.com\/index.php?rest_route=%2Fwp%2Fv2%2Fcomments&post=2700"}],"version-history":[{"count":4,"href":"https:\/\/wp.pop-verlag.com\/index.php?rest_route=\/wp\/v2\/pages\/2700\/revisions"}],"predecessor-version":[{"id":2705,"href":"https:\/\/wp.pop-verlag.com\/index.php?rest_route=\/wp\/v2\/pages\/2700\/revisions\/2705"}],"up":[{"embeddable":true,"href":"https:\/\/wp.pop-verlag.com\/index.php?rest_route=\/wp\/v2\/pages\/664"}],"wp:attachment":[{"href":"https:\/\/wp.pop-verlag.com\/index.php?rest_route=%2Fwp%2Fv2%2Fmedia&parent=2700"}],"curies":[{"name":"wp","href":"https:\/\/api.w.org\/{rel}","templated":true}]}}