{"id":2620,"date":"2017-12-26T09:28:14","date_gmt":"2017-12-26T09:28:14","guid":{"rendered":"http:\/\/wp.pop-verlag.com\/?page_id=2620"},"modified":"2025-09-26T14:19:07","modified_gmt":"2025-09-26T14:19:07","slug":"edith-konradt","status":"publish","type":"page","link":"https:\/\/wp.pop-verlag.com\/?page_id=2620","title":{"rendered":"Edith Konradt"},"content":{"rendered":"<p style=\"text-align: justify;\"><span style=\"font-family: Times New Roman; font-size: medium;\"><a href=\"http:\/\/wp.pop-verlag.com\/?page_id=2620\"><strong>Edith Konradt<\/strong><\/a>, *1955 Sch\u00e4\u00dfburg\/Rum\u00e4nien, studierte Germanistik, Anglistik und Kunstgeschichte an den Universit\u00e4ten Klausenburg, W\u00fcrzburg und M\u00fcnchen (1982 Magister, 1987 Promotion) und hat seit 1974 zahlreiche journalistische, literarhistorische und literaturkritische Beitr\u00e4ge in Fachzeitschriften und Sammelb\u00e4nden ver\u00f6ffentlicht. 1991 bis 1995 Herausgeberin, Gesch\u00e4ftsf\u00fchrerin und Redakteurin der Zeitschrift f\u00fcr deutsche Literatur und Kultur S\u00fcdosteuropas, \u201eHalbasien\u201c. Buchpublikationen \u00fcber den siebenb\u00fcrgischen Autor Adolf Meschend\u00f6rfer und den experimentellen Lyriker Oskar Pastior. \u00dcbersetzungen aus dem Englischen (Tricia Guild) sowie von Lyrik und Prosa aus dem Rum\u00e4nischen (Rodica Draghincescu, PAPI, Aura Christi, Lucian Dan Teodorovici, Traian Pop Traian).<\/span><\/p>\n<p>Lieferbare Titel von <a href=\"http:\/\/wp.pop-verlag.com\/?page_id=2620\"><strong><span style=\"font-family: Times New Roman; font-size: medium;\">Edith Konradt: <\/span><\/strong><\/a><\/p>\n<ul>\n<li><strong><a href=\"http:\/\/wp.pop-verlag.com\/?p=2685\">Aura Christi: Elegien aus der K\u00e4lte. <\/a><\/strong>Gedichte. Aus dem Rum\u00e4nischen von Edith Konradt. ISBN: 978-3-937139-47-0, 88 Seiten, \u20ac[D]14,50<\/li>\n<li><strong><a href=\"http:\/\/traian.pop-verlag.com\/lucian_dan_teodorovici.htm\">Lucian Dan Teodorovici<\/a>:<\/strong> <strong><a href=\"http:\/\/traian.pop-verlag.com\/978-3-937139-80-7.htm\">Dann ist mir die Hand ausgerutscht.<\/a> <\/strong>Aus dem Rum\u00e4nischen \u00fcbersetzt von <a href=\"http:\/\/traian.pop-verlag.com\/edith_konrad.htm\"> Edith Konradt<\/a>. (EPIK- Sammlung); 206\u00a0Seiten, ISBN: 978-3-937139-80-7; \u20ac[D]15,00<\/li>\n<li><strong><a href=\"http:\/\/wp.pop-verlag.com\/?page_id=2647\">Robert \u015eerban<\/a>: <\/strong>T<a href=\"https:\/\/wp.pop-verlag.com\/?p=7115\">echniken der Tarnung \/ Tehnici de camuflaj.<\/a> Gedichte. Deutsch\/Rum\u00e4nisch. Aus dem Rum\u00e4nischen \u00fcbersetzt von von Edith Konradt. Reihe Lyrik, Bd. 190, ISBN , 169 S., \u20ac[D]21,50<\/li>\n<li>\n<p><a href=\"https:\/\/wp.pop-verlag.com\/?page_id=4939\">Dinu Flamand<\/a>:\u00a0<a href=\"https:\/\/wp.pop-verlag.com\/?p=5084\">Zwischenfrost \/ Frigul intermediar<\/a>. Gedichte. Deutsch \/ Rum\u00e4nisch. Aus dem Rum\u00e4nischen von <a href=\"https:\/\/wp.pop-verlag.com\/?page_id=2620\">Edith Konradt<\/a>. Reihe Lyrik Bd. 144, 273 S., ISBN 978-3-86356-299-1, \u20ac[D]19,50\u00a0<\/p>\n<\/li>\n<li>\n<p><em><a href=\"https:\/\/wp.pop-verlag.com\/?page_id=4939\">Dinu Flamand<\/a><a href=\"https:\/\/wp.pop-verlag.com\/?p=7225\">: Mensch mit geschultertem Ruder<\/a>.<\/em> Gedichte.\u00a0Aus dem Rum\u00e4nischen von <a href=\"https:\/\/wp.pop-verlag.com\/?page_id=2620\">Edith Konradt<\/a>. Mit Illustrationen von Mircia Dumitrescu. Reihe Lyrik Bd. 191, ISBN: 978-3-86356-426-1, 198 S., \u20ac[D]21,50<\/p>\n<\/li>\n<\/ul>\n\n\n<p><\/p>\n","protected":false},"excerpt":{"rendered":"<p>Edith Konradt, *1955 Sch\u00e4\u00dfburg\/Rum\u00e4nien, studierte Germanistik, Anglistik und Kunstgeschichte an den Universit\u00e4ten Klausenburg, W\u00fcrzburg und M\u00fcnchen (1982 Magister, 1987 Promotion) und hat seit 1974 zahlreiche journalistische, literarhistorische und literaturkritische Beitr\u00e4ge in Fachzeitschriften und Sammelb\u00e4nden ver\u00f6ffentlicht. 1991 bis 1995 Herausgeberin, Gesch\u00e4ftsf\u00fchrerin &hellip; <a class=\"more-link\" href=\"https:\/\/wp.pop-verlag.com\/?page_id=2620\">Weiterlesen <span class=\"meta-nav\">&rarr;<\/span><\/a><\/p>\n","protected":false},"author":2,"featured_media":0,"parent":695,"menu_order":5,"comment_status":"closed","ping_status":"closed","template":"","meta":{"footnotes":""},"class_list":["post-2620","page","type-page","status-publish","hentry"],"jetpack_sharing_enabled":true,"_links":{"self":[{"href":"https:\/\/wp.pop-verlag.com\/index.php?rest_route=\/wp\/v2\/pages\/2620","targetHints":{"allow":["GET"]}}],"collection":[{"href":"https:\/\/wp.pop-verlag.com\/index.php?rest_route=\/wp\/v2\/pages"}],"about":[{"href":"https:\/\/wp.pop-verlag.com\/index.php?rest_route=\/wp\/v2\/types\/page"}],"author":[{"embeddable":true,"href":"https:\/\/wp.pop-verlag.com\/index.php?rest_route=\/wp\/v2\/users\/2"}],"replies":[{"embeddable":true,"href":"https:\/\/wp.pop-verlag.com\/index.php?rest_route=%2Fwp%2Fv2%2Fcomments&post=2620"}],"version-history":[{"count":10,"href":"https:\/\/wp.pop-verlag.com\/index.php?rest_route=\/wp\/v2\/pages\/2620\/revisions"}],"predecessor-version":[{"id":7261,"href":"https:\/\/wp.pop-verlag.com\/index.php?rest_route=\/wp\/v2\/pages\/2620\/revisions\/7261"}],"up":[{"embeddable":true,"href":"https:\/\/wp.pop-verlag.com\/index.php?rest_route=\/wp\/v2\/pages\/695"}],"wp:attachment":[{"href":"https:\/\/wp.pop-verlag.com\/index.php?rest_route=%2Fwp%2Fv2%2Fmedia&parent=2620"}],"curies":[{"name":"wp","href":"https:\/\/api.w.org\/{rel}","templated":true}]}}