{"id":2605,"date":"2017-12-24T07:16:02","date_gmt":"2017-12-24T07:16:02","guid":{"rendered":"http:\/\/wp.pop-verlag.com\/?page_id=2605"},"modified":"2018-12-31T10:38:19","modified_gmt":"2018-12-31T10:38:19","slug":"jan-goczol","status":"publish","type":"page","link":"https:\/\/wp.pop-verlag.com\/?page_id=2605","title":{"rendered":"Jan Goczo\u0142"},"content":{"rendered":"<p align=\"JUSTIFY\"><b><span style=\"font-size: medium;\"><img loading=\"lazy\" decoding=\"async\" class=\"alignleft wp-image-2606 size-medium\" src=\"http:\/\/wp.pop-verlag.com\/wp-content\/uploads\/2017\/12\/goczol01-206x300.jpg\" alt=\"goczol01\" width=\"206\" height=\"300\" srcset=\"https:\/\/wp.pop-verlag.com\/wp-content\/uploads\/2017\/12\/goczol01-206x300.jpg 206w, https:\/\/wp.pop-verlag.com\/wp-content\/uploads\/2017\/12\/goczol01-768x1118.jpg 768w, https:\/\/wp.pop-verlag.com\/wp-content\/uploads\/2017\/12\/goczol01-703x1024.jpg 703w, https:\/\/wp.pop-verlag.com\/wp-content\/uploads\/2017\/12\/goczol01.jpg 1002w\" sizes=\"auto, (max-width: 206px) 100vw, 206px\" \/><\/span><\/b><a href=\"https:\/\/wp.pop-verlag.com\/?page_id=2605\"><strong><span style=\"font-size: medium;\">Jan Goczo\u0142<\/span><\/strong><\/a><b><span style=\"font-size: medium;\">,<\/span><\/b><span style=\"font-size: medium;\"> (1934-2018), stammt aus einer alten polnischen schlesischen Familie, die im Dorf Rozmierz in der N\u00e4he von Oppeln, dem heutigen Opole, lebte. Er arbeitete als Buchhalter in verschiedenen Staatsg\u00fctern, als Bahnarbeiter und schlie\u00dflich als Lagerleiter in einer Schuhfabrik. Er studierte Polonistik an der P\u00e4dagogischen Fachhochschule in Opole, ver\u00f6ffentlichte seine ersten Gedichte Anfang der 1960er Jahre und arbeitete als Journalist und Kolumnist f\u00fcr mehrere schlesische Zeitungen. In Polen ver\u00f6ffentlichte er zahlreiche Lyrikb\u00e4nde, seine Gedichte erschienen ferner in Anthologien und Literaturzeitschriften in Bulgarien, Jugoslawien, der \u010cSSR, UdSSR, DDR, BRD und in den USA.<br \/>\n<\/span><\/p>\n<p><span style=\"font-size: medium;\">Lieferbare Titel von <a href=\"https:\/\/wp.pop-verlag.com\/?page_id=2605\"><strong>Jan Goczo\u0142<\/strong><\/a>:<br \/>\n<\/span><\/p>\n<p><span style=\"font-size: medium;\"><a href=\"http:\/\/wp.pop-verlag.com\/?p=2610\"> &#8211; Die abgewandte Seite des Mondes<\/a>, Gedichte. Aus dem Polnischen \u00fcbersetzt von Urszula Usakowska-Wolff und Manfred Wolff und mit einem Nachwort versehen von Urszula Usakowska-Wolff. (LYRIK- Sammlung) 122 Seiten, ISBN: 978-3-937139-48-7.\u20ac [D]18,80.\u00a0<\/span><\/p>\n","protected":false},"excerpt":{"rendered":"<p>Jan Goczo\u0142, (1934-2018), stammt aus einer alten polnischen schlesischen Familie, die im Dorf Rozmierz in der N\u00e4he von Oppeln, dem heutigen Opole, lebte. Er arbeitete als Buchhalter in verschiedenen Staatsg\u00fctern, als Bahnarbeiter und schlie\u00dflich als Lagerleiter in einer Schuhfabrik. Er &hellip; <a class=\"more-link\" href=\"https:\/\/wp.pop-verlag.com\/?page_id=2605\">Weiterlesen <span class=\"meta-nav\">&rarr;<\/span><\/a><\/p>\n","protected":false},"author":2,"featured_media":0,"parent":672,"menu_order":5,"comment_status":"closed","ping_status":"closed","template":"","meta":{"footnotes":""},"class_list":["post-2605","page","type-page","status-publish","hentry"],"jetpack_sharing_enabled":true,"_links":{"self":[{"href":"https:\/\/wp.pop-verlag.com\/index.php?rest_route=\/wp\/v2\/pages\/2605","targetHints":{"allow":["GET"]}}],"collection":[{"href":"https:\/\/wp.pop-verlag.com\/index.php?rest_route=\/wp\/v2\/pages"}],"about":[{"href":"https:\/\/wp.pop-verlag.com\/index.php?rest_route=\/wp\/v2\/types\/page"}],"author":[{"embeddable":true,"href":"https:\/\/wp.pop-verlag.com\/index.php?rest_route=\/wp\/v2\/users\/2"}],"replies":[{"embeddable":true,"href":"https:\/\/wp.pop-verlag.com\/index.php?rest_route=%2Fwp%2Fv2%2Fcomments&post=2605"}],"version-history":[{"count":6,"href":"https:\/\/wp.pop-verlag.com\/index.php?rest_route=\/wp\/v2\/pages\/2605\/revisions"}],"predecessor-version":[{"id":3935,"href":"https:\/\/wp.pop-verlag.com\/index.php?rest_route=\/wp\/v2\/pages\/2605\/revisions\/3935"}],"up":[{"embeddable":true,"href":"https:\/\/wp.pop-verlag.com\/index.php?rest_route=\/wp\/v2\/pages\/672"}],"wp:attachment":[{"href":"https:\/\/wp.pop-verlag.com\/index.php?rest_route=%2Fwp%2Fv2%2Fmedia&parent=2605"}],"curies":[{"name":"wp","href":"https:\/\/api.w.org\/{rel}","templated":true}]}}