{"id":2563,"date":"2017-12-10T18:50:13","date_gmt":"2017-12-10T18:50:13","guid":{"rendered":"http:\/\/wp.pop-verlag.com\/?page_id=2563"},"modified":"2017-12-10T18:50:42","modified_gmt":"2017-12-10T18:50:42","slug":"zsuzsanna-m-veress","status":"publish","type":"page","link":"https:\/\/wp.pop-verlag.com\/?page_id=2563","title":{"rendered":"Zsuzsanna M. Veress"},"content":{"rendered":"<p><a href=\"http:\/\/wp.pop-verlag.com\/?page_id=2563\"><strong>Zsuzsanna M. Veress<\/strong><\/a>, geboren in Lupeni\/Lup\u00e9ny (Rum\u00e4nien), 1946, gestorben 1991 in Timi\u015foara\/Temesv\u00e1r (Rum\u00e4nien). Dichterin und Schriftstellerin. Ein Erz\u00e4hlungsband, ein Roman Baleset (Unfall) und in Zusammenarbeit mit Gy\u00f6rgy Mandics drei Science-Fiction-Romane, ebenfalls zusammen mit Gy\u00f6rgy Mandics ein Lyrikband bzw. ein Erz\u00e4hlungsband.<\/p>\n","protected":false},"excerpt":{"rendered":"<p>Zsuzsanna M. Veress, geboren in Lupeni\/Lup\u00e9ny (Rum\u00e4nien), 1946, gestorben 1991 in Timi\u015foara\/Temesv\u00e1r (Rum\u00e4nien). Dichterin und Schriftstellerin. Ein Erz\u00e4hlungsband, ein Roman Baleset (Unfall) und in Zusammenarbeit mit Gy\u00f6rgy Mandics drei Science-Fiction-Romane, ebenfalls zusammen mit Gy\u00f6rgy Mandics ein Lyrikband bzw. ein Erz\u00e4hlungsband. &hellip; <a class=\"more-link\" href=\"https:\/\/wp.pop-verlag.com\/?page_id=2563\">Weiterlesen <span class=\"meta-nav\">&rarr;<\/span><\/a><\/p>\n","protected":false},"author":2,"featured_media":0,"parent":717,"menu_order":2,"comment_status":"closed","ping_status":"closed","template":"","meta":{"footnotes":""},"class_list":["post-2563","page","type-page","status-publish","hentry"],"jetpack_sharing_enabled":true,"_links":{"self":[{"href":"https:\/\/wp.pop-verlag.com\/index.php?rest_route=\/wp\/v2\/pages\/2563","targetHints":{"allow":["GET"]}}],"collection":[{"href":"https:\/\/wp.pop-verlag.com\/index.php?rest_route=\/wp\/v2\/pages"}],"about":[{"href":"https:\/\/wp.pop-verlag.com\/index.php?rest_route=\/wp\/v2\/types\/page"}],"author":[{"embeddable":true,"href":"https:\/\/wp.pop-verlag.com\/index.php?rest_route=\/wp\/v2\/users\/2"}],"replies":[{"embeddable":true,"href":"https:\/\/wp.pop-verlag.com\/index.php?rest_route=%2Fwp%2Fv2%2Fcomments&post=2563"}],"version-history":[{"count":2,"href":"https:\/\/wp.pop-verlag.com\/index.php?rest_route=\/wp\/v2\/pages\/2563\/revisions"}],"predecessor-version":[{"id":2565,"href":"https:\/\/wp.pop-verlag.com\/index.php?rest_route=\/wp\/v2\/pages\/2563\/revisions\/2565"}],"up":[{"embeddable":true,"href":"https:\/\/wp.pop-verlag.com\/index.php?rest_route=\/wp\/v2\/pages\/717"}],"wp:attachment":[{"href":"https:\/\/wp.pop-verlag.com\/index.php?rest_route=%2Fwp%2Fv2%2Fmedia&parent=2563"}],"curies":[{"name":"wp","href":"https:\/\/api.w.org\/{rel}","templated":true}]}}