{"id":2557,"date":"2017-12-10T18:43:23","date_gmt":"2017-12-10T18:43:23","guid":{"rendered":"http:\/\/wp.pop-verlag.com\/?page_id=2557"},"modified":"2017-12-10T18:43:49","modified_gmt":"2017-12-10T18:43:49","slug":"nana-trapaidse","status":"publish","type":"page","link":"https:\/\/wp.pop-verlag.com\/?page_id=2557","title":{"rendered":"Nana Trapaidse"},"content":{"rendered":"<p><a href=\"http:\/\/wp.pop-verlag.com\/?page_id=2557\"><strong>Nana Trapaidse<\/strong><\/a> wurde 1977 in Batumi geboren. 1999 schloss sie in Batumi ihr Philologie-Studium an der Staatlichen Schota-Rustaweli-Universit\u00e4t ab. 2003 verteidigte sie ihre Antrittsdissertation an der Staatlichen Iwane-Dschawachischwili-Universit\u00e4t in Tbilisi. Seit 2003 arbeitet sie an der Universit\u00e4t in Batumi, an der Geisteswissenschaftlichen Fakult\u00e4t, in der Abteilung Georgische Philologie. An dieser Universit\u00e4t ist sie als au\u00dferordentliche Professorin t\u00e4tig.<br \/>\nNana Trapaidse besch\u00e4ftigt sich mit der Kritik und der Theorie der Literatur und erforscht georgische literarische Prozesse. Au\u00dferdem ver\u00f6ffentlicht sie regelm\u00e4\u00dfig kritische Artikel in den Druckmedien. 2017 wurde sie mit ihrer kritischen Sammlung \u201eLiteratur und Literatur\u201c f\u00fcr den Literatur-Preis \u201eSaba\u201c nominiert.<\/p>\n","protected":false},"excerpt":{"rendered":"<p>Nana Trapaidse wurde 1977 in Batumi geboren. 1999 schloss sie in Batumi ihr Philologie-Studium an der Staatlichen Schota-Rustaweli-Universit\u00e4t ab. 2003 verteidigte sie ihre Antrittsdissertation an der Staatlichen Iwane-Dschawachischwili-Universit\u00e4t in Tbilisi. Seit 2003 arbeitet sie an der Universit\u00e4t in Batumi, an &hellip; <a class=\"more-link\" href=\"https:\/\/wp.pop-verlag.com\/?page_id=2557\">Weiterlesen <span class=\"meta-nav\">&rarr;<\/span><\/a><\/p>\n","protected":false},"author":2,"featured_media":0,"parent":679,"menu_order":4,"comment_status":"closed","ping_status":"closed","template":"","meta":{"footnotes":""},"class_list":["post-2557","page","type-page","status-publish","hentry"],"jetpack_sharing_enabled":true,"_links":{"self":[{"href":"https:\/\/wp.pop-verlag.com\/index.php?rest_route=\/wp\/v2\/pages\/2557","targetHints":{"allow":["GET"]}}],"collection":[{"href":"https:\/\/wp.pop-verlag.com\/index.php?rest_route=\/wp\/v2\/pages"}],"about":[{"href":"https:\/\/wp.pop-verlag.com\/index.php?rest_route=\/wp\/v2\/types\/page"}],"author":[{"embeddable":true,"href":"https:\/\/wp.pop-verlag.com\/index.php?rest_route=\/wp\/v2\/users\/2"}],"replies":[{"embeddable":true,"href":"https:\/\/wp.pop-verlag.com\/index.php?rest_route=%2Fwp%2Fv2%2Fcomments&post=2557"}],"version-history":[{"count":2,"href":"https:\/\/wp.pop-verlag.com\/index.php?rest_route=\/wp\/v2\/pages\/2557\/revisions"}],"predecessor-version":[{"id":2559,"href":"https:\/\/wp.pop-verlag.com\/index.php?rest_route=\/wp\/v2\/pages\/2557\/revisions\/2559"}],"up":[{"embeddable":true,"href":"https:\/\/wp.pop-verlag.com\/index.php?rest_route=\/wp\/v2\/pages\/679"}],"wp:attachment":[{"href":"https:\/\/wp.pop-verlag.com\/index.php?rest_route=%2Fwp%2Fv2%2Fmedia&parent=2557"}],"curies":[{"name":"wp","href":"https:\/\/api.w.org\/{rel}","templated":true}]}}