{"id":2548,"date":"2017-12-10T18:14:56","date_gmt":"2017-12-10T18:14:56","guid":{"rendered":"http:\/\/wp.pop-verlag.com\/?page_id=2548"},"modified":"2017-12-10T18:19:25","modified_gmt":"2017-12-10T18:19:25","slug":"mika-alexidse","status":"publish","type":"page","link":"https:\/\/wp.pop-verlag.com\/?page_id=2548","title":{"rendered":"Mika Alexidse"},"content":{"rendered":"<p><img loading=\"lazy\" decoding=\"async\" class=\"alignleft wp-image-2550 size-medium\" src=\"http:\/\/wp.pop-verlag.com\/wp-content\/uploads\/2017\/12\/Mika-Alexidse-194x300.jpg\" alt=\"Mika Alexidse\" width=\"194\" height=\"300\" srcset=\"https:\/\/wp.pop-verlag.com\/wp-content\/uploads\/2017\/12\/Mika-Alexidse-194x300.jpg 194w, https:\/\/wp.pop-verlag.com\/wp-content\/uploads\/2017\/12\/Mika-Alexidse-768x1187.jpg 768w, https:\/\/wp.pop-verlag.com\/wp-content\/uploads\/2017\/12\/Mika-Alexidse-662x1024.jpg 662w, https:\/\/wp.pop-verlag.com\/wp-content\/uploads\/2017\/12\/Mika-Alexidse.jpg 1528w\" sizes=\"auto, (max-width: 194px) 100vw, 194px\" \/><a href=\"http:\/\/wp.pop-verlag.com\/?page_id=2548\"><strong>Mika Alexidse<\/strong><\/a> wurde am 03. Oktober 1954 in Tbilisi geboren. Seine au\u00dfergew\u00f6hnliche Begabung kam schon im Schulalter zum Vorschein. Er spielte Schach und stand im Finale der Meisterschaften in Tbilisi. Gleichzeitig war er ein bekannter Wasserballer mit Perspektive. Seinen ersten Kampf f\u00fcr die Menschenrechte und gegen die kollektive Erniedrigung in den zwischenmenschlichen Beziehungen im Sowjetsystem hatte er verloren und der Siebzehnj\u00e4hrige wurde 1971 zu zehn Jahren Freiheitsstrafe verurteilt: Sieben davon im Gef\u00e4ngnis und drei auf Bew\u00e4hrung. Im Gef\u00e4ngnis begann Mika Alexidse mit dem Schreiben von\u00a0 Erz\u00e4hlungen, Gedichten und Essays. Nach der Gef\u00e4ngnisstrafe setzte er seine T\u00e4tigkeit als Schriftsteller noch intensiver fort. Da er schon vorbestraft war, bekam er keine Anstellung. Er ver\u00f6ffentlichte dennoch regelm\u00e4\u00dfig literarische Texte in renommierten Tbiliser Zeitschriften. 1981-1986 studierte er am Institut f\u00fcr Kinematografie in Moskau B\u00fchnen- und Filmwissenschaft. 1985 wurde in Tbilisi sein erstes und zu seinen Lebzeiten letztes Buch herausgegeben. In den 90er-Jahren, einige Jahre vor dem Zerfall der Sowjetunion, schloss sich Mika Alexidse der nationalen Unabh\u00e4ngigkeitsbewegung in Georgien an und nahm an zahlreichen Demonstrationen und Hungerstreiks teil. Am 24. Oktober 1994 starb Mika Alexidse an einem Herzversagen.<\/p>\n<p>Lieferbare Titel von<strong> <a href=\"http:\/\/wp.pop-verlag.com\/?page_id=2548\">Mika Alexidse<\/a>:<br \/>\n<\/strong><\/p>\n<ul>\n<li><strong><a href=\"http:\/\/wp.pop-verlag.com\/?p=2543\">Man spricht nicht \u00fcber den Tod<\/a>.\u00a0 <\/strong>Erz\u00e4hlungen. Nach einer Auswahl von Dato Barbakadse und mit einem Vorwort von Nana Trapaidse. \u00dcbersetzung aus dem Georgischen von Maja Lisowski. Kaukasische Bibliothek.\u00a0Hrsg. <a href=\"http:\/\/wp.pop-verlag.com\/?page_id=1216\">Uli Rothfuss<\/a> und <a href=\"http:\/\/wp.pop-verlag.com\/?page_id=2088\">Traian Pop<\/a>. Band 18. (Georgien). Epik Reihe, 173 Seiten, ISBN 978-3-86356-172-7. \u20ac [D]18,20<strong><br \/>\n<\/strong><\/li>\n<\/ul>\n","protected":false},"excerpt":{"rendered":"<p>Mika Alexidse wurde am 03. Oktober 1954 in Tbilisi geboren. Seine au\u00dfergew\u00f6hnliche Begabung kam schon im Schulalter zum Vorschein. Er spielte Schach und stand im Finale der Meisterschaften in Tbilisi. Gleichzeitig war er ein bekannter Wasserballer mit Perspektive. Seinen ersten &hellip; <a class=\"more-link\" href=\"https:\/\/wp.pop-verlag.com\/?page_id=2548\">Weiterlesen <span class=\"meta-nav\">&rarr;<\/span><\/a><\/p>\n","protected":false},"author":2,"featured_media":0,"parent":658,"menu_order":2,"comment_status":"closed","ping_status":"closed","template":"","meta":{"footnotes":""},"class_list":["post-2548","page","type-page","status-publish","hentry"],"jetpack_sharing_enabled":true,"_links":{"self":[{"href":"https:\/\/wp.pop-verlag.com\/index.php?rest_route=\/wp\/v2\/pages\/2548","targetHints":{"allow":["GET"]}}],"collection":[{"href":"https:\/\/wp.pop-verlag.com\/index.php?rest_route=\/wp\/v2\/pages"}],"about":[{"href":"https:\/\/wp.pop-verlag.com\/index.php?rest_route=\/wp\/v2\/types\/page"}],"author":[{"embeddable":true,"href":"https:\/\/wp.pop-verlag.com\/index.php?rest_route=\/wp\/v2\/users\/2"}],"replies":[{"embeddable":true,"href":"https:\/\/wp.pop-verlag.com\/index.php?rest_route=%2Fwp%2Fv2%2Fcomments&post=2548"}],"version-history":[{"count":3,"href":"https:\/\/wp.pop-verlag.com\/index.php?rest_route=\/wp\/v2\/pages\/2548\/revisions"}],"predecessor-version":[{"id":2552,"href":"https:\/\/wp.pop-verlag.com\/index.php?rest_route=\/wp\/v2\/pages\/2548\/revisions\/2552"}],"up":[{"embeddable":true,"href":"https:\/\/wp.pop-verlag.com\/index.php?rest_route=\/wp\/v2\/pages\/658"}],"wp:attachment":[{"href":"https:\/\/wp.pop-verlag.com\/index.php?rest_route=%2Fwp%2Fv2%2Fmedia&parent=2548"}],"curies":[{"name":"wp","href":"https:\/\/api.w.org\/{rel}","templated":true}]}}