{"id":2521,"date":"2017-12-02T16:25:44","date_gmt":"2017-12-02T16:25:44","guid":{"rendered":"http:\/\/wp.pop-verlag.com\/?page_id=2521"},"modified":"2020-03-30T15:41:28","modified_gmt":"2020-03-30T15:41:28","slug":"micho-mossulischwili","status":"publish","type":"page","link":"https:\/\/wp.pop-verlag.com\/?page_id=2521","title":{"rendered":"Micho Mossulischwili"},"content":{"rendered":"<p><strong><img loading=\"lazy\" decoding=\"async\" class=\"alignleft wp-image-2523 size-medium\" src=\"http:\/\/wp.pop-verlag.com\/wp-content\/uploads\/2017\/12\/24008571_1500825813328574_775573201_n-300x235.jpg\" alt=\"24008571_1500825813328574_775573201_n\" width=\"300\" height=\"235\" srcset=\"https:\/\/wp.pop-verlag.com\/wp-content\/uploads\/2017\/12\/24008571_1500825813328574_775573201_n-300x235.jpg 300w, https:\/\/wp.pop-verlag.com\/wp-content\/uploads\/2017\/12\/24008571_1500825813328574_775573201_n-383x300.jpg 383w, https:\/\/wp.pop-verlag.com\/wp-content\/uploads\/2017\/12\/24008571_1500825813328574_775573201_n.jpg 613w\" sizes=\"auto, (max-width: 300px) 100vw, 300px\" \/>Micho Mossulischwili (Mosulishvili)<\/strong>, *1962 in Araschenda, Ostgeorgien. Studium der Geologie an der Staatlichen Universit\u00e4t Tiflis mit dem Nebenfach Kinodramaturgie. Geologe, Pressekorrespondent, Redakteur bei verschiedenen literarischen Zeitschriften.<br \/>\nMicho Mossulischwili ver\u00f6ffentlichte als Autor in Georgien bislang mehr als 30 B\u00fccher (Erz\u00e4hlungen, Romane und B\u00fchnenst\u00fccke). Dazu hat er u.a. drei Romane von Boris Akunin aus dem Russischen ins Georgische \u00fcbersetzt. Seine B\u00fchnenst\u00fccke werden von den georgischen Theatern, im Rundfunk und im Fernsehen aufgef\u00fchrt. Viele seiner Werke wurden mit Preisen ausgezeichnet und u.a. ins Deutsche, Englische, Japanische und Russische \u00fcbersetzt.<\/p>\n<p><a href=\"https:\/\/www.youtube.com\/playlist?list=PLNtIzBUuDDHhie8Ul2F-NOkQGOEf-TNqj&amp;fbclid=IwAR1MLMH8qpefjuJJ6uDYZsoZLtaKaT1wghEJtg-OzvEGJ_lx5O7yVD4WbDw\"><span class=\"style-scope yt-formatted-string\" dir=\"auto\">Die Pr\u00e4sentation des Buches &#8222;Schw\u00e4ne im Schnee&#8220; von Micho Mossulischwili mit Joachim Britze auf der Frankfurter Buchmesse<\/span><\/a><\/p>\n<p>Lieferbare Titel von<strong> <a href=\"http:\/\/wp.pop-verlag.com\/?page_id=2521\">Micho Mossulischwili<\/a>:<\/strong><\/p>\n<ul>\n<li><strong><a href=\"http:\/\/wp.pop-verlag.com\/?p=2480\">Schw\u00e4ne im Schnee<\/a>. <\/strong>\u00dcbersetzung aus dem Georgischen von<a href=\"http:\/\/wp.pop-verlag.com\/?page_id=2485\"> Irma Schiolaschwili<\/a> und <a href=\"http:\/\/wp.pop-verlag.com\/?page_id=2494\">Joachim Britze.<\/a>Kaukasische Bibliothek.\u00a0Hrsg. <a href=\"http:\/\/wp.pop-verlag.com\/?page_id=1216\">Uli Rothfuss<\/a> und <a href=\"http:\/\/wp.pop-verlag.com\/?page_id=2088\">Traian Pop<\/a>. Band 16.(Georgien).Epik Reihe, 140 Seiten, ISBN 978-3-86356-170-3, \u20ac [D]17,80<\/li>\n<\/ul>\n<p>&nbsp;<\/p>\n<p>&nbsp;<\/p>\n","protected":false},"excerpt":{"rendered":"<p>Micho Mossulischwili (Mosulishvili), *1962 in Araschenda, Ostgeorgien. Studium der Geologie an der Staatlichen Universit\u00e4t Tiflis mit dem Nebenfach Kinodramaturgie. Geologe, Pressekorrespondent, Redakteur bei verschiedenen literarischen Zeitschriften. Micho Mossulischwili ver\u00f6ffentlichte als Autor in Georgien bislang mehr als 30 B\u00fccher (Erz\u00e4hlungen, Romane &hellip; <a class=\"more-link\" href=\"https:\/\/wp.pop-verlag.com\/?page_id=2521\">Weiterlesen <span class=\"meta-nav\">&rarr;<\/span><\/a><\/p>\n","protected":false},"author":2,"featured_media":0,"parent":700,"menu_order":4,"comment_status":"closed","ping_status":"closed","template":"","meta":{"footnotes":""},"class_list":["post-2521","page","type-page","status-publish","hentry"],"jetpack_sharing_enabled":true,"_links":{"self":[{"href":"https:\/\/wp.pop-verlag.com\/index.php?rest_route=\/wp\/v2\/pages\/2521","targetHints":{"allow":["GET"]}}],"collection":[{"href":"https:\/\/wp.pop-verlag.com\/index.php?rest_route=\/wp\/v2\/pages"}],"about":[{"href":"https:\/\/wp.pop-verlag.com\/index.php?rest_route=\/wp\/v2\/types\/page"}],"author":[{"embeddable":true,"href":"https:\/\/wp.pop-verlag.com\/index.php?rest_route=\/wp\/v2\/users\/2"}],"replies":[{"embeddable":true,"href":"https:\/\/wp.pop-verlag.com\/index.php?rest_route=%2Fwp%2Fv2%2Fcomments&post=2521"}],"version-history":[{"count":5,"href":"https:\/\/wp.pop-verlag.com\/index.php?rest_route=\/wp\/v2\/pages\/2521\/revisions"}],"predecessor-version":[{"id":4929,"href":"https:\/\/wp.pop-verlag.com\/index.php?rest_route=\/wp\/v2\/pages\/2521\/revisions\/4929"}],"up":[{"embeddable":true,"href":"https:\/\/wp.pop-verlag.com\/index.php?rest_route=\/wp\/v2\/pages\/700"}],"wp:attachment":[{"href":"https:\/\/wp.pop-verlag.com\/index.php?rest_route=%2Fwp%2Fv2%2Fmedia&parent=2521"}],"curies":[{"name":"wp","href":"https:\/\/api.w.org\/{rel}","templated":true}]}}