{"id":25,"date":"2015-04-27T08:45:09","date_gmt":"2015-04-27T08:45:09","guid":{"rendered":"http:\/\/wp.pop-verlag.com\/?page_id=25"},"modified":"2018-05-15T17:00:50","modified_gmt":"2018-05-15T17:00:50","slug":"impressum","status":"publish","type":"page","link":"https:\/\/wp.pop-verlag.com\/?page_id=25","title":{"rendered":"Impressum"},"content":{"rendered":"<div class=\"copytext\">\n<h3>Angaben gem\u00e4\u00df \u00a7 5 TMG<\/h3>\n<p>Pop Verlag Ludwigsburg<br \/>\nGesch\u00e4ftsf\u00fchrer: Traian Pop<br \/>\nPop Verlag, Stuttgarter Str. 98, 71638 Ludwigsburg<\/p>\n<h3>Kontakt<\/h3>\n<p>Tel. +49 7141\/920317<br \/>\nFax + 49 7141\/970284<\/p>\n<p>Mail: t.pop@pop-verlag.com<\/p>\n<h3>Umsatzsteuer<\/h3>\n<p>Umsatzsteuer-Identifikationsnummer gem\u00e4\u00df \u00a727 a Umsatzsteuergesetz:<br \/>\nDE 238173595<\/p>\n<h3>Verantwortlich f\u00fcr den Inhalt nach \u00a7 55 Abs. 2 RStV<\/h3>\n<p>Traian Pop<br \/>\nPop Verlag, Stuttgarter Str. 98, 71638 Ludwigsburg<\/p>\n<h3>Streitschlichtung<\/h3>\n<p>Die Europ\u00e4ische Kommission stellt eine Plattform zur Online- Streitbeilegung (OS) bereit: <a href=\"https:\/\/ec.europa.eu\/consumers\/odr\" target=\"_blank\">https:\/\/ec.europa.eu\/consumers\/odr<\/a>.<br \/>\nUnsere E-Mail-Adresse finden Sie oben im Impressum.<\/p>\n<p>Wir sind nicht bereit oder verpflichtet, an Streitbeilegungsverfahren vor einer Verbraucherschlichtungsstelle teilzunehmen.<\/p>\n<\/div>\n<h3><strong>Rechtshinweis:<\/strong><\/h3>\n<p>Bei direkten oder indirekten Verweisen auf fremde Internetseiten (&#8222;Links&#8220;), die au\u00dferhalb des Verantwortungsbereiches der Pop Verlag Ludwigsburg liegen, \u00fcbernimmt Pop Verlag keine Haftung.<\/p>\n<p>Soweit der Pop Verlag von den Inhalten Kenntnis hat und es ihm technisch m\u00f6glich und zumutbar ist, wird er die Verbindung mit rechtswidrigen Inhalten verhindern.<\/p>\n<p>Pop Verlag hat keinerlei Einfluss auf die aktuelle und zuk\u00fcnftige Gestaltung und auf die Inhalte der gelinkten\/verkn\u00fcpften Seiten. Dieser Haftungsausschluss gilt f\u00fcr alle innerhalb des eigenen Internetangebotes gesetzten Links und Verweise sowie f\u00fcr Fremdeintr\u00e4ge in von der Pop Verlag eingerichteten Guestbooks, Diskussionsforen oder Newslettern.<\/p>\n<p>F\u00fcr illegale, fehlerhafte oder unvollst\u00e4ndige Inhalte und insbesondere f\u00fcr Sch\u00e4den, die aus der Nutzung oder Nichtnutzung solcherart dargebotener Informationen entstehen, haftet allein der Anbieter der Seite, auf welche verwiesen wurde, nicht derjenige, der \u00fcber Links auf die jeweilige Ver\u00f6ffentlichung lediglich verweist.<\/p>\n","protected":false},"excerpt":{"rendered":"<p>Angaben gem\u00e4\u00df \u00a7 5 TMG Pop Verlag Ludwigsburg Gesch\u00e4ftsf\u00fchrer: Traian Pop Pop Verlag, Stuttgarter Str. 98, 71638 Ludwigsburg Kontakt Tel. +49 7141\/920317 Fax + 49 7141\/970284 Mail: t.pop@pop-verlag.com Umsatzsteuer Umsatzsteuer-Identifikationsnummer gem\u00e4\u00df \u00a727 a Umsatzsteuergesetz: DE 238173595 Verantwortlich f\u00fcr den Inhalt &hellip; <a class=\"more-link\" href=\"https:\/\/wp.pop-verlag.com\/?page_id=25\">Weiterlesen <span class=\"meta-nav\">&rarr;<\/span><\/a><\/p>\n","protected":false},"author":1,"featured_media":0,"parent":0,"menu_order":11,"comment_status":"closed","ping_status":"closed","template":"","meta":{"footnotes":""},"class_list":["post-25","page","type-page","status-publish","hentry"],"jetpack_sharing_enabled":true,"_links":{"self":[{"href":"https:\/\/wp.pop-verlag.com\/index.php?rest_route=\/wp\/v2\/pages\/25","targetHints":{"allow":["GET"]}}],"collection":[{"href":"https:\/\/wp.pop-verlag.com\/index.php?rest_route=\/wp\/v2\/pages"}],"about":[{"href":"https:\/\/wp.pop-verlag.com\/index.php?rest_route=\/wp\/v2\/types\/page"}],"author":[{"embeddable":true,"href":"https:\/\/wp.pop-verlag.com\/index.php?rest_route=\/wp\/v2\/users\/1"}],"replies":[{"embeddable":true,"href":"https:\/\/wp.pop-verlag.com\/index.php?rest_route=%2Fwp%2Fv2%2Fcomments&post=25"}],"version-history":[{"count":7,"href":"https:\/\/wp.pop-verlag.com\/index.php?rest_route=\/wp\/v2\/pages\/25\/revisions"}],"predecessor-version":[{"id":3143,"href":"https:\/\/wp.pop-verlag.com\/index.php?rest_route=\/wp\/v2\/pages\/25\/revisions\/3143"}],"wp:attachment":[{"href":"https:\/\/wp.pop-verlag.com\/index.php?rest_route=%2Fwp%2Fv2%2Fmedia&parent=25"}],"curies":[{"name":"wp","href":"https:\/\/api.w.org\/{rel}","templated":true}]}}