{"id":2494,"date":"2017-12-02T16:02:13","date_gmt":"2017-12-02T16:02:13","guid":{"rendered":"http:\/\/wp.pop-verlag.com\/?page_id=2494"},"modified":"2017-12-02T16:17:45","modified_gmt":"2017-12-02T16:17:45","slug":"joachim-britze","status":"publish","type":"page","link":"https:\/\/wp.pop-verlag.com\/?page_id=2494","title":{"rendered":"Joachim Britze"},"content":{"rendered":"<p><a href=\"http:\/\/wp.pop-verlag.com\/?page_id=2494\"><strong>Joachim Britze<\/strong><\/a>, *1963, ist Philologe (Slawistik, Japanologie) und \u00dcbersetzer. Nach russischen und serbokroatischen \u00dcbersetzungen besch\u00e4ftigt er sich zunehmend mit der georgischen Sprache und Literatur. Zahlreiche Aufenthalte in Georgien, Russland und auf dem Balkan haben sein Hintergrundwissen erweitert und vertieft.<\/p>\n<p>Lieferbare Titel von <a href=\"http:\/\/wp.pop-verlag.com\/?page_id=2494\"><strong>Joachim Britze<\/strong><\/a>:<\/p>\n<ul>\n<li><strong><a href=\"http:\/\/wp.pop-verlag.com\/?page_id=2485\">Irma Shiolashvili<\/a>: <a href=\"http:\/\/wp.pop-verlag.com\/?p=2489\"><em>Eine Br\u00fccke aus bunten Bl\u00e4ttern<\/em><\/a><\/strong> Gedichte.\u00a0 \u00dcbersetzungen von <strong><a href=\"http:\/\/wp.pop-verlag.com\/?page_id=2499\">Agnes Giesbrecht-Gossen<\/a>, <a href=\"http:\/\/wp.pop-verlag.com\/?page_id=2503\">Irma Be<\/a><\/strong><strong>rscheid-Kimeridze, <\/strong><strong><a href=\"http:\/\/wp.pop-verlag.com\/?page_id=2507\">Heide Rieck<\/a>, <a href=\"http:\/\/wp.pop-verlag.com\/?page_id=2510\">Thomas Berscheid <\/a><\/strong>und<strong><a href=\"http:\/\/wp.pop-verlag.com\/?page_id=2494\"> Joachim Britze.<\/a><\/strong> Kaukasische Bibliothek Band 3 . Hrsg. <strong>Uli Rothfuss<\/strong><strong> .\u00a0<\/strong> (Lyrik- Sammlung) 84 S. ISBN: 978-3-86356-025-6, \u20ac [D] 12,80\u2013 \u20ac [AT] 12,80\u2013 SFr [CH] 18,\u2013<\/li>\n<\/ul>\n","protected":false},"excerpt":{"rendered":"<p>Joachim Britze, *1963, ist Philologe (Slawistik, Japanologie) und \u00dcbersetzer. Nach russischen und serbokroatischen \u00dcbersetzungen besch\u00e4ftigt er sich zunehmend mit der georgischen Sprache und Literatur. Zahlreiche Aufenthalte in Georgien, Russland und auf dem Balkan haben sein Hintergrundwissen erweitert und vertieft. Lieferbare &hellip; <a class=\"more-link\" href=\"https:\/\/wp.pop-verlag.com\/?page_id=2494\">Weiterlesen <span class=\"meta-nav\">&rarr;<\/span><\/a><\/p>\n","protected":false},"author":2,"featured_media":0,"parent":660,"menu_order":8,"comment_status":"closed","ping_status":"closed","template":"","meta":{"footnotes":""},"class_list":["post-2494","page","type-page","status-publish","hentry"],"jetpack_sharing_enabled":true,"_links":{"self":[{"href":"https:\/\/wp.pop-verlag.com\/index.php?rest_route=\/wp\/v2\/pages\/2494","targetHints":{"allow":["GET"]}}],"collection":[{"href":"https:\/\/wp.pop-verlag.com\/index.php?rest_route=\/wp\/v2\/pages"}],"about":[{"href":"https:\/\/wp.pop-verlag.com\/index.php?rest_route=\/wp\/v2\/types\/page"}],"author":[{"embeddable":true,"href":"https:\/\/wp.pop-verlag.com\/index.php?rest_route=\/wp\/v2\/users\/2"}],"replies":[{"embeddable":true,"href":"https:\/\/wp.pop-verlag.com\/index.php?rest_route=%2Fwp%2Fv2%2Fcomments&post=2494"}],"version-history":[{"count":5,"href":"https:\/\/wp.pop-verlag.com\/index.php?rest_route=\/wp\/v2\/pages\/2494\/revisions"}],"predecessor-version":[{"id":2516,"href":"https:\/\/wp.pop-verlag.com\/index.php?rest_route=\/wp\/v2\/pages\/2494\/revisions\/2516"}],"up":[{"embeddable":true,"href":"https:\/\/wp.pop-verlag.com\/index.php?rest_route=\/wp\/v2\/pages\/660"}],"wp:attachment":[{"href":"https:\/\/wp.pop-verlag.com\/index.php?rest_route=%2Fwp%2Fv2%2Fmedia&parent=2494"}],"curies":[{"name":"wp","href":"https:\/\/api.w.org\/{rel}","templated":true}]}}