{"id":2485,"date":"2017-12-02T15:54:27","date_gmt":"2017-12-02T15:54:27","guid":{"rendered":"http:\/\/wp.pop-verlag.com\/?page_id=2485"},"modified":"2020-04-04T15:17:48","modified_gmt":"2020-04-04T15:17:48","slug":"irma-schiolaschwili-2","status":"publish","type":"page","link":"https:\/\/wp.pop-verlag.com\/?page_id=2485","title":{"rendered":"Irma Schiolaschwili"},"content":{"rendered":"<p><img loading=\"lazy\" decoding=\"async\" class=\"alignleft wp-image-2486 size-medium\" src=\"http:\/\/wp.pop-verlag.com\/wp-content\/uploads\/2017\/12\/irmabild-161x300.gif\" alt=\"Irma S\" width=\"161\" height=\"300\" \/><a href=\"http:\/\/wp.pop-verlag.com\/?page_id=2485\"><strong>Irma Schiolaschwili<\/strong><\/a>, *1974, in Dedopliszkaro (Georgien),<br \/>\nDichterin. Sie schrieb bereits w\u00e4hrend ihrer Schulzeit Gedichte, die in verschiedenen literarischen Zeitschriften ver\u00f6ffentlicht wurden. Von 1991-1996 studierte sie an der Universit\u00e4t Tiflis Journalistik. Nebenbei arbeitete sie in der Kulturabteilung des staatlichen Fernsehens, wo sie Fernsehsendungen \u00fcber zeitgen\u00f6ssische georgische Schriftsteller produzierte. 1999 ging sie nach Deutschland und studierte in Bonn f\u00fcr ihre Dissertation \u00fcber deutsche und georgische politische Nachkriegslyrik, mit der sie 2005 promovierte. Ihr erstes Buch \u201eNichtexistierendes Wort\u201c wurde in Tiflis im Verlag \u201eMerani\u201c 1992 ver\u00f6ffentlicht. Im Jahre 1995 wurde sie eines der j\u00fcngsten Mitglieder des georgischen Schriftstellerverbandes. In die Europ\u00e4ische Autorenvereinigung \u201eDie Kogge\u201c wurde sie 2007 aufgenommen. Es folgten weitere Buchver\u00f6ffentlichungen in Georgien: \u201eDer Blaue Bogen\u201c (1996), \u201eSpur der Tr\u00e4ne\u201c (2002), \u201eEine Br\u00fccke aus bunten Bl\u00e4ttern\u201c (2009), \u201eMontag\u201c (2013). 2012 wurde ihr Buch \u201eEine Br\u00fccke aus bunten Bl\u00e4ttern\u201c in Deutschland ver\u00f6ffentlicht (Pop-Verlag Ludwigsburg, Kaukasische Bibliothek, Band 3). Ihre Gedichte wurden ins Russische, Englische und Franz\u00f6sische \u00fcbersetzt. Irma Schiolaschwili wohnt in Bonn und arbeitet als Journalistin und Dozentin.<\/p>\n<p>Lieferbare Titel von <a href=\"http:\/\/wp.pop-verlag.com\/?page_id=2485\"><strong>Irma Shiolashvili<\/strong><\/a><\/p>\n<ul>\n<li><a href=\"http:\/\/wp.pop-verlag.com\/?p=2489\">\u201eEine Br\u00fccke aus bunten Bl\u00e4ttern\u201c. <\/a>Gedichte. Aus dem Georgischen \u00fcbersetzt von Agnes Giesbrecht-Gossen, Irma Berscheid-Kimeridze, Heide Rieck, Thomas Berstein und Joachim Britze.Kaukasische Bibliothek, Band 3.Hrsg. Uli Rothfuss.84 Seiten, ISBN 978-3-86356-025-6, \u20ac[D]12,80<\/li>\n<li>\u201e<strong><a href=\"http:\/\/wp.pop-verlag.com\/?p=1075\">Ich aber will dem Kaukasos zu..<\/a><\/strong>.\u201c Eine Anthologie georgischer Lyrik. Nach einer Auswahl von Nino Popiaschwili. <span class=\"st\">Buch mit Audio-CD. <\/span>Kaukasische Bibliothek, Band 9. ISBN 978-3-86356-124-6, 578 Seiten, \u20ac [D]35,50<\/li>\n<li><strong><a href=\"http:\/\/wp.pop-verlag.com\/?p=2914\">Kopf\u00fcber \/ \u10d7\u10d0\u10d5\u10d3\u10d0\u10e7\u10d8\u10e0\u10d0<\/a><a href=\"http:\/\/wp.pop-verlag.com\/?p=2914\">. <\/a><\/strong>Nachgedichtet von <a href=\"http:\/\/wp.pop-verlag.com\/?page_id=2921\">Sabine Schiffner. <\/a>Deutsch \u2013 Georgisch. Kaukasische Bibliothek.\u00a0Hrsg. <a href=\"http:\/\/wp.pop-verlag.com\/?page_id=1216\">Uli Rothfuss<\/a> und <a href=\"http:\/\/wp.pop-verlag.com\/?page_id=2088\">Traian Pop<\/a>. Band 19. (Georgien); Lyrik, 92 Seiten,\u00a0ISBN 978-3-86356-222-9, \u20ac [D]16,50<\/li>\n<li><a href=\"http:\/\/wp.pop-verlag.com\/?page_id=2485\"><strong>Irma Shiolashvili<\/strong><\/a>: <a href=\"http:\/\/wp.pop-verlag.com\/?p=3117\"><strong>Kopf\u00fcber.\u00a0<\/strong><\/a>Nachgedichtet von <a href=\"http:\/\/wp.pop-verlag.com\/?page_id=2921\">Sabine Schiffner<\/a><br \/>\nLyrik, 52 Seiten,\u00a0ISBN 978-3-86356-223-6 \u20ac [D]12,80<\/li>\n<li><strong>Ich bin viele. Frauenstimmen aus Georgien. <\/strong>Herausgegeben von Manana Tandaschwili<br \/>\nund <a href=\"http:\/\/wp.pop-verlag.com\/?page_id=2485\"><strong>Irma Shiolashvili.\u00a0<\/strong><\/a>Aus dem Georgischen \u00fcbersetzt von <a href=\"http:\/\/wp.pop-verlag.com\/?page_id=2485\"><strong>Irma Shiolashvili.\u00a0<\/strong><\/a>Nachgedichtet von <a href=\"http:\/\/wp.pop-verlag.com\/?page_id=2921\">Sabine Schiffner. <\/a>Kaukasische Bibliothek.\u00a0Hrsg. <a href=\"http:\/\/wp.pop-verlag.com\/?page_id=1216\">Uli Rothfuss<\/a> und <a href=\"http:\/\/wp.pop-verlag.com\/?page_id=2088\">Traian Pop<\/a>. Band 24. Lyrik, 104 Seiten, ISBN 978-3-86356-230-4; \u20ac [D]16,50. \u2022 Nana Akobidze \/ \u10dc\u10d0\u10dc\u10d0 \u10d0\u10d9\u10dd\u10d1\u10d8\u10eb\u10d4 \u2022 Kato Dschawachischwili \/ \u10d9\u10d0\u10e2\u10dd \u10ef\u10d0\u10d5\u10d0\u10ee\u10d8\u10e8\u10d5\u10d8\u10da\u10d8 \u2022 Ela Gotschiaschwili \/ \u10d4\u10da\u10d0 \u10d2\u10dd\u10e9\u10d8\u10d0\u10e8\u10d5\u10d8\u10da\u10d8 \u2022 Rusudan Kaischauri \/ \u10e0\u10e3\u10e1\u10e3\u10d3\u10d0\u10dc \u10d9\u10d0\u10d8\u10e8\u10d0\u10e3\u10e0\u10d8 \u2022 Eka Kewanischwili \/ \u10d4\u10d9\u10d0 \u10e5\u10d4\u10d5\u10d0\u10dc\u10d8\u10e8\u10d5\u10d8\u10da\u10d8 \u2022 Lia Likokeli \/ \u10da\u10d8\u10d0 \u10da\u10d8\u10e5\u10dd\u10d9\u10d4\u10da\u10d8 \u2022 Nino Sadghobelaschwili \/ \u10dc\u10d8\u10dc\u10dd \u10e1\u10d0\u10d3\u10e6\u10dd\u10d1\u10d4\u10da\u10d0\u10e8\u10d5\u10d8\u10da\u10d8 \u2022 Lela Samniaschwili \/ \u10da\u10d4\u10da\u10d0 \u10e1\u10d0\u10db\u10dc\u10d8\u10d0\u10e8\u10d5\u10d8\u10da\u10d8 \u2022 Irma Schiolaschwili \/ \u10d8\u10e0\u10db\u10d0 \u10e8\u10d8\u10dd\u10da\u10d0\u10e8\u10d5\u10d8\u10da\u10d8 \u2022 Tea Topuria \/ \u10d7\u10d4\u10d0 \u10d7\u10dd\u10e4\u10e3\u10e0\u10d8\u10d0 \u2022 Mariam Ziklauri \/ \u10db\u10d0\u10e0\u10d8\u10d0\u10db \u10ec\u10d8\u10d9\u10da\u10d0\u10e3\u10e0\u10d8 \u2022 Lela Zuzkiridze \/ \u10da\u10d4\u10da\u10d0 \u10ea\u10e3\u10ea\u10e5\u10d8\u10e0\u10d8\u10eb\u10d4 \u2022<\/li>\n<\/ul>\n","protected":false},"excerpt":{"rendered":"<p>Irma Schiolaschwili, *1974, in Dedopliszkaro (Georgien), Dichterin. Sie schrieb bereits w\u00e4hrend ihrer Schulzeit Gedichte, die in verschiedenen literarischen Zeitschriften ver\u00f6ffentlicht wurden. Von 1991-1996 studierte sie an der Universit\u00e4t Tiflis Journalistik. Nebenbei arbeitete sie in der Kulturabteilung des staatlichen Fernsehens, wo &hellip; <a class=\"more-link\" href=\"https:\/\/wp.pop-verlag.com\/?page_id=2485\">Weiterlesen <span class=\"meta-nav\">&rarr;<\/span><\/a><\/p>\n","protected":false},"author":2,"featured_media":0,"parent":712,"menu_order":2,"comment_status":"closed","ping_status":"closed","template":"","meta":{"footnotes":""},"class_list":["post-2485","page","type-page","status-publish","hentry"],"jetpack_sharing_enabled":true,"_links":{"self":[{"href":"https:\/\/wp.pop-verlag.com\/index.php?rest_route=\/wp\/v2\/pages\/2485","targetHints":{"allow":["GET"]}}],"collection":[{"href":"https:\/\/wp.pop-verlag.com\/index.php?rest_route=\/wp\/v2\/pages"}],"about":[{"href":"https:\/\/wp.pop-verlag.com\/index.php?rest_route=\/wp\/v2\/types\/page"}],"author":[{"embeddable":true,"href":"https:\/\/wp.pop-verlag.com\/index.php?rest_route=\/wp\/v2\/users\/2"}],"replies":[{"embeddable":true,"href":"https:\/\/wp.pop-verlag.com\/index.php?rest_route=%2Fwp%2Fv2%2Fcomments&post=2485"}],"version-history":[{"count":6,"href":"https:\/\/wp.pop-verlag.com\/index.php?rest_route=\/wp\/v2\/pages\/2485\/revisions"}],"predecessor-version":[{"id":4972,"href":"https:\/\/wp.pop-verlag.com\/index.php?rest_route=\/wp\/v2\/pages\/2485\/revisions\/4972"}],"up":[{"embeddable":true,"href":"https:\/\/wp.pop-verlag.com\/index.php?rest_route=\/wp\/v2\/pages\/712"}],"wp:attachment":[{"href":"https:\/\/wp.pop-verlag.com\/index.php?rest_route=%2Fwp%2Fv2%2Fmedia&parent=2485"}],"curies":[{"name":"wp","href":"https:\/\/api.w.org\/{rel}","templated":true}]}}