{"id":2450,"date":"2017-11-30T18:49:43","date_gmt":"2017-11-30T18:49:43","guid":{"rendered":"http:\/\/wp.pop-verlag.com\/?page_id=2450"},"modified":"2017-11-30T18:50:17","modified_gmt":"2017-11-30T18:50:17","slug":"levan-chogoshvili","status":"publish","type":"page","link":"https:\/\/wp.pop-verlag.com\/?page_id=2450","title":{"rendered":"Levan Chogoshvili"},"content":{"rendered":"<p><a href=\"http:\/\/wp.pop-verlag.com\/?page_id=2450\"><strong>Levan Chogoshvili<\/strong><\/a> wurde am 22. Mai 1953 in Tbilisi geboren. 1976 schloss er die Staatliche Kunstakademie in Tbilisi, in der Fachrichtung und mit der Spezialisierung auf Kunstmalerei ab.\u00a0 Hauptgegenstand seiner Bilder sind Portr\u00e4ts. In seinen Werken treffen wir auf Gruppenportr\u00e4ts georgischer Aristokratie, unter ihnen die sehr bekannte Serie \u201eVernichtete Aristokratie\u201c, eine Serie georgischer K\u00f6nige in Portr\u00e4ts, auch religi\u00f6se Thematik, Bilder aus der Geschichte Georgiens, Helden der griechischen Mythologie usw. Lewan Tschogoschwili setzt sich au\u00dferdem mit neuen Medien aktiv auseinander (Videos; Installationen). Ausstellungen seiner Werke fanden auch au\u00dferhalb Georgiens statt. 2004 erhielt er den Kunstpreis der Pollock-Krasner-Stiftung (New York, USA); 1995 wurde ihm der erste Preis des Internationalen Kunstfestivals (Ankara, T\u00fcrkei) verliehen, und 1990 wurde er vom franz\u00f6sischen Pr\u00e4sidenten auf dem Internationalen Kunstfestival mit dem Hauptpreis Cagnes-sur-Mer (Frankreich) ausgezeichnet.<\/p>\n","protected":false},"excerpt":{"rendered":"<p>Levan Chogoshvili wurde am 22. Mai 1953 in Tbilisi geboren. 1976 schloss er die Staatliche Kunstakademie in Tbilisi, in der Fachrichtung und mit der Spezialisierung auf Kunstmalerei ab.\u00a0 Hauptgegenstand seiner Bilder sind Portr\u00e4ts. In seinen Werken treffen wir auf Gruppenportr\u00e4ts &hellip; <a class=\"more-link\" href=\"https:\/\/wp.pop-verlag.com\/?page_id=2450\">Weiterlesen <span class=\"meta-nav\">&rarr;<\/span><\/a><\/p>\n","protected":false},"author":2,"featured_media":0,"parent":662,"menu_order":5,"comment_status":"closed","ping_status":"closed","template":"","meta":{"footnotes":""},"class_list":["post-2450","page","type-page","status-publish","hentry"],"jetpack_sharing_enabled":true,"_links":{"self":[{"href":"https:\/\/wp.pop-verlag.com\/index.php?rest_route=\/wp\/v2\/pages\/2450","targetHints":{"allow":["GET"]}}],"collection":[{"href":"https:\/\/wp.pop-verlag.com\/index.php?rest_route=\/wp\/v2\/pages"}],"about":[{"href":"https:\/\/wp.pop-verlag.com\/index.php?rest_route=\/wp\/v2\/types\/page"}],"author":[{"embeddable":true,"href":"https:\/\/wp.pop-verlag.com\/index.php?rest_route=\/wp\/v2\/users\/2"}],"replies":[{"embeddable":true,"href":"https:\/\/wp.pop-verlag.com\/index.php?rest_route=%2Fwp%2Fv2%2Fcomments&post=2450"}],"version-history":[{"count":2,"href":"https:\/\/wp.pop-verlag.com\/index.php?rest_route=\/wp\/v2\/pages\/2450\/revisions"}],"predecessor-version":[{"id":2452,"href":"https:\/\/wp.pop-verlag.com\/index.php?rest_route=\/wp\/v2\/pages\/2450\/revisions\/2452"}],"up":[{"embeddable":true,"href":"https:\/\/wp.pop-verlag.com\/index.php?rest_route=\/wp\/v2\/pages\/662"}],"wp:attachment":[{"href":"https:\/\/wp.pop-verlag.com\/index.php?rest_route=%2Fwp%2Fv2%2Fmedia&parent=2450"}],"curies":[{"name":"wp","href":"https:\/\/api.w.org\/{rel}","templated":true}]}}