{"id":2445,"date":"2017-11-30T18:44:15","date_gmt":"2017-11-30T18:44:15","guid":{"rendered":"http:\/\/wp.pop-verlag.com\/?page_id=2445"},"modified":"2017-11-30T18:51:18","modified_gmt":"2017-11-30T18:51:18","slug":"guram-assatiani","status":"publish","type":"page","link":"https:\/\/wp.pop-verlag.com\/?page_id=2445","title":{"rendered":"Guram Assatiani"},"content":{"rendered":"<p><img loading=\"lazy\" decoding=\"async\" class=\"alignleft wp-image-2446 size-medium\" src=\"http:\/\/wp.pop-verlag.com\/wp-content\/uploads\/2017\/11\/Guram-Assatiani-photo-privat-226x300.jpg\" alt=\"Guram Assatiani photo (privat)\" width=\"226\" height=\"300\" srcset=\"https:\/\/wp.pop-verlag.com\/wp-content\/uploads\/2017\/11\/Guram-Assatiani-photo-privat-226x300.jpg 226w, https:\/\/wp.pop-verlag.com\/wp-content\/uploads\/2017\/11\/Guram-Assatiani-photo-privat-768x1020.jpg 768w, https:\/\/wp.pop-verlag.com\/wp-content\/uploads\/2017\/11\/Guram-Assatiani-photo-privat-771x1024.jpg 771w, https:\/\/wp.pop-verlag.com\/wp-content\/uploads\/2017\/11\/Guram-Assatiani-photo-privat.jpg 1063w\" sizes=\"auto, (max-width: 226px) 100vw, 226px\" \/><a href=\"http:\/\/wp.pop-verlag.com\/?page_id=2445\"><strong>Guram Assatiani<\/strong><\/a> (1928-1982) ist eine Schl\u00fcsselfigur in der georgischen Literaturwissenschaft des 20. Jahrhunderts. Er wuchs in der Familie des ber\u00fchmten georgischen Schriftstellers Lewan Assatiani und im Kreis anderer bekannten georgischen Schriftsteller auf. Guram Assatiani studierte erst an der Tbiliser Staatlichen Universit\u00e4t, anschlie\u00dfend setzte er sein Studium an der Moskauer Lomonosow-Universit\u00e4t fort.\u00a0 Dort schrieb er seine Dissertation \u00fcber \u201eDie Evolution des georgischen dichterischen Denkens im 19. Jahrhundert\u201c. 1956 kehrte Guram Assatiani nach Georgien zur\u00fcck und begann regelm\u00e4\u00dfig Essays \u00fcber die Probleme in der georgischen Literatur zu ver\u00f6ffentlichen. Von\u00a0 1977 bis zu seinem Tod war er der leitende Redakteur der Zeitschrift \u201eLiteraturnaja Grusija\u201c (\u201eLiterarisches Georgien\u201c). F\u00fcr seine Monographie \u201eVon \u201eDer Recke im Pantherfell\u201c bis \u201eBachtrioni\u201c\u201c bekam er 1977 den Doktortitel der Philologie. 1965 bis 1980 leitete Guram Assatiani den Fachbereich der Georgischen Literatur des 19. Jahrhunderts\u00a0 am Georgischen Schota-Rustaweli-Literatur-Institut. Seine Forschungen genie\u00dfen noch heute gro\u00dfes Ansehen in der georgischen Literaturwissenschaft. Die Kr\u00f6nung seiner Werke stellt das umfangreiche Essay \u201eZu den Urspr\u00fcngen\u201c dar, in dem die wesentlichen Merkmale des georgischen Nationalcharakters und seiner \u00e4sthetischen Natur erforscht werden.<\/p>\n<p>Lieferbare Titel von <a href=\"http:\/\/wp.pop-verlag.com\/?page_id=2445\"><strong>Guram Assatiani<\/strong><\/a>:<\/p>\n<ul>\n<li><a href=\"http:\/\/wp.pop-verlag.com\/?p=2438\"><strong>So liebte man in Georgien.<\/strong><\/a> Nach einer Auswahl von<a href=\"http:\/\/wp.pop-verlag.com\/?page_id=1475\"> Dato Barbakadse<\/a>. Mit vierzehn Bildern von <a href=\"http:\/\/wp.pop-verlag.com\/?page_id=2450\"><strong>Levan Chogoshvili<\/strong><\/a> aus der Reihe Vernichtete Aristokratie und einem Vorwort von Anna Letodiani. \u00dcbersetzung aus dem Georgischen von <a href=\"http:\/\/wp.pop-verlag.com\/?page_id=1827\">Maja Lisowski<\/a> und <a href=\"http:\/\/wp.pop-verlag.com\/?page_id=1835\">Manana Paitschadse<\/a>.Universitas Reihe, 267 Seiten,\u00a0ISBN 978-3-86356-169-7 \u20ac [D]19,90<\/li>\n<\/ul>\n","protected":false},"excerpt":{"rendered":"<p>Guram Assatiani (1928-1982) ist eine Schl\u00fcsselfigur in der georgischen Literaturwissenschaft des 20. Jahrhunderts. Er wuchs in der Familie des ber\u00fchmten georgischen Schriftstellers Lewan Assatiani und im Kreis anderer bekannten georgischen Schriftsteller auf. Guram Assatiani studierte erst an der Tbiliser Staatlichen &hellip; <a class=\"more-link\" href=\"https:\/\/wp.pop-verlag.com\/?page_id=2445\">Weiterlesen <span class=\"meta-nav\">&rarr;<\/span><\/a><\/p>\n","protected":false},"author":2,"featured_media":0,"parent":658,"menu_order":6,"comment_status":"closed","ping_status":"closed","template":"","meta":{"footnotes":""},"class_list":["post-2445","page","type-page","status-publish","hentry"],"jetpack_sharing_enabled":true,"_links":{"self":[{"href":"https:\/\/wp.pop-verlag.com\/index.php?rest_route=\/wp\/v2\/pages\/2445","targetHints":{"allow":["GET"]}}],"collection":[{"href":"https:\/\/wp.pop-verlag.com\/index.php?rest_route=\/wp\/v2\/pages"}],"about":[{"href":"https:\/\/wp.pop-verlag.com\/index.php?rest_route=\/wp\/v2\/types\/page"}],"author":[{"embeddable":true,"href":"https:\/\/wp.pop-verlag.com\/index.php?rest_route=\/wp\/v2\/users\/2"}],"replies":[{"embeddable":true,"href":"https:\/\/wp.pop-verlag.com\/index.php?rest_route=%2Fwp%2Fv2%2Fcomments&post=2445"}],"version-history":[{"count":4,"href":"https:\/\/wp.pop-verlag.com\/index.php?rest_route=\/wp\/v2\/pages\/2445\/revisions"}],"predecessor-version":[{"id":2453,"href":"https:\/\/wp.pop-verlag.com\/index.php?rest_route=\/wp\/v2\/pages\/2445\/revisions\/2453"}],"up":[{"embeddable":true,"href":"https:\/\/wp.pop-verlag.com\/index.php?rest_route=\/wp\/v2\/pages\/658"}],"wp:attachment":[{"href":"https:\/\/wp.pop-verlag.com\/index.php?rest_route=%2Fwp%2Fv2%2Fmedia&parent=2445"}],"curies":[{"name":"wp","href":"https:\/\/api.w.org\/{rel}","templated":true}]}}