{"id":2308,"date":"2017-10-08T05:21:22","date_gmt":"2017-10-08T05:21:22","guid":{"rendered":"http:\/\/wp.pop-verlag.com\/?page_id=2308"},"modified":"2023-07-30T05:17:55","modified_gmt":"2023-07-30T05:17:55","slug":"steffi-chotiwari-juenger","status":"publish","type":"page","link":"https:\/\/wp.pop-verlag.com\/?page_id=2308","title":{"rendered":"Steffi Chotiwari-J\u00fcnger"},"content":{"rendered":"<p><strong>\u00a0 <\/strong>Steffi Chotiwari-J\u00fcnger wurde 1952 in Leipzig geboren. Russisch-Georgisch-Tadshikischstudium an der Berliner Humboldt-Universit\u00e4t. Forschungsstudium in Berlin und Tbilissi. Promotion 1979 \u00fcber den georgischen Schriftsteller Konstantine Gamsachurdia. 1994 Habilitation zum historischen Roman (Die Entwicklung des georgischen historischen Romans, 1993). Oberassistentin an der Berliner Humboldt-Universit\u00e4t.<br \/>\nB\u00fccher: \u201eGeorgier in Berlin\u201c 1999, \u201eDie Literaturen der V\u00f6lker Kaukasiens\u201c 2003, \u201eGeorgische Verbtabellen\u201c, 2010. Deutsche Herausgeberin der wissenschaftlichen Zeitschrift \u201eGeorgica\u201c (Fachzeitschrift f\u00fcr Kultur, Sprache und Geschichte Georgiens und Kaukasiens, 2006 bis 2012, in Zusammenarbeit mit georgischen Wissenschaftlern).<br \/>\nPublikationen zu Dshawachischwili, Gamsachurdia, Tschiladse, Abaschidse, Amiredshibi u. a., zur Rezeption der kaukasischen Literaturen in deutschsprachigen L\u00e4ndern. Rezensionen und Artikel zur kaukasischen Literatur in Lexika: Lexikon der Weltliteratur 2004, Brockhaus 2006 und Kindlers Literaturlexikon 2009.<br \/>\nHerausgabe georgischer und kaukasischer Literatur: z. B. \u201eDer ferne wei\u00dfe Gipfel\u201c, georg. Erz\u00e4hlungen, 1984; Micheil Dshawachischwili 1986, 1991; Schota Rustaweli, 2005, 2011, \u201eGeorgische Autorinnen aus 11 Jahrhunderten\u201c 2014, \u201eWinzige Freunde\u201c (vier georg. M\u00e4rchen und eine Geschichte von N. Lomouri), \u201eGeorgische Kurzgeschichten\u201c 2017.<br \/>\nBuch-\u00dcbersetzungen aus dem Georgischen: Dato Barbakadse 2007, 2008, 2010, 2012, Esma Oniani, 2014, Aleksandre Kasbegi, 2014, Micheil Dshawachischwili 2014, 2018, Ekaterine Gabaschwili 2015, Tschola Lomtatidse, 2015. Weitere Buch-\u00dcbersetzungen (\u201eSehnsucht nach der Heimat\u201c- Lakische Prosa, 2013, Abasinische Prosa, 2014, Lesgische Prosa 2020).<br \/>\nMehr auf der Website:<br \/>\nhttp:\/\/www.kaukasische-literaturen.jimdo.com<\/p>\n<p>Lieferbare Titel von<strong> <a href=\"http:\/\/wp.pop-verlag.com\/?page_id=2308\">Steffi Chotiwari-J\u00fcnger<\/a><\/strong>:<\/p>\n<ul>\n<li><a href=\"http:\/\/wp.pop-verlag.com\/?p=2290\"><strong>Winzige Freunde<\/strong><\/a>. Vier georgische M\u00e4rchen und eine Geschichte von <a href=\"http:\/\/wp.pop-verlag.com\/?page_id=2297\"><strong>Niko Lomouri<\/strong><\/a> f\u00fcr die j\u00fcngsten Leser ausgew\u00e4hlt und \u00fcbersetzt von <a href=\"http:\/\/wp.pop-verlag.com\/?page_id=2308\"><strong>Steffi Chotiwari-J\u00fcnger<\/strong><\/a> und<strong><a href=\"http:\/\/wp.pop-verlag.com\/?page_id=2306\"> Artschil Chotiwari<\/a><\/strong>. Illustrationen: Mariam Papuaschwili, Kaukasische Bibliothek Band 14. Kids Reihe. 161 Seiten,\u00a0ISBN: 978-3-86356-162-8, 19,90\u20ac<\/li>\n<li><strong>Awarische Prosa<\/strong>. M\u00e4rchen, Erz\u00e4hlungen und Miniaturen. Konzeption und \u00dcbersetzungen aus dem Awarischen von <a href=\"https:\/\/wp.pop-verlag.com\/?page_id=2308\" target=\"_blank\" rel=\"noopener\"><strong>Steffi Chotiwari-J\u00fcnger<\/strong><\/a> und <strong><a href=\"https:\/\/wp.pop-verlag.com\/?page_id=6680\">Patimat Sagitowa<\/a><\/strong>. Kaukasische Bibliothek Band 17 (Dagestan). Reihe Epik Bd. 122, ISBN: 978-3-86356-171-0; 300 Seiten, \u20ac[D] 21,00<\/li>\n<\/ul>\n","protected":false},"excerpt":{"rendered":"<p>\u00a0 Steffi Chotiwari-J\u00fcnger wurde 1952 in Leipzig geboren. Russisch-Georgisch-Tadshikischstudium an der Berliner Humboldt-Universit\u00e4t. Forschungsstudium in Berlin und Tbilissi. Promotion 1979 \u00fcber den georgischen Schriftsteller Konstantine Gamsachurdia. 1994 Habilitation zum historischen Roman (Die Entwicklung des georgischen historischen Romans, 1993). Oberassistentin an &hellip; <a class=\"more-link\" href=\"https:\/\/wp.pop-verlag.com\/?page_id=2308\">Weiterlesen <span class=\"meta-nav\">&rarr;<\/span><\/a><\/p>\n","protected":false},"author":2,"featured_media":0,"parent":662,"menu_order":6,"comment_status":"closed","ping_status":"closed","template":"","meta":{"footnotes":""},"class_list":["post-2308","page","type-page","status-publish","hentry"],"jetpack_sharing_enabled":true,"_links":{"self":[{"href":"https:\/\/wp.pop-verlag.com\/index.php?rest_route=\/wp\/v2\/pages\/2308","targetHints":{"allow":["GET"]}}],"collection":[{"href":"https:\/\/wp.pop-verlag.com\/index.php?rest_route=\/wp\/v2\/pages"}],"about":[{"href":"https:\/\/wp.pop-verlag.com\/index.php?rest_route=\/wp\/v2\/types\/page"}],"author":[{"embeddable":true,"href":"https:\/\/wp.pop-verlag.com\/index.php?rest_route=\/wp\/v2\/users\/2"}],"replies":[{"embeddable":true,"href":"https:\/\/wp.pop-verlag.com\/index.php?rest_route=%2Fwp%2Fv2%2Fcomments&post=2308"}],"version-history":[{"count":5,"href":"https:\/\/wp.pop-verlag.com\/index.php?rest_route=\/wp\/v2\/pages\/2308\/revisions"}],"predecessor-version":[{"id":6685,"href":"https:\/\/wp.pop-verlag.com\/index.php?rest_route=\/wp\/v2\/pages\/2308\/revisions\/6685"}],"up":[{"embeddable":true,"href":"https:\/\/wp.pop-verlag.com\/index.php?rest_route=\/wp\/v2\/pages\/662"}],"wp:attachment":[{"href":"https:\/\/wp.pop-verlag.com\/index.php?rest_route=%2Fwp%2Fv2%2Fmedia&parent=2308"}],"curies":[{"name":"wp","href":"https:\/\/api.w.org\/{rel}","templated":true}]}}