{"id":2297,"date":"2017-10-08T05:13:46","date_gmt":"2017-10-08T05:13:46","guid":{"rendered":"http:\/\/wp.pop-verlag.com\/?page_id=2297"},"modified":"2017-10-08T05:15:22","modified_gmt":"2017-10-08T05:15:22","slug":"niko-lomouri","status":"publish","type":"page","link":"https:\/\/wp.pop-verlag.com\/?page_id=2297","title":{"rendered":"Niko Lomouri"},"content":{"rendered":"<p>&nbsp;<\/p>\n<p><img loading=\"lazy\" decoding=\"async\" class=\"alignleft wp-image-2298 size-medium\" src=\"http:\/\/wp.pop-verlag.com\/wp-content\/uploads\/2017\/10\/Niko_Lomouri-225x300.jpg\" alt=\"PENTAX Image\" width=\"225\" height=\"300\" srcset=\"https:\/\/wp.pop-verlag.com\/wp-content\/uploads\/2017\/10\/Niko_Lomouri-225x300.jpg 225w, https:\/\/wp.pop-verlag.com\/wp-content\/uploads\/2017\/10\/Niko_Lomouri.jpg 600w\" sizes=\"auto, (max-width: 225px) 100vw, 225px\" \/><\/p>\n<p><a href=\"http:\/\/wp.pop-verlag.com\/?page_id=2297\"><strong>Niko Lomouri<\/strong><\/a> (1852-1915) lernte an der Geistlichen Lehranstalt in Gori und am Geistlichen Seminar in Tbilissi. Ab 1875 studierte er an der Kiewer Geistlichen Akademie, die er 1879 abschloss. Danach begann der Absolvent eine Arbeit am Georgischen Gymnasium Tbilissi und unterrichtete ab 1881 am Lehrerseminar sowie am Progymnasium f\u00fcr Frauen in Gori.<br \/>\nDie ersten Gedichte ver\u00f6ffentlichte Lomouri 1871 in der Zeitschrift \u201eMnatobi\u201c. 1885 wurden seine Gedichte und Erz\u00e4hlungen erstmals als Einzelausgabe gedruckt.<br \/>\nDas Hauptthema seiner Erz\u00e4hlungen ist das georgische Dorf nach der Aufl\u00f6sung der Leibeigenschaft in den 1860er Jahren. Wie die russischen Volkst\u00fcmler seiner Zeit stellte er sich auf die Seite des Volkes, obwohl er es nicht verherrlichte.<br \/>\nDer Schriftsteller ma\u00df der Bildung des Volkes eine gro\u00dfe Rolle zu, da die Bauernschaft seiner Meinung nach ungebildet und abergl\u00e4ubig war und einige Sitten ihre Entwicklung behinderten. Das ist auch klar aus der vorliegenden Erz\u00e4hlung, die 1906 verfasst wurde, zu erkennen.<br \/>\nDer Autor schrieb neben Gedichten und Erz\u00e4hlungen auch literaturkritische Artikel.<\/p>\n<p>Lieferbare Titel von <a href=\"http:\/\/wp.pop-verlag.com\/?page_id=2297\"><strong>Niko Lomouri<\/strong><\/a>:<\/p>\n<ul>\n<li><a href=\"http:\/\/wp.pop-verlag.com\/?p=2290\"><strong>Winzige Freunde<\/strong><\/a>. Vier georgische M\u00e4rchen und eine Geschichte von Niko Lomouri f\u00fcr die j\u00fcngsten Leser ausgew\u00e4hlt und \u00fcbersetzt von Steffi Chotiwari-J\u00fcnger und Artschil Chotiwari. Illustrationen: Mariam Papuaschwili, Kaukasische Bibliothek Band 14. Kids Reihe. 161 Seiten,\u00a0ISBN: 978-3-86356-162-8, 19,90\u20ac<\/li>\n<\/ul>\n","protected":false},"excerpt":{"rendered":"<p>&nbsp; Niko Lomouri (1852-1915) lernte an der Geistlichen Lehranstalt in Gori und am Geistlichen Seminar in Tbilissi. Ab 1875 studierte er an der Kiewer Geistlichen Akademie, die er 1879 abschloss. Danach begann der Absolvent eine Arbeit am Georgischen Gymnasium Tbilissi &hellip; <a class=\"more-link\" href=\"https:\/\/wp.pop-verlag.com\/?page_id=2297\">Weiterlesen <span class=\"meta-nav\">&rarr;<\/span><\/a><\/p>\n","protected":false},"author":2,"featured_media":0,"parent":697,"menu_order":2,"comment_status":"closed","ping_status":"closed","template":"","meta":{"footnotes":""},"class_list":["post-2297","page","type-page","status-publish","hentry"],"jetpack_sharing_enabled":true,"_links":{"self":[{"href":"https:\/\/wp.pop-verlag.com\/index.php?rest_route=\/wp\/v2\/pages\/2297","targetHints":{"allow":["GET"]}}],"collection":[{"href":"https:\/\/wp.pop-verlag.com\/index.php?rest_route=\/wp\/v2\/pages"}],"about":[{"href":"https:\/\/wp.pop-verlag.com\/index.php?rest_route=\/wp\/v2\/types\/page"}],"author":[{"embeddable":true,"href":"https:\/\/wp.pop-verlag.com\/index.php?rest_route=\/wp\/v2\/users\/2"}],"replies":[{"embeddable":true,"href":"https:\/\/wp.pop-verlag.com\/index.php?rest_route=%2Fwp%2Fv2%2Fcomments&post=2297"}],"version-history":[{"count":4,"href":"https:\/\/wp.pop-verlag.com\/index.php?rest_route=\/wp\/v2\/pages\/2297\/revisions"}],"predecessor-version":[{"id":2302,"href":"https:\/\/wp.pop-verlag.com\/index.php?rest_route=\/wp\/v2\/pages\/2297\/revisions\/2302"}],"up":[{"embeddable":true,"href":"https:\/\/wp.pop-verlag.com\/index.php?rest_route=\/wp\/v2\/pages\/697"}],"wp:attachment":[{"href":"https:\/\/wp.pop-verlag.com\/index.php?rest_route=%2Fwp%2Fv2%2Fmedia&parent=2297"}],"curies":[{"name":"wp","href":"https:\/\/api.w.org\/{rel}","templated":true}]}}