{"id":2274,"date":"2017-09-20T05:04:22","date_gmt":"2017-09-20T05:04:22","guid":{"rendered":"http:\/\/wp.pop-verlag.com\/?page_id=2274"},"modified":"2017-09-20T05:06:47","modified_gmt":"2017-09-20T05:06:47","slug":"bernd-kebelmann","status":"publish","type":"page","link":"https:\/\/wp.pop-verlag.com\/?page_id=2274","title":{"rendered":"Bernd Kebelmann"},"content":{"rendered":"<p><strong><img loading=\"lazy\" decoding=\"async\" class=\"alignleft wp-image-2276 size-medium\" src=\"http:\/\/wp.pop-verlag.com\/wp-content\/uploads\/2017\/09\/1405_P_093-291-von-Ellen-Eckhardt_Bernd-Kebelmann-225x300.jpg\" alt=\"1405_P_093-291 von Ellen Eckhardt_Bernd Kebelmann\" width=\"225\" height=\"300\" srcset=\"https:\/\/wp.pop-verlag.com\/wp-content\/uploads\/2017\/09\/1405_P_093-291-von-Ellen-Eckhardt_Bernd-Kebelmann-225x300.jpg 225w, https:\/\/wp.pop-verlag.com\/wp-content\/uploads\/2017\/09\/1405_P_093-291-von-Ellen-Eckhardt_Bernd-Kebelmann-768x1024.jpg 768w\" sizes=\"auto, (max-width: 225px) 100vw, 225px\" \/><a href=\"http:\/\/wp.pop-verlag.com\/?page_id=2274\">Bernd Kebelmann<\/a><\/strong>, *1947 in R\u00fcdersdorf bei Berlin, Abitur, Chemiestudium in Greifswald, Diplom-Chemiker in Forschung und Umweltschutz der chemischen Industrie; seit 1983 fortschreitende Erblindung, Hinwendung zur Literatur. Ausreise nach Westfalen; freier Autor und Rundfunkautor; Projektarbeit: Ausstellungen von Bildhauerkunst mit eigenen lyrischen Texten, Sammlung von Manuskripten blinder europ\u00e4ischer Lyriker, szenische Lesungen eigener Texte mit Solomusikern. Bernd Kebelmann lebt heute wieder in Berlin.<\/p>\n<p>Zahlreiche Ver\u00f6ffentlichungen, u.a. vier Gedichtb\u00e4nde, ein lyrisches Lesebuch, drei Erz\u00e4hlungsb\u00e4nde, zahlreiche H\u00f6rbilder, u.a. \u00fcber erblindete K\u00fcnstler; literarische Features zu Johannes Bobrowski, G\u00fcnter Eich, Erich Fried; Literatur- und Kunstprojekte: \u201eTastwege\u201c und \u201eLyrik-<br \/>\nbr\u00fccken\u201c; szenische Lesungen mit Musik: neun einst\u00fcndige Programme mit eigenen Texten sowie Lyrik und Prosa von Jorge Luis Borges; Aufs\u00e4tze und Essays, literarisches Sachbuch zu Chemie und Literatur.<\/p>\n<p>W\u00fcrdigungen: Nominierung zum Umweltpreis NRW\/Brandenburg, 1991,<br \/>\nEintragung in das goldene Buch der Stadt Krefeld zur TASTWEGE-Projektausstellung in der Gemeinschaft Krefelder K\u00fcnstler (GKK), 1995<br \/>\nF\u00f6rderstipendium des Landes NRW f\u00fcr die Erz\u00e4hlung \u201eStummfilm f\u00fcr einen Freund\u201c, dahlemer verlagsanstalt, Berlin, 2001, und F\u00f6rderpreis des Deutschen Blindenhilfswerks Duisburg f\u00fcr das Europaprojekt<br \/>\n\u201eLyrikbr\u00fccken\u201c, 2006.<\/p>\n<p>Lieferbare Titel von <strong><a href=\"http:\/\/wp.pop-verlag.com\/?page_id=2274\">Bernd Kebelmann<\/a><\/strong>:<\/p>\n<ul>\n<li><strong><a href=\"http:\/\/wp.pop-verlag.com\/?p=2269\">Blind Date mit \u00c4gypten<\/a><\/strong>. Ein Reiseroman.Fragmentarium Reihe, 390 Seiten,\u00a0ISBN: 978-3-86356-153-6,\u00a0 20,00\u20ac<\/li>\n<\/ul>\n","protected":false},"excerpt":{"rendered":"<p>Bernd Kebelmann, *1947 in R\u00fcdersdorf bei Berlin, Abitur, Chemiestudium in Greifswald, Diplom-Chemiker in Forschung und Umweltschutz der chemischen Industrie; seit 1983 fortschreitende Erblindung, Hinwendung zur Literatur. Ausreise nach Westfalen; freier Autor und Rundfunkautor; Projektarbeit: Ausstellungen von Bildhauerkunst mit eigenen lyrischen &hellip; <a class=\"more-link\" href=\"https:\/\/wp.pop-verlag.com\/?page_id=2274\">Weiterlesen <span class=\"meta-nav\">&rarr;<\/span><\/a><\/p>\n","protected":false},"author":2,"featured_media":0,"parent":695,"menu_order":4,"comment_status":"closed","ping_status":"closed","template":"","meta":{"footnotes":""},"class_list":["post-2274","page","type-page","status-publish","hentry"],"jetpack_sharing_enabled":true,"_links":{"self":[{"href":"https:\/\/wp.pop-verlag.com\/index.php?rest_route=\/wp\/v2\/pages\/2274","targetHints":{"allow":["GET"]}}],"collection":[{"href":"https:\/\/wp.pop-verlag.com\/index.php?rest_route=\/wp\/v2\/pages"}],"about":[{"href":"https:\/\/wp.pop-verlag.com\/index.php?rest_route=\/wp\/v2\/types\/page"}],"author":[{"embeddable":true,"href":"https:\/\/wp.pop-verlag.com\/index.php?rest_route=\/wp\/v2\/users\/2"}],"replies":[{"embeddable":true,"href":"https:\/\/wp.pop-verlag.com\/index.php?rest_route=%2Fwp%2Fv2%2Fcomments&post=2274"}],"version-history":[{"count":3,"href":"https:\/\/wp.pop-verlag.com\/index.php?rest_route=\/wp\/v2\/pages\/2274\/revisions"}],"predecessor-version":[{"id":2280,"href":"https:\/\/wp.pop-verlag.com\/index.php?rest_route=\/wp\/v2\/pages\/2274\/revisions\/2280"}],"up":[{"embeddable":true,"href":"https:\/\/wp.pop-verlag.com\/index.php?rest_route=\/wp\/v2\/pages\/695"}],"wp:attachment":[{"href":"https:\/\/wp.pop-verlag.com\/index.php?rest_route=%2Fwp%2Fv2%2Fmedia&parent=2274"}],"curies":[{"name":"wp","href":"https:\/\/api.w.org\/{rel}","templated":true}]}}