{"id":2251,"date":"2017-09-19T05:13:46","date_gmt":"2017-09-19T05:13:46","guid":{"rendered":"http:\/\/wp.pop-verlag.com\/?page_id=2251"},"modified":"2017-09-19T05:14:25","modified_gmt":"2017-09-19T05:14:25","slug":"monika-carbe","status":"publish","type":"page","link":"https:\/\/wp.pop-verlag.com\/?page_id=2251","title":{"rendered":"Monika Carbe"},"content":{"rendered":"<p>Dr. <a href=\"http:\/\/wp.pop-verlag.com\/?page_id=2251\"><strong>Monika Carbe<\/strong><\/a>, *1945 in der Theaterstadt Meiningen in Th\u00fcringen und in Herford in Westfalen aufgewachsen. Sie studierte Germanistik, Indologie und Philosophie in Marburg an der Lahn und schloss ihr Studium 1971 mit einer Dissertation \u00fcber Thomas Mann ab. Nach \u00fcber zwei Jahrzehnten hauptberuflicher T\u00e4tigkeit in der Erwachsenenbildung entschloss sie sich Mitte der 1990er Jahre freiberuflich als literarische \u00dcbersetzerin und Schriftstellerin zu arbeiten. Bisher sind zwei Romane von ihr erschienen. Sie \u00fcbersetzte u.a. von Nedim G\u00fcrsel \u201eTurbane in Venedig\u201c (\u201eResimli D\u00fcnya\u201c) und \u201eSieben Derwische\u201c, f\u00fcr die T\u00fcrkische Bibliothek des Unionsverlags von O\u011fuz Atay, \u201eDer Mathematiker\u201c.<\/p>\n","protected":false},"excerpt":{"rendered":"<p>Dr. Monika Carbe, *1945 in der Theaterstadt Meiningen in Th\u00fcringen und in Herford in Westfalen aufgewachsen. Sie studierte Germanistik, Indologie und Philosophie in Marburg an der Lahn und schloss ihr Studium 1971 mit einer Dissertation \u00fcber Thomas Mann ab. Nach &hellip; <a class=\"more-link\" href=\"https:\/\/wp.pop-verlag.com\/?page_id=2251\">Weiterlesen <span class=\"meta-nav\">&rarr;<\/span><\/a><\/p>\n","protected":false},"author":2,"featured_media":0,"parent":662,"menu_order":1,"comment_status":"closed","ping_status":"closed","template":"","meta":{"footnotes":""},"class_list":["post-2251","page","type-page","status-publish","hentry"],"jetpack_sharing_enabled":true,"_links":{"self":[{"href":"https:\/\/wp.pop-verlag.com\/index.php?rest_route=\/wp\/v2\/pages\/2251","targetHints":{"allow":["GET"]}}],"collection":[{"href":"https:\/\/wp.pop-verlag.com\/index.php?rest_route=\/wp\/v2\/pages"}],"about":[{"href":"https:\/\/wp.pop-verlag.com\/index.php?rest_route=\/wp\/v2\/types\/page"}],"author":[{"embeddable":true,"href":"https:\/\/wp.pop-verlag.com\/index.php?rest_route=\/wp\/v2\/users\/2"}],"replies":[{"embeddable":true,"href":"https:\/\/wp.pop-verlag.com\/index.php?rest_route=%2Fwp%2Fv2%2Fcomments&post=2251"}],"version-history":[{"count":2,"href":"https:\/\/wp.pop-verlag.com\/index.php?rest_route=\/wp\/v2\/pages\/2251\/revisions"}],"predecessor-version":[{"id":2253,"href":"https:\/\/wp.pop-verlag.com\/index.php?rest_route=\/wp\/v2\/pages\/2251\/revisions\/2253"}],"up":[{"embeddable":true,"href":"https:\/\/wp.pop-verlag.com\/index.php?rest_route=\/wp\/v2\/pages\/662"}],"wp:attachment":[{"href":"https:\/\/wp.pop-verlag.com\/index.php?rest_route=%2Fwp%2Fv2%2Fmedia&parent=2251"}],"curies":[{"name":"wp","href":"https:\/\/api.w.org\/{rel}","templated":true}]}}