{"id":2073,"date":"2017-05-28T05:21:22","date_gmt":"2017-05-28T05:21:22","guid":{"rendered":"http:\/\/wp.pop-verlag.com\/?page_id=2073"},"modified":"2017-05-28T06:36:26","modified_gmt":"2017-05-28T06:36:26","slug":"matthias-kehle","status":"publish","type":"page","link":"https:\/\/wp.pop-verlag.com\/?page_id=2073","title":{"rendered":"Matthias Kehle"},"content":{"rendered":"<p><img loading=\"lazy\" decoding=\"async\" class=\"alignleft wp-image-2074 size-medium\" src=\"http:\/\/wp.pop-verlag.com\/wp-content\/uploads\/2017\/05\/Mathias-Kehle-248x300.jpg\" alt=\"Mathias Kehle\" width=\"248\" height=\"300\" srcset=\"https:\/\/wp.pop-verlag.com\/wp-content\/uploads\/2017\/05\/Mathias-Kehle-248x300.jpg 248w, https:\/\/wp.pop-verlag.com\/wp-content\/uploads\/2017\/05\/Mathias-Kehle-768x929.jpg 768w, https:\/\/wp.pop-verlag.com\/wp-content\/uploads\/2017\/05\/Mathias-Kehle.jpg 778w\" sizes=\"auto, (max-width: 248px) 100vw, 248px\" \/><a href=\"http:\/\/wp.pop-verlag.com\/?page_id=2073\"><strong>Matthias Kehle<\/strong><\/a>, geboren 1967 in Karlsruhe, lebt dort als freier Schriftsteller, Journalist und Kritiker. Studium der Germanistik und Soziologie in Heidelberg und Karlsruhe, bis 2001 Soziologe an der Universit\u00e4t Karlsruhe.<br \/>\nWissenschaftliche Publikationen, Reportagen und Feuilletons in vielen Tageszeitungen im ganzen deutschsprachigen Raum, zahlreiche verstreute literarische Ver\u00f6ffentlichungen; 18 Einzeltitel: Gedichte, Erz\u00e4hlungen, Sachb\u00fccher (u. a. \u201eDie Wanderbibel\u201c zusammen mit Mario Ludwig, Heyne Verlag); neuester Gedichtband: \u201eScherbenballett\u201c (Verlag Kl\u00f6pfer &amp; Meyer).<br \/>\nMehrere Auszeichnungen, u. a. Literaturstipendium des Landes Baden-W\u00fcrttemberg, Thadd\u00e4us-Troll-Preis, Schw\u00e4bischer Literaturpreis.<br \/>\nMitglied im deutschen PEN, 2009 bis 2013 Landesvorsitzender des Verbandes deutscher Schriftsteller (VS) in Baden-W\u00fcrttemberg, weitere verschiedene Ehren\u00e4mter, Herausgeber-, Lektorats- und Beratert\u00e4tigkeit, Kurator diverser Literaturtage.<\/p>\n<p><span class=\"readonlyText multiple\">Lieferbare Titel von<\/span>: <span class=\"readonlyText multiple\"><a href=\"http:\/\/wp.pop-verlag.com\/?page_id=2073\"><strong>Matthias Kehle<\/strong><\/a><\/span><\/p>\n<p><a href=\"http:\/\/wp.pop-verlag.com\/?p=2077\"><strong>&#8222;Fundus \/ Stoc&#8220;<\/strong><\/a>.<\/p>\n<p>Gedichte. Deutsch \/ Rum\u00e4nisch<br \/>\nMit einem Vorwort von <a href=\"http:\/\/wp.pop-verlag.com\/?page_id=2083\"><strong>C\u0103t\u0103lin Dorian Florescu<\/strong><\/a><br \/>\nIns Rum\u00e4nische \u00fcbersetzt von <strong><a href=\"http:\/\/wp.pop-verlag.com\/?page_id=2088\">Traian Pop Traian<\/a><\/strong><\/p>\n<p>86 Seiten; ISBN: 978-3-86356-149-9; 14,00 \u20ac<\/p>\n","protected":false},"excerpt":{"rendered":"<p>Matthias Kehle, geboren 1967 in Karlsruhe, lebt dort als freier Schriftsteller, Journalist und Kritiker. Studium der Germanistik und Soziologie in Heidelberg und Karlsruhe, bis 2001 Soziologe an der Universit\u00e4t Karlsruhe. Wissenschaftliche Publikationen, Reportagen und Feuilletons in vielen Tageszeitungen im ganzen &hellip; <a class=\"more-link\" href=\"https:\/\/wp.pop-verlag.com\/?page_id=2073\">Weiterlesen <span class=\"meta-nav\">&rarr;<\/span><\/a><\/p>\n","protected":false},"author":2,"featured_media":0,"parent":695,"menu_order":2,"comment_status":"closed","ping_status":"closed","template":"","meta":{"footnotes":""},"class_list":["post-2073","page","type-page","status-publish","hentry"],"jetpack_sharing_enabled":true,"_links":{"self":[{"href":"https:\/\/wp.pop-verlag.com\/index.php?rest_route=\/wp\/v2\/pages\/2073","targetHints":{"allow":["GET"]}}],"collection":[{"href":"https:\/\/wp.pop-verlag.com\/index.php?rest_route=\/wp\/v2\/pages"}],"about":[{"href":"https:\/\/wp.pop-verlag.com\/index.php?rest_route=\/wp\/v2\/types\/page"}],"author":[{"embeddable":true,"href":"https:\/\/wp.pop-verlag.com\/index.php?rest_route=\/wp\/v2\/users\/2"}],"replies":[{"embeddable":true,"href":"https:\/\/wp.pop-verlag.com\/index.php?rest_route=%2Fwp%2Fv2%2Fcomments&post=2073"}],"version-history":[{"count":4,"href":"https:\/\/wp.pop-verlag.com\/index.php?rest_route=\/wp\/v2\/pages\/2073\/revisions"}],"predecessor-version":[{"id":2102,"href":"https:\/\/wp.pop-verlag.com\/index.php?rest_route=\/wp\/v2\/pages\/2073\/revisions\/2102"}],"up":[{"embeddable":true,"href":"https:\/\/wp.pop-verlag.com\/index.php?rest_route=\/wp\/v2\/pages\/695"}],"wp:attachment":[{"href":"https:\/\/wp.pop-verlag.com\/index.php?rest_route=%2Fwp%2Fv2%2Fmedia&parent=2073"}],"curies":[{"name":"wp","href":"https:\/\/api.w.org\/{rel}","templated":true}]}}