{"id":2047,"date":"2017-05-14T14:45:32","date_gmt":"2017-05-14T14:45:32","guid":{"rendered":"http:\/\/wp.pop-verlag.com\/?page_id=2047"},"modified":"2018-07-04T13:26:28","modified_gmt":"2018-07-04T13:26:28","slug":"eva-ruth-wemme","status":"publish","type":"page","link":"https:\/\/wp.pop-verlag.com\/?page_id=2047","title":{"rendered":"Eva Ruth Wemme"},"content":{"rendered":"<p><a href=\"http:\/\/wp.pop-verlag.com\/?page_id=2047\"><strong>Eva Ruth Wemme<\/strong><\/a>: Studium in K\u00f6ln, Berlin und Bukarest, \u00dcbersetzungen aus dem Rum\u00e4nischen: T.O. Bobe: \u201eDie Zentrifuge\u201c, 2002. Beitr\u00e4ge f\u00fcr div. Literaturzeitschriften und die Anthologie \u201eVerbotene Worte\u201c, Hrsg. Zveta Sofronieva, 2004 und f\u00fcr die Akademie Solitude. Stipendiatin der \u00dcbersetzerwerkstatt im lcb 2007<\/p>\n<p>Lieferbare Titel von <a href=\"http:\/\/wp.pop-verlag.com\/?page_id=2047\"><strong>Eva Ruth Wemme<\/strong>:<\/a><\/p>\n<p><strong><a href=\"http:\/\/wp.pop-verlag.com\/?page_id=2037\">Ioana Nicolaie<\/a><\/strong>:<strong>\u00a0<\/strong><strong><a href=\"http:\/\/wp.pop-verlag.com\/?p=111\">\u201eDer Norden\u201c. <\/a><\/strong>Gedichte, Aus dem Rum\u00e4nischen \u00fcbersetzt von <a href=\"http:\/\/wp.pop-verlag.com\/?page_id=2047\"><strong>Eva Ruth Wemme<\/strong><\/a>. 122 Seiten, ISBN 978-3-937139-43-2; \u20ac[D]16,30<\/p>\n<p><strong><a href=\"http:\/\/wp.pop-verlag.com\/?page_id=2037\">Ioana Nicolaie<\/a><\/strong>: <strong><a href=\"http:\/\/wp.pop-verlag.com\/?p=2863\">Der Himmel im Bauch<\/a><\/strong>. Roman. Aus dem Rum\u00e4nischen \u00fcbersetzt von <a href=\"http:\/\/wp.pop-verlag.com\/?page_id=2047\"><strong>Eva Ruth Wemme.\u00a0<\/strong><\/a>Pop Epik, ISBN: 978-3-86356-188-8, 176 Seiten, \u20ac[D]18,50<\/p>\n","protected":false},"excerpt":{"rendered":"<p>Eva Ruth Wemme: Studium in K\u00f6ln, Berlin und Bukarest, \u00dcbersetzungen aus dem Rum\u00e4nischen: T.O. Bobe: \u201eDie Zentrifuge\u201c, 2002. Beitr\u00e4ge f\u00fcr div. Literaturzeitschriften und die Anthologie \u201eVerbotene Worte\u201c, Hrsg. Zveta Sofronieva, 2004 und f\u00fcr die Akademie Solitude. Stipendiatin der \u00dcbersetzerwerkstatt im &hellip; <a class=\"more-link\" href=\"https:\/\/wp.pop-verlag.com\/?page_id=2047\">Weiterlesen <span class=\"meta-nav\">&rarr;<\/span><\/a><\/p>\n","protected":false},"author":2,"featured_media":0,"parent":719,"menu_order":3,"comment_status":"closed","ping_status":"closed","template":"","meta":{"footnotes":""},"class_list":["post-2047","page","type-page","status-publish","hentry"],"jetpack_sharing_enabled":true,"_links":{"self":[{"href":"https:\/\/wp.pop-verlag.com\/index.php?rest_route=\/wp\/v2\/pages\/2047","targetHints":{"allow":["GET"]}}],"collection":[{"href":"https:\/\/wp.pop-verlag.com\/index.php?rest_route=\/wp\/v2\/pages"}],"about":[{"href":"https:\/\/wp.pop-verlag.com\/index.php?rest_route=\/wp\/v2\/types\/page"}],"author":[{"embeddable":true,"href":"https:\/\/wp.pop-verlag.com\/index.php?rest_route=\/wp\/v2\/users\/2"}],"replies":[{"embeddable":true,"href":"https:\/\/wp.pop-verlag.com\/index.php?rest_route=%2Fwp%2Fv2%2Fcomments&post=2047"}],"version-history":[{"count":5,"href":"https:\/\/wp.pop-verlag.com\/index.php?rest_route=\/wp\/v2\/pages\/2047\/revisions"}],"predecessor-version":[{"id":3377,"href":"https:\/\/wp.pop-verlag.com\/index.php?rest_route=\/wp\/v2\/pages\/2047\/revisions\/3377"}],"up":[{"embeddable":true,"href":"https:\/\/wp.pop-verlag.com\/index.php?rest_route=\/wp\/v2\/pages\/719"}],"wp:attachment":[{"href":"https:\/\/wp.pop-verlag.com\/index.php?rest_route=%2Fwp%2Fv2%2Fmedia&parent=2047"}],"curies":[{"name":"wp","href":"https:\/\/api.w.org\/{rel}","templated":true}]}}