{"id":2024,"date":"2017-05-13T16:06:21","date_gmt":"2017-05-13T16:06:21","guid":{"rendered":"http:\/\/wp.pop-verlag.com\/?page_id=2024"},"modified":"2020-03-29T18:03:14","modified_gmt":"2020-03-29T18:03:14","slug":"julia-schiff","status":"publish","type":"page","link":"https:\/\/wp.pop-verlag.com\/?page_id=2024","title":{"rendered":"Julia Schiff"},"content":{"rendered":"<p><strong><a href=\"http:\/\/wp.pop-verlag.com\/?page_id=2024\">Julia Schiff<\/a><\/strong><a href=\"http:\/\/wp.pop-verlag.com\/?page_id=2024\"><img loading=\"lazy\" decoding=\"async\" class=\"alignleft wp-image-2027 size-medium\" src=\"http:\/\/wp.pop-verlag.com\/wp-content\/uploads\/2017\/05\/Julia-Schiff-209x300.jpg\" alt=\"Julia Schiff\" width=\"209\" height=\"300\" srcset=\"https:\/\/wp.pop-verlag.com\/wp-content\/uploads\/2017\/05\/Julia-Schiff-209x300.jpg 209w, https:\/\/wp.pop-verlag.com\/wp-content\/uploads\/2017\/05\/Julia-Schiff-768x1104.jpg 768w, https:\/\/wp.pop-verlag.com\/wp-content\/uploads\/2017\/05\/Julia-Schiff-712x1024.jpg 712w, https:\/\/wp.pop-verlag.com\/wp-content\/uploads\/2017\/05\/Julia-Schiff.jpg 904w\" sizes=\"auto, (max-width: 209px) 100vw, 209px\" \/><\/a>, * 1940 in Detta\/Rum\u00e4nien geboren, lebt heute in M\u00fcnchen. Mit elf wurde sie zusammen mit ihrer Familie f\u00fcr f\u00fcnf Jahre in die B\u0103r\u0103gan-Steppe deportiert \u2013 eine Erfahrung, die ihr ganzes Leben gepr\u00e4gt hat und auch den Stoff f\u00fcr ihren ersten Roman Steppensalz lieferte. \u00dcbersetzungen aus dem Ungarischen und Rum\u00e4nischen ins Deutsche und aus dem Deutschen in beide Sprachen, Erz\u00e4hlungen, Essays und Literaturkritik z\u00e4hlen zu ihrem literarischen Werk, f\u00fcr das sie mehrere Auszeichnungen erhalten hat.<br \/>\nLetzte Ver\u00f6ffentlichungen:<br \/>\nSteppensalz, Roman, 2001, 2012.<br \/>\nOtt\u00f3 Fenyvesi: Blues \u00fcber dem Ozean (\u00dcbersetzung des Lyrikbandes Blues az \u00f3ce\u00e1n f\u00f6l\u00f6tt aus dem Ungarischen ins Deutsche), 2009.<br \/>\nL\u00e1szl\u00f3 Bert\u00f3k: Ameisen ziehen (\u00dcbersetzung des Lyrikbandes Hangy\u00e1k vonulnak aus dem Ungarischen ins Deutsche), 2010.<br \/>\nVeronica Balaj: Pirouette auf Stelzen (\u00dcbersetzung des Lyrikbandes Piruet\u0103 pe catalige aus dem Rum\u00e4nischen ins Deutsche, zweisprachige Ausgabe), 2009 und Piruett g\u00f3lyal\u00e1bakon\/Piruet\u0103 pe catalige (\u00dcbersetzung des Lyrikbandes Piruet\u0103 pe catalige aus dem Rum\u00e4nischen ins Ungarische, zweisprachige Ausgabe), 2010.<br \/>\nJ\u00e1nos Marno: Licht machen, nur um Schatten zu sehen (\u00dcbersetzung des Lyrikbandes F\u00e9nyt csin\u00e1lni csakhogy \u00e1rny\u00e9kot l\u00e1thass aus dem Ungarischen ins Deutsche, zweisprachige Ausgabe), 2010.<br \/>\nReihertanz, Roman, 2011.<br \/>\nGy\u0151rffy \u00c1kos: Regungslos (\u00dcbersetzung des Lyrikbandes Nem mozdul aus dem Ungarischen ins Deutsche), 2012.<\/p>\n<p>Lieferbare Titel von <strong><a href=\"https:\/\/wp.pop-verlag.com\/?page_id=3435\">Julia Schiff<\/a><\/strong><a href=\"https:\/\/wp.pop-verlag.com\/?page_id=3435\">:<\/a><\/p>\n<ul>\n<li><strong><a href=\"http:\/\/wp.pop-verlag.com\/?p=242\">\u00a0Reihertanz<\/a><\/strong>. Roman. 268 Seiten, ISBN 978-3-86356-014-0\u20ac [D]15,80;<\/li>\n<\/ul>\n<ul>\n<li><strong>\u201c<a href=\"http:\/\/wp.pop-verlag.com\/?p=392\">Steppensalz<\/a><\/strong>\u201d. Aufzeichnungen eines Ausgesiedelten. Roman. 284 Seiten, ISBN 978-3-86356-033-1, \u20ac [D]15,80<\/li>\n<li><strong><a href=\"http:\/\/wp.pop-verlag.com\/?p=418\">Verschiebungen<\/a><\/strong><a href=\"http:\/\/wp.pop-verlag.com\/?p=418\">. <\/a>Roman. 220 Seiten,\u00a0ISBN 978-3-86356-075-1,\u00a0 \u20ac [D]15,50<\/li>\n<li><strong>Gy\u0151rffy \u00c1kos, Regungslos<\/strong> (\u00dcbersetzung des Lyrikbandes <strong>Nem mozdul<\/strong> aus dem Ungarischen ins Deutsche<\/li>\n<li><strong><a href=\"http:\/\/wp.pop-verlag.com\/?page_id=2561\">Gy\u00f6rgy Mandics <\/a>\/ <a href=\"http:\/\/wp.pop-verlag.com\/?page_id=2563\">Zsuzsanna M. Veress<\/a>. <a href=\"http:\/\/wp.pop-verlag.com\/?p=2567\">Aus den Aufzeichnungen von J\u00e1nos Bolyai<\/a><\/strong><br \/>\nAus dem Ungarischen von Julia Schiff. \u00dcberarbeitet von Peter Gehrisch.Gedichte.Pop Lyrik. ISBN: 978-3-86356-148-2, 72 Seiten, \u20ac [D]16,50<\/li>\n<\/ul>\n<p>&nbsp;<\/p>\n<p>&nbsp;<\/p>\n","protected":false},"excerpt":{"rendered":"<p>Julia Schiff, * 1940 in Detta\/Rum\u00e4nien geboren, lebt heute in M\u00fcnchen. Mit elf wurde sie zusammen mit ihrer Familie f\u00fcr f\u00fcnf Jahre in die B\u0103r\u0103gan-Steppe deportiert \u2013 eine Erfahrung, die ihr ganzes Leben gepr\u00e4gt hat und auch den Stoff f\u00fcr &hellip; <a class=\"more-link\" href=\"https:\/\/wp.pop-verlag.com\/?page_id=2024\">Weiterlesen <span class=\"meta-nav\">&rarr;<\/span><\/a><\/p>\n","protected":false},"author":2,"featured_media":0,"parent":712,"menu_order":3,"comment_status":"closed","ping_status":"closed","template":"","meta":{"footnotes":""},"class_list":["post-2024","page","type-page","status-publish","hentry"],"jetpack_sharing_enabled":true,"_links":{"self":[{"href":"https:\/\/wp.pop-verlag.com\/index.php?rest_route=\/wp\/v2\/pages\/2024","targetHints":{"allow":["GET"]}}],"collection":[{"href":"https:\/\/wp.pop-verlag.com\/index.php?rest_route=\/wp\/v2\/pages"}],"about":[{"href":"https:\/\/wp.pop-verlag.com\/index.php?rest_route=\/wp\/v2\/types\/page"}],"author":[{"embeddable":true,"href":"https:\/\/wp.pop-verlag.com\/index.php?rest_route=\/wp\/v2\/users\/2"}],"replies":[{"embeddable":true,"href":"https:\/\/wp.pop-verlag.com\/index.php?rest_route=%2Fwp%2Fv2%2Fcomments&post=2024"}],"version-history":[{"count":5,"href":"https:\/\/wp.pop-verlag.com\/index.php?rest_route=\/wp\/v2\/pages\/2024\/revisions"}],"predecessor-version":[{"id":4924,"href":"https:\/\/wp.pop-verlag.com\/index.php?rest_route=\/wp\/v2\/pages\/2024\/revisions\/4924"}],"up":[{"embeddable":true,"href":"https:\/\/wp.pop-verlag.com\/index.php?rest_route=\/wp\/v2\/pages\/712"}],"wp:attachment":[{"href":"https:\/\/wp.pop-verlag.com\/index.php?rest_route=%2Fwp%2Fv2%2Fmedia&parent=2024"}],"curies":[{"name":"wp","href":"https:\/\/api.w.org\/{rel}","templated":true}]}}