{"id":1874,"date":"2017-01-11T06:00:56","date_gmt":"2017-01-11T06:00:56","guid":{"rendered":"http:\/\/wp.pop-verlag.com\/?page_id=1874"},"modified":"2018-10-06T04:52:43","modified_gmt":"2018-10-06T04:52:43","slug":"daniel-banulescu","status":"publish","type":"page","link":"https:\/\/wp.pop-verlag.com\/?page_id=1874","title":{"rendered":"Daniel B\u0103nulescu"},"content":{"rendered":"<p><strong><img loading=\"lazy\" decoding=\"async\" class=\"alignleft wp-image-1875 size-medium\" src=\"http:\/\/wp.pop-verlag.com\/wp-content\/uploads\/2017\/01\/Daniel-Banulescu-300x225.jpg\" alt=\"Daniel Banulescu\" width=\"300\" height=\"225\" srcset=\"https:\/\/wp.pop-verlag.com\/wp-content\/uploads\/2017\/01\/Daniel-Banulescu-300x225.jpg 300w, https:\/\/wp.pop-verlag.com\/wp-content\/uploads\/2017\/01\/Daniel-Banulescu-768x576.jpg 768w, https:\/\/wp.pop-verlag.com\/wp-content\/uploads\/2017\/01\/Daniel-Banulescu-1024x768.jpg 1024w, https:\/\/wp.pop-verlag.com\/wp-content\/uploads\/2017\/01\/Daniel-Banulescu-400x300.jpg 400w, https:\/\/wp.pop-verlag.com\/wp-content\/uploads\/2017\/01\/Daniel-Banulescu.jpg 1575w\" sizes=\"auto, (max-width: 300px) 100vw, 300px\" \/><a href=\"http:\/\/wp.pop-verlag.com\/?page_id=1874\">Daniel B\u0103nulescu<\/a><\/strong>, 1960 in Bukarest geboren. Er hat mehrere Gedichtb\u00e4nde ver\u00f6ffentlicht, einige Theaterst\u00fccke und den Romanzyklus \u201eDie sch\u00f6nste Geschichte der Welt\u201c, der sich zusammensetzt aus den Romanen \u201eIch k\u00fcsse dir den Hintern, geliebter F\u00fchrer\u201c, \u201eDer Teufel jagt nach deinem Herzen\u201c und \u201eDer beste Roman aller Zeiten\u201c.<br \/>\nZusammen mit seinem \u00dcbersetzer Ernest Wichner wurde er im Jahre<br \/>\n2005 mit dem Preis f\u00fcr Europ\u00e4ische Poesie der Stadt M\u00fcnster ausgezeichnet. Bislang wurden zwei Auswahlb\u00e4nde seiner Gedichte in deutscher Sprache ver\u00f6ffentlicht: \u201eSchrumpeln wirst du, wirst eine exotische Frucht sein\u201c (Abrasch, 2003) und \u201eWas sch\u00f6n ist und dem Daniel gef\u00e4llt\u201c (M\u00e4rz \/<br \/>\nSolitude, 2009).<\/p>\n<p><span class=\"readonlyText multiple\">Lieferbare Titel von <\/span><strong><a href=\"http:\/\/wp.pop-verlag.com\/?page_id=1874\">Daniel B\u0103nulescu<\/a>: <\/strong><\/p>\n<ul>\n<li><strong><a href=\"https:\/\/wp.pop-verlag.com\/?page_id=3419\">Romani\u0163a Constantinescu<\/a><a href=\"https:\/\/wp.pop-verlag.com\/?page_id=3419\">,<\/a> (Hrsg.), <i> <a href=\"https:\/\/wp.pop-verlag.com\/?p=3413\">Im kalten Schatten der Erinnerung<\/a><a href=\"https:\/\/traian.pop-verlag.com\/978-3-937139-76-0.htm\">.<\/a><\/i><\/strong> Eine Anthologie zeitgen\u00f6ssischer Prosa aus Rum\u00e4nien.\u00a0 (EPIK- Sammlung); 332\u00a0Seiten, ISBN: 978-3-937139-76-0, \u20ac[D] 20,00<\/li>\n<\/ul>\n<ul>\n<li><strong><a href=\"http:\/\/wp.pop-verlag.com\/?p=1881\">\u201eDer Teufel jagt nach deinem Herzen\u201c<\/a>.<\/strong> Roman. Aus dem Rum\u00e4nischen von <a href=\"http:\/\/wp.pop-verlag.com\/?page_id=1884\">Ernest Wichner<\/a>. Pop Epik. 214 Seiten, SBN 978-3-86356-178-9, \u20ac(D)18,50<\/li>\n<li><span class=\"readonlyText multiple\"><strong><a href=\"http:\/\/wp.pop-verlag.com\/?page_id=1874\">Daniel B\u0103nulescu<\/a>: Die Republik Daniel B\u0103nulescu. <\/strong><\/span>Gedichte. Aus dem Rum\u00e4nischen \u00fcbersetzt von Ernest Wichner. Pop Lyrik. 184 Seiten, ISBN: 978-3-86356-194-9, \u20ac(D)19,90<\/li>\n<li><strong><a href=\"https:\/\/wp.pop-verlag.com\/?p=3618\">Ich k\u00fcsse Dir den Hintern, geliebter F\u00fchrer<\/a><\/strong>. Roman. Aus dem Rum\u00e4nischen von Ernest Wichner. Pop Epik, ISBN: 978-3-86356-231-1, 274 Seiten, \u20ac[D]19,50<\/li>\n<\/ul>\n<p>&nbsp;<\/p>\n","protected":false},"excerpt":{"rendered":"<p>Daniel B\u0103nulescu, 1960 in Bukarest geboren. Er hat mehrere Gedichtb\u00e4nde ver\u00f6ffentlicht, einige Theaterst\u00fccke und den Romanzyklus \u201eDie sch\u00f6nste Geschichte der Welt\u201c, der sich zusammensetzt aus den Romanen \u201eIch k\u00fcsse dir den Hintern, geliebter F\u00fchrer\u201c, \u201eDer Teufel jagt nach deinem Herzen\u201c &hellip; <a class=\"more-link\" href=\"https:\/\/wp.pop-verlag.com\/?page_id=1874\">Weiterlesen <span class=\"meta-nav\">&rarr;<\/span><\/a><\/p>\n","protected":false},"author":2,"featured_media":0,"parent":660,"menu_order":1,"comment_status":"closed","ping_status":"closed","template":"","meta":{"footnotes":""},"class_list":["post-1874","page","type-page","status-publish","hentry"],"jetpack_sharing_enabled":true,"_links":{"self":[{"href":"https:\/\/wp.pop-verlag.com\/index.php?rest_route=\/wp\/v2\/pages\/1874","targetHints":{"allow":["GET"]}}],"collection":[{"href":"https:\/\/wp.pop-verlag.com\/index.php?rest_route=\/wp\/v2\/pages"}],"about":[{"href":"https:\/\/wp.pop-verlag.com\/index.php?rest_route=\/wp\/v2\/types\/page"}],"author":[{"embeddable":true,"href":"https:\/\/wp.pop-verlag.com\/index.php?rest_route=\/wp\/v2\/users\/2"}],"replies":[{"embeddable":true,"href":"https:\/\/wp.pop-verlag.com\/index.php?rest_route=%2Fwp%2Fv2%2Fcomments&post=1874"}],"version-history":[{"count":7,"href":"https:\/\/wp.pop-verlag.com\/index.php?rest_route=\/wp\/v2\/pages\/1874\/revisions"}],"predecessor-version":[{"id":3624,"href":"https:\/\/wp.pop-verlag.com\/index.php?rest_route=\/wp\/v2\/pages\/1874\/revisions\/3624"}],"up":[{"embeddable":true,"href":"https:\/\/wp.pop-verlag.com\/index.php?rest_route=\/wp\/v2\/pages\/660"}],"wp:attachment":[{"href":"https:\/\/wp.pop-verlag.com\/index.php?rest_route=%2Fwp%2Fv2%2Fmedia&parent=1874"}],"curies":[{"name":"wp","href":"https:\/\/api.w.org\/{rel}","templated":true}]}}