{"id":1850,"date":"2016-11-29T18:52:24","date_gmt":"2016-11-29T18:52:24","guid":{"rendered":"http:\/\/wp.pop-verlag.com\/?page_id=1850"},"modified":"2016-11-29T18:52:43","modified_gmt":"2016-11-29T18:52:43","slug":"bernd-fabritius","status":"publish","type":"page","link":"https:\/\/wp.pop-verlag.com\/?page_id=1850","title":{"rendered":"Bernd Fabritius"},"content":{"rendered":"<p>Dr. <a href=\"http:\/\/wp.pop-verlag.com\/?page_id=1850\">Bernd Fabritius<\/a>, *1965 in Agnetheln (Agnita), Siebenb\u00fcrgen (Rum\u00e4nien). Er studierte Politikwissenschaften (1989-1991) an der Hochschule f\u00fcr Politik (HFP), danach Rechtswissenschaften (1991-1995) an der Ludwig-Maximilians-Universit\u00e4t (LMU) M\u00fcnchen. Dr. Bernd Fabritius ist Pr\u00e4sident des Verbands der Siebenb\u00fcrger Sachsen in Deutschland e.V. und Pr\u00e4sident der F\u00f6deration der Siebenb\u00fcrger Sachsen in aller Welt. Er ist seit 2013 Mitglied des Deutschen Bundestages und dort Vorsitzender des Unterausschusses Ausw\u00e4rtige Kultur- und Bildungspolitik und Mitglied im Ausw\u00e4rtigen Ausschuss sowie im Ausschuss f\u00fcr Menschenrechte und Humanit\u00e4re Hilfe. Zudem vertritt er den Deutschen Bundestag bei der Parlamentarischen Versammlung des Europarates.<\/p>\n","protected":false},"excerpt":{"rendered":"<p>Dr. Bernd Fabritius, *1965 in Agnetheln (Agnita), Siebenb\u00fcrgen (Rum\u00e4nien). Er studierte Politikwissenschaften (1989-1991) an der Hochschule f\u00fcr Politik (HFP), danach Rechtswissenschaften (1991-1995) an der Ludwig-Maximilians-Universit\u00e4t (LMU) M\u00fcnchen. Dr. Bernd Fabritius ist Pr\u00e4sident des Verbands der Siebenb\u00fcrger Sachsen in Deutschland e.V. &hellip; <a class=\"more-link\" href=\"https:\/\/wp.pop-verlag.com\/?page_id=1850\">Weiterlesen <span class=\"meta-nav\">&rarr;<\/span><\/a><\/p>\n","protected":false},"author":2,"featured_media":0,"parent":687,"menu_order":1,"comment_status":"closed","ping_status":"closed","template":"","meta":{"footnotes":""},"class_list":["post-1850","page","type-page","status-publish","hentry"],"jetpack_sharing_enabled":true,"_links":{"self":[{"href":"https:\/\/wp.pop-verlag.com\/index.php?rest_route=\/wp\/v2\/pages\/1850","targetHints":{"allow":["GET"]}}],"collection":[{"href":"https:\/\/wp.pop-verlag.com\/index.php?rest_route=\/wp\/v2\/pages"}],"about":[{"href":"https:\/\/wp.pop-verlag.com\/index.php?rest_route=\/wp\/v2\/types\/page"}],"author":[{"embeddable":true,"href":"https:\/\/wp.pop-verlag.com\/index.php?rest_route=\/wp\/v2\/users\/2"}],"replies":[{"embeddable":true,"href":"https:\/\/wp.pop-verlag.com\/index.php?rest_route=%2Fwp%2Fv2%2Fcomments&post=1850"}],"version-history":[{"count":2,"href":"https:\/\/wp.pop-verlag.com\/index.php?rest_route=\/wp\/v2\/pages\/1850\/revisions"}],"predecessor-version":[{"id":1852,"href":"https:\/\/wp.pop-verlag.com\/index.php?rest_route=\/wp\/v2\/pages\/1850\/revisions\/1852"}],"up":[{"embeddable":true,"href":"https:\/\/wp.pop-verlag.com\/index.php?rest_route=\/wp\/v2\/pages\/687"}],"wp:attachment":[{"href":"https:\/\/wp.pop-verlag.com\/index.php?rest_route=%2Fwp%2Fv2%2Fmedia&parent=1850"}],"curies":[{"name":"wp","href":"https:\/\/api.w.org\/{rel}","templated":true}]}}