{"id":1810,"date":"2016-11-24T07:58:17","date_gmt":"2016-11-24T07:58:17","guid":{"rendered":"http:\/\/wp.pop-verlag.com\/?page_id=1810"},"modified":"2016-11-24T08:10:14","modified_gmt":"2016-11-24T08:10:14","slug":"marine-turaschwili","status":"publish","type":"page","link":"https:\/\/wp.pop-verlag.com\/?page_id=1810","title":{"rendered":"Marine Turaschwili"},"content":{"rendered":"<p><img loading=\"lazy\" decoding=\"async\" class=\"alignleft wp-image-1796 size-medium\" src=\"http:\/\/wp.pop-verlag.com\/wp-content\/uploads\/2016\/11\/Marine-Turashvili-181x300.jpg\" alt=\"Marine Turashvili\" width=\"181\" height=\"300\" srcset=\"https:\/\/wp.pop-verlag.com\/wp-content\/uploads\/2016\/11\/Marine-Turashvili-181x300.jpg 181w, https:\/\/wp.pop-verlag.com\/wp-content\/uploads\/2016\/11\/Marine-Turashvili-768x1271.jpg 768w, https:\/\/wp.pop-verlag.com\/wp-content\/uploads\/2016\/11\/Marine-Turashvili-619x1024.jpg 619w, https:\/\/wp.pop-verlag.com\/wp-content\/uploads\/2016\/11\/Marine-Turashvili.jpg 1181w\" sizes=\"auto, (max-width: 181px) 100vw, 181px\" \/><a href=\"http:\/\/wp.pop-verlag.com\/?page_id=1810\"><strong>Marine Turaschwili<\/strong><\/a>, Master of Phylology (1980), seit 2006 wissenschaftliche Mitarbeiterin der Folklore-Abteilung, seit 2009 Leiterin des Folklore-Archives am Shota Rustaveli Institut f\u00fcr Georgische Literatur. Seit 2014 ist sie\u00a0 Mitglied des Rats der jungen Wissenschaftler an der Nationalen Akademie der Wissenschaften. Sie absolvierte Iv. Jawachischwili Staatliche Universit\u00e4t Tibilisi, Philologische Fakult\u00e4t, war Postdiplomstudentin am Shota Rustaveli Institut f\u00fcr georgische Literatur. Autorin und Teilnehmerin verschiedener internationaler und lokaler Forschungsprojekte. Sie ist Autorin des Buches \u201eModerne georgische narrative Folklore (nach m\u00fcndlichen \u00dcberlieferungen)\u201c.<\/p>\n<p>&nbsp;<\/p>\n<p>&nbsp;<\/p>\n<p>&nbsp;<\/p>\n<p>Lieferbare Titel von <a href=\"http:\/\/wp.pop-verlag.com\/?page_id=1810\"><strong>Marine Turaschwili<\/strong><\/a>:<\/p>\n<p><a href=\"http:\/\/wp.pop-verlag.com\/?page_id=1792\">Maka Elbakidse<\/a>, <a href=\"http:\/\/wp.pop-verlag.com\/?page_id=1800\">Gaga Lomidse<\/a>, <a href=\"http:\/\/wp.pop-verlag.com\/?page_id=1804\">Irma Ratiani<\/a>, <a href=\"http:\/\/wp.pop-verlag.com\/?page_id=1807\">Miranda Tkeschelaschwili<\/a>, <a href=\"http:\/\/wp.pop-verlag.com\/?page_id=1810\">Marine Turaschwili<\/a>: <a href=\"http:\/\/wp.pop-verlag.com\/?p=1777\"><strong>\u201eEine kurze Einf\u00fchrung in die georgische Literatur\u201c<\/strong>. <\/a>Mit einem Vorwort von Irma Ratiani. \u00dcbersetzung aus dem Georgischen von Manana Paitschadse und Maja Lisowski.<\/p>\n<p>Universitas.<br \/>\nKaukasische Bibliothek.\u00a0Hrsg. <a href=\"http:\/\/wp.pop-verlag.com\/?page_id=1216\">Uli Rothfuss.<\/a> Band 13. (Georgien). 182 Seiten, 18,20 \u20ac<br \/>\nISBN 978-3-86356-139-0<\/p>\n","protected":false},"excerpt":{"rendered":"<p>Marine Turaschwili, Master of Phylology (1980), seit 2006 wissenschaftliche Mitarbeiterin der Folklore-Abteilung, seit 2009 Leiterin des Folklore-Archives am Shota Rustaveli Institut f\u00fcr Georgische Literatur. Seit 2014 ist sie\u00a0 Mitglied des Rats der jungen Wissenschaftler an der Nationalen Akademie der Wissenschaften. &hellip; <a class=\"more-link\" href=\"https:\/\/wp.pop-verlag.com\/?page_id=1810\">Weiterlesen <span class=\"meta-nav\">&rarr;<\/span><\/a><\/p>\n","protected":false},"author":2,"featured_media":0,"parent":679,"menu_order":6,"comment_status":"closed","ping_status":"closed","template":"","meta":{"footnotes":""},"class_list":["post-1810","page","type-page","status-publish","hentry"],"jetpack_sharing_enabled":true,"_links":{"self":[{"href":"https:\/\/wp.pop-verlag.com\/index.php?rest_route=\/wp\/v2\/pages\/1810","targetHints":{"allow":["GET"]}}],"collection":[{"href":"https:\/\/wp.pop-verlag.com\/index.php?rest_route=\/wp\/v2\/pages"}],"about":[{"href":"https:\/\/wp.pop-verlag.com\/index.php?rest_route=\/wp\/v2\/types\/page"}],"author":[{"embeddable":true,"href":"https:\/\/wp.pop-verlag.com\/index.php?rest_route=\/wp\/v2\/users\/2"}],"replies":[{"embeddable":true,"href":"https:\/\/wp.pop-verlag.com\/index.php?rest_route=%2Fwp%2Fv2%2Fcomments&post=1810"}],"version-history":[{"count":3,"href":"https:\/\/wp.pop-verlag.com\/index.php?rest_route=\/wp\/v2\/pages\/1810\/revisions"}],"predecessor-version":[{"id":1820,"href":"https:\/\/wp.pop-verlag.com\/index.php?rest_route=\/wp\/v2\/pages\/1810\/revisions\/1820"}],"up":[{"embeddable":true,"href":"https:\/\/wp.pop-verlag.com\/index.php?rest_route=\/wp\/v2\/pages\/679"}],"wp:attachment":[{"href":"https:\/\/wp.pop-verlag.com\/index.php?rest_route=%2Fwp%2Fv2%2Fmedia&parent=1810"}],"curies":[{"name":"wp","href":"https:\/\/api.w.org\/{rel}","templated":true}]}}