{"id":1807,"date":"2016-11-24T07:57:03","date_gmt":"2016-11-24T07:57:03","guid":{"rendered":"http:\/\/wp.pop-verlag.com\/?page_id=1807"},"modified":"2016-11-24T08:09:04","modified_gmt":"2016-11-24T08:09:04","slug":"miranda-tkeshelasvili","status":"publish","type":"page","link":"https:\/\/wp.pop-verlag.com\/?page_id=1807","title":{"rendered":"Miranda Tkeshelasvili"},"content":{"rendered":"<p><img loading=\"lazy\" decoding=\"async\" class=\"alignleft wp-image-1797 size-medium\" src=\"http:\/\/wp.pop-verlag.com\/wp-content\/uploads\/2016\/11\/Miranda-Tkeshelashvili-225x300.jpg\" alt=\"Miranda Tkeshelashvili\" width=\"225\" height=\"300\" srcset=\"https:\/\/wp.pop-verlag.com\/wp-content\/uploads\/2016\/11\/Miranda-Tkeshelashvili-225x300.jpg 225w, https:\/\/wp.pop-verlag.com\/wp-content\/uploads\/2016\/11\/Miranda-Tkeshelashvili-768x1026.jpg 768w, https:\/\/wp.pop-verlag.com\/wp-content\/uploads\/2016\/11\/Miranda-Tkeshelashvili-767x1024.jpg 767w, https:\/\/wp.pop-verlag.com\/wp-content\/uploads\/2016\/11\/Miranda-Tkeshelashvili.jpg 1181w\" sizes=\"auto, (max-width: 225px) 100vw, 225px\" \/><a href=\"http:\/\/wp.pop-verlag.com\/?page_id=1807\"><strong>Miranda Tkeshelasvili<\/strong><\/a>, Doktor der Philologie, wissenschaftliche Sekret\u00e4rin des Shota Rustaveli Instituts f\u00fcr georgische Literatur und wissenschaftliche Forschungskraft an der Abteilung f\u00fcr georgischen Literatur. Sie arbeitete bei mehreren georgischen Zeitschriften. Das Hauptfeld des wissenschaftlichen Interesses von Miranda Tkeschelaschwili umfasst: Geschichte des georgischen Journalismus und zeitgen\u00f6ssische georgische Literatur. Sie ist Teilnehmerin mehrerer F\u00f6rderprojekte und Konferenzen, au\u00dferdem Autorin von mehr als 30 wissenschaftlichen Artikeln.<\/p>\n<p>&nbsp;<\/p>\n<p>&nbsp;<\/p>\n<p>&nbsp;<\/p>\n<p>Lieferbare Titel von <a href=\"http:\/\/wp.pop-verlag.com\/?page_id=1807\"><strong>Miranda Tkeshelasvili<\/strong><\/a>:<\/p>\n<p><a href=\"http:\/\/wp.pop-verlag.com\/?page_id=1792\">Maka Elbakidse<\/a>, <a href=\"http:\/\/wp.pop-verlag.com\/?page_id=1800\">Gaga Lomidse<\/a>, <a href=\"http:\/\/wp.pop-verlag.com\/?page_id=1804\">Irma Ratiani<\/a>, <a href=\"http:\/\/wp.pop-verlag.com\/?page_id=1807\">Miranda Tkeschelaschwili<\/a>, <a href=\"http:\/\/wp.pop-verlag.com\/?page_id=1810\">Marine Turaschwili<\/a>: <a href=\"http:\/\/wp.pop-verlag.com\/?p=1777\"><strong>\u201eEine kurze Einf\u00fchrung in die georgische Literatur\u201c<\/strong>. <\/a>Mit einem Vorwort von Irma Ratiani. \u00dcbersetzung aus dem Georgischen von Manana Paitschadse und Maja Lisowski.<\/p>\n<p>Universitas.<br \/>\nKaukasische Bibliothek.\u00a0Hrsg. <a href=\"http:\/\/wp.pop-verlag.com\/?page_id=1216\">Uli Rothfuss.<\/a> Band 13. (Georgien). 182 Seiten, 18,20 \u20ac<br \/>\nISBN 978-3-86356-139-0<\/p>\n","protected":false},"excerpt":{"rendered":"<p>Miranda Tkeshelasvili, Doktor der Philologie, wissenschaftliche Sekret\u00e4rin des Shota Rustaveli Instituts f\u00fcr georgische Literatur und wissenschaftliche Forschungskraft an der Abteilung f\u00fcr georgischen Literatur. Sie arbeitete bei mehreren georgischen Zeitschriften. Das Hauptfeld des wissenschaftlichen Interesses von Miranda Tkeschelaschwili umfasst: Geschichte des &hellip; <a class=\"more-link\" href=\"https:\/\/wp.pop-verlag.com\/?page_id=1807\">Weiterlesen <span class=\"meta-nav\">&rarr;<\/span><\/a><\/p>\n","protected":false},"author":2,"featured_media":0,"parent":679,"menu_order":5,"comment_status":"closed","ping_status":"closed","template":"","meta":{"footnotes":""},"class_list":["post-1807","page","type-page","status-publish","hentry"],"jetpack_sharing_enabled":true,"_links":{"self":[{"href":"https:\/\/wp.pop-verlag.com\/index.php?rest_route=\/wp\/v2\/pages\/1807","targetHints":{"allow":["GET"]}}],"collection":[{"href":"https:\/\/wp.pop-verlag.com\/index.php?rest_route=\/wp\/v2\/pages"}],"about":[{"href":"https:\/\/wp.pop-verlag.com\/index.php?rest_route=\/wp\/v2\/types\/page"}],"author":[{"embeddable":true,"href":"https:\/\/wp.pop-verlag.com\/index.php?rest_route=\/wp\/v2\/users\/2"}],"replies":[{"embeddable":true,"href":"https:\/\/wp.pop-verlag.com\/index.php?rest_route=%2Fwp%2Fv2%2Fcomments&post=1807"}],"version-history":[{"count":3,"href":"https:\/\/wp.pop-verlag.com\/index.php?rest_route=\/wp\/v2\/pages\/1807\/revisions"}],"predecessor-version":[{"id":1819,"href":"https:\/\/wp.pop-verlag.com\/index.php?rest_route=\/wp\/v2\/pages\/1807\/revisions\/1819"}],"up":[{"embeddable":true,"href":"https:\/\/wp.pop-verlag.com\/index.php?rest_route=\/wp\/v2\/pages\/679"}],"wp:attachment":[{"href":"https:\/\/wp.pop-verlag.com\/index.php?rest_route=%2Fwp%2Fv2%2Fmedia&parent=1807"}],"curies":[{"name":"wp","href":"https:\/\/api.w.org\/{rel}","templated":true}]}}