{"id":1804,"date":"2016-11-24T07:55:24","date_gmt":"2016-11-24T07:55:24","guid":{"rendered":"http:\/\/wp.pop-verlag.com\/?page_id=1804"},"modified":"2016-11-24T08:08:07","modified_gmt":"2016-11-24T08:08:07","slug":"irma-ratiani","status":"publish","type":"page","link":"https:\/\/wp.pop-verlag.com\/?page_id=1804","title":{"rendered":"Irma Ratiani"},"content":{"rendered":"<p><img loading=\"lazy\" decoding=\"async\" class=\"alignleft wp-image-1793 size-medium\" src=\"http:\/\/wp.pop-verlag.com\/wp-content\/uploads\/2016\/11\/Irma-Ratiani_1-205x300.jpg\" alt=\"Irma Ratiani_1\" width=\"205\" height=\"300\" srcset=\"https:\/\/wp.pop-verlag.com\/wp-content\/uploads\/2016\/11\/Irma-Ratiani_1-205x300.jpg 205w, https:\/\/wp.pop-verlag.com\/wp-content\/uploads\/2016\/11\/Irma-Ratiani_1-768x1124.jpg 768w, https:\/\/wp.pop-verlag.com\/wp-content\/uploads\/2016\/11\/Irma-Ratiani_1-700x1024.jpg 700w, https:\/\/wp.pop-verlag.com\/wp-content\/uploads\/2016\/11\/Irma-Ratiani_1.jpg 1044w\" sizes=\"auto, (max-width: 205px) 100vw, 205px\" \/><strong><a href=\"http:\/\/wp.pop-verlag.com\/?page_id=1804\">Irma Ratiani<\/a><\/strong>, georgische Wissenschaftlerin, Redakteurin und \u00dcbersetzerin. Sie ist Professorin an der Iv. Jawachischwili Staatlichen Universit\u00e4t Tbilissi. Sie ist Leiterin der Abteilung f\u00fcr Allgemeine und Vergleichende Literaturwissenschaft. 2006 wurde sie zur Direktorin des Shota Rustaveli Instituts f\u00fcr Georgische Literatur gew\u00e4hlt. Sie ist Ehrenpr\u00e4sidentin der Georgischen Assoziation der Vergleichenden Literaturwissenschaft (GCLA). Im Jahr 2015 wurde ihre Langzeitarbeit ver\u00f6ffentlicht: \u201eGeorgische Literatur und literarische Prozesse\u201c. Im Jahr 2012 wurde Irma Ratiani mit dem Grigol Kiknadse Preis f\u00fcr die Monographie \u201eDer Text und das Chronotop\u201c ausgezeichnet. Im Jahr 2013 erhielt sie den Orden der Presidential Excellence von Georgien. Sie ist Autorin mehrerer B\u00fccher, Lehrb\u00fccher und mehr als 80 wissenschaftlicher Artikel. I. Ratiani ist Chefredakteurin der wissenschaftlichen Arikelsammlung &#8211; \u201eTotalitarismus und Literaturdiskurs. Erfahrung des 20. Jahrhunderts\u201c, ver\u00f6ffentlicht im Jahr 2012 von Cambridge Scholars Publishing.<\/p>\n<p>Lieferbare Titel von <strong><a href=\"http:\/\/wp.pop-verlag.com\/?page_id=1804\">Irma Ratiani<\/a><\/strong>:<\/p>\n<p><a href=\"http:\/\/wp.pop-verlag.com\/?page_id=1792\">Maka Elbakidse<\/a>, <a href=\"http:\/\/wp.pop-verlag.com\/?page_id=1800\">Gaga Lomidse<\/a>, <a href=\"http:\/\/wp.pop-verlag.com\/?page_id=1804\">Irma Ratiani<\/a>, <a href=\"http:\/\/wp.pop-verlag.com\/?page_id=1807\">Miranda Tkeschelaschwili<\/a>, <a href=\"http:\/\/wp.pop-verlag.com\/?page_id=1810\">Marine Turaschwili<\/a>: <strong><a href=\"http:\/\/wp.pop-verlag.com\/?p=1777\">\u201eEine kurze Einf\u00fchrung in die georgische Literatur\u201c. <\/a><\/strong>Mit einem Vorwort von Irma Ratiani. \u00dcbersetzung aus dem Georgischen von Manana Paitschadse und Maja Lisowski.<\/p>\n<p>Universitas.<br \/>\nKaukasische Bibliothek.\u00a0Hrsg. <a href=\"http:\/\/wp.pop-verlag.com\/?page_id=1216\">Uli Rothfuss.<\/a> Band 13. (Georgien). 182 Seiten, 18,20 \u20ac<br \/>\nISBN 978-3-86356-139-0<\/p>\n","protected":false},"excerpt":{"rendered":"<p>Irma Ratiani, georgische Wissenschaftlerin, Redakteurin und \u00dcbersetzerin. Sie ist Professorin an der Iv. Jawachischwili Staatlichen Universit\u00e4t Tbilissi. Sie ist Leiterin der Abteilung f\u00fcr Allgemeine und Vergleichende Literaturwissenschaft. 2006 wurde sie zur Direktorin des Shota Rustaveli Instituts f\u00fcr Georgische Literatur gew\u00e4hlt. &hellip; <a class=\"more-link\" href=\"https:\/\/wp.pop-verlag.com\/?page_id=1804\">Weiterlesen <span class=\"meta-nav\">&rarr;<\/span><\/a><\/p>\n","protected":false},"author":2,"featured_media":0,"parent":708,"menu_order":1,"comment_status":"closed","ping_status":"closed","template":"","meta":{"footnotes":""},"class_list":["post-1804","page","type-page","status-publish","hentry"],"jetpack_sharing_enabled":true,"_links":{"self":[{"href":"https:\/\/wp.pop-verlag.com\/index.php?rest_route=\/wp\/v2\/pages\/1804","targetHints":{"allow":["GET"]}}],"collection":[{"href":"https:\/\/wp.pop-verlag.com\/index.php?rest_route=\/wp\/v2\/pages"}],"about":[{"href":"https:\/\/wp.pop-verlag.com\/index.php?rest_route=\/wp\/v2\/types\/page"}],"author":[{"embeddable":true,"href":"https:\/\/wp.pop-verlag.com\/index.php?rest_route=\/wp\/v2\/users\/2"}],"replies":[{"embeddable":true,"href":"https:\/\/wp.pop-verlag.com\/index.php?rest_route=%2Fwp%2Fv2%2Fcomments&post=1804"}],"version-history":[{"count":5,"href":"https:\/\/wp.pop-verlag.com\/index.php?rest_route=\/wp\/v2\/pages\/1804\/revisions"}],"predecessor-version":[{"id":1818,"href":"https:\/\/wp.pop-verlag.com\/index.php?rest_route=\/wp\/v2\/pages\/1804\/revisions\/1818"}],"up":[{"embeddable":true,"href":"https:\/\/wp.pop-verlag.com\/index.php?rest_route=\/wp\/v2\/pages\/708"}],"wp:attachment":[{"href":"https:\/\/wp.pop-verlag.com\/index.php?rest_route=%2Fwp%2Fv2%2Fmedia&parent=1804"}],"curies":[{"name":"wp","href":"https:\/\/api.w.org\/{rel}","templated":true}]}}