{"id":1800,"date":"2016-11-24T07:53:56","date_gmt":"2016-11-24T07:53:56","guid":{"rendered":"http:\/\/wp.pop-verlag.com\/?page_id=1800"},"modified":"2016-11-24T08:02:19","modified_gmt":"2016-11-24T08:02:19","slug":"gaga-lomidse","status":"publish","type":"page","link":"https:\/\/wp.pop-verlag.com\/?page_id=1800","title":{"rendered":"Gaga Lomidse"},"content":{"rendered":"<p><img loading=\"lazy\" decoding=\"async\" class=\"alignleft wp-image-1801 size-medium\" src=\"http:\/\/wp.pop-verlag.com\/wp-content\/uploads\/2016\/11\/Gaga-Lomidze-200x300.jpg\" alt=\"Gaga Lomidze\" width=\"200\" height=\"300\" srcset=\"https:\/\/wp.pop-verlag.com\/wp-content\/uploads\/2016\/11\/Gaga-Lomidze-200x300.jpg 200w, https:\/\/wp.pop-verlag.com\/wp-content\/uploads\/2016\/11\/Gaga-Lomidze-768x1151.jpg 768w, https:\/\/wp.pop-verlag.com\/wp-content\/uploads\/2016\/11\/Gaga-Lomidze-683x1024.jpg 683w\" sizes=\"auto, (max-width: 200px) 100vw, 200px\" \/><strong><a href=\"http:\/\/wp.pop-verlag.com\/?page_id=1800\">Gaga Lomidse<\/a><\/strong>, absolvierte die Iv. Jawachischwili Staatliche Universit\u00e4t Tbilissi (1995). Er promovierte am Shota Rustaveli Institut f\u00fcr Georgische Literatur. Derzeit arbeitet er am Shota Rustaveli Institut f\u00fcr Georgische Literatur als Leiter der Abteilung f\u00fcr Literaturwissenschaft und Vergleichende Literaturwissenschaft. Er ist Assistenz-Professor an der Staatlichen Universit\u00e4t Tbilissi. G. Lomidse ist Pr\u00e4sident der Georgischen Assoziation der Vergleichenden Literaturwissenschaft (GCLA) und Mitglied der Internationalen Assoziation der Vergleichenden Literaturwissenschaft (ICLA). Er ist Autor zahlreicher kritischer Artikel und wissenschaftlicher Forschungen sowie von B\u00fcchern (davon: sieben \u00dcbersetzungen und eins in Zusammenarbeit). Er ist Herausgeber der Anthologie der zeitgen\u00f6ssischen georgischen Poesie \u201eSechs georgische Dichter\u201c (Arc Publications, London, UK, 2016).<\/p>\n<p><strong><\/strong>Lieferbare Titel von <strong><a href=\"http:\/\/wp.pop-verlag.com\/?page_id=1800\">Gaga Lomidse<\/a><\/strong>:<\/p>\n<p><a href=\"http:\/\/wp.pop-verlag.com\/?page_id=1792\">Maka Elbakidse<\/a>, <a href=\"http:\/\/wp.pop-verlag.com\/?page_id=1800\">Gaga Lomidse<\/a>, <a href=\"http:\/\/wp.pop-verlag.com\/?page_id=1804\">Irma Ratiani<\/a>, <a href=\"http:\/\/wp.pop-verlag.com\/?page_id=1807\">Miranda Tkeschelaschwili<\/a>, <a href=\"http:\/\/wp.pop-verlag.com\/?page_id=1810\">Marine Turaschwili<\/a>: <a href=\"http:\/\/wp.pop-verlag.com\/?p=1777\">\u201eEine kurze Einf\u00fchrung in die georgische Literatur\u201c. <\/a>Mit einem Vorwort von Irma Ratiani. \u00dcbersetzung aus dem Georgischen von Manana Paitschadse und Maja Lisowski.<\/p>\n<p>Universitas.<br \/>\nKaukasische Bibliothek.\u00a0Hrsg. <a href=\"http:\/\/wp.pop-verlag.com\/?page_id=1216\">Uli Rothfuss.<\/a> Band 13. (Georgien). 182 Seiten, 18,20 \u20ac<br \/>\nISBN 978-3-86356-139-0<\/p>\n","protected":false},"excerpt":{"rendered":"<p>Gaga Lomidse, absolvierte die Iv. Jawachischwili Staatliche Universit\u00e4t Tbilissi (1995). Er promovierte am Shota Rustaveli Institut f\u00fcr Georgische Literatur. Derzeit arbeitet er am Shota Rustaveli Institut f\u00fcr Georgische Literatur als Leiter der Abteilung f\u00fcr Literaturwissenschaft und Vergleichende Literaturwissenschaft. Er ist &hellip; <a class=\"more-link\" href=\"https:\/\/wp.pop-verlag.com\/?page_id=1800\">Weiterlesen <span class=\"meta-nav\">&rarr;<\/span><\/a><\/p>\n","protected":false},"author":2,"featured_media":0,"parent":697,"menu_order":3,"comment_status":"closed","ping_status":"closed","template":"","meta":{"footnotes":""},"class_list":["post-1800","page","type-page","status-publish","hentry"],"jetpack_sharing_enabled":true,"_links":{"self":[{"href":"https:\/\/wp.pop-verlag.com\/index.php?rest_route=\/wp\/v2\/pages\/1800","targetHints":{"allow":["GET"]}}],"collection":[{"href":"https:\/\/wp.pop-verlag.com\/index.php?rest_route=\/wp\/v2\/pages"}],"about":[{"href":"https:\/\/wp.pop-verlag.com\/index.php?rest_route=\/wp\/v2\/types\/page"}],"author":[{"embeddable":true,"href":"https:\/\/wp.pop-verlag.com\/index.php?rest_route=\/wp\/v2\/users\/2"}],"replies":[{"embeddable":true,"href":"https:\/\/wp.pop-verlag.com\/index.php?rest_route=%2Fwp%2Fv2%2Fcomments&post=1800"}],"version-history":[{"count":3,"href":"https:\/\/wp.pop-verlag.com\/index.php?rest_route=\/wp\/v2\/pages\/1800\/revisions"}],"predecessor-version":[{"id":1815,"href":"https:\/\/wp.pop-verlag.com\/index.php?rest_route=\/wp\/v2\/pages\/1800\/revisions\/1815"}],"up":[{"embeddable":true,"href":"https:\/\/wp.pop-verlag.com\/index.php?rest_route=\/wp\/v2\/pages\/697"}],"wp:attachment":[{"href":"https:\/\/wp.pop-verlag.com\/index.php?rest_route=%2Fwp%2Fv2%2Fmedia&parent=1800"}],"curies":[{"name":"wp","href":"https:\/\/api.w.org\/{rel}","templated":true}]}}