{"id":1792,"date":"2016-11-24T07:51:21","date_gmt":"2016-11-24T07:51:21","guid":{"rendered":"http:\/\/wp.pop-verlag.com\/?page_id=1792"},"modified":"2016-11-24T08:00:54","modified_gmt":"2016-11-24T08:00:54","slug":"maka-elbakidse","status":"publish","type":"page","link":"https:\/\/wp.pop-verlag.com\/?page_id=1792","title":{"rendered":"Maka Elbakidse"},"content":{"rendered":"<p><img loading=\"lazy\" decoding=\"async\" class=\"alignleft wp-image-1795 size-medium\" src=\"http:\/\/wp.pop-verlag.com\/wp-content\/uploads\/2016\/11\/Maka-Elbakidze_1-173x300.jpg\" alt=\"Maka Elbakidze_1\" width=\"173\" height=\"300\" srcset=\"https:\/\/wp.pop-verlag.com\/wp-content\/uploads\/2016\/11\/Maka-Elbakidze_1-173x300.jpg 173w, https:\/\/wp.pop-verlag.com\/wp-content\/uploads\/2016\/11\/Maka-Elbakidze_1-768x1328.jpg 768w, https:\/\/wp.pop-verlag.com\/wp-content\/uploads\/2016\/11\/Maka-Elbakidze_1-592x1024.jpg 592w, https:\/\/wp.pop-verlag.com\/wp-content\/uploads\/2016\/11\/Maka-Elbakidze_1.jpg 1772w\" sizes=\"auto, (max-width: 173px) 100vw, 173px\" \/><strong><a href=\"http:\/\/wp.pop-verlag.com\/?page_id=1792\">Maka Elbakidse<\/a><\/strong>, Doktor der Philologie (Promotion 1990). Professor an der Iv. Jawachischwili Staatlichen Universit\u00e4t Tbilissi und die stellvertretende Direktorin am Shota Rustaveli Institut f\u00fcr Georgische Literatur. Autorin von mehr als 60 ver\u00f6ffentlichten wissenschaftlichen Artikeln und der Monographie \u201eEinige Probleme der Poetik von Rustawelis Epos Der Recke im Tigerfell im typologischen Vergleich zur franz\u00f6sischen Chivalry-Romanze\u201c (2007). Sie ist Mitglied der Internationalen Assoziation der Vergleichenden Literaturwissenschaft und der Georgischen Assoziation der Vergleichenden Literaturwissenschaft; Chefredakteurin der wissenschaftlichen literarischen Zeitschrift \u201eLiterarische Forschungen\u201c.<\/p>\n<p>&nbsp;<\/p>\n<p>&nbsp;<\/p>\n<p>Lieferbare Titel von <strong><a href=\"http:\/\/wp.pop-verlag.com\/?page_id=1792\">Maka Elbakidse<\/a><\/strong>:<\/p>\n<p><a href=\"http:\/\/wp.pop-verlag.com\/?page_id=1792\">Maka Elbakidse<\/a>, <a href=\"http:\/\/wp.pop-verlag.com\/?page_id=1800\">Gaga Lomidse<\/a>, <a href=\"http:\/\/wp.pop-verlag.com\/?page_id=1804\">Irma Ratiani<\/a>, <a href=\"http:\/\/wp.pop-verlag.com\/?page_id=1807\">Miranda Tkeschelaschwili<\/a>, <a href=\"http:\/\/wp.pop-verlag.com\/?page_id=1810\">Marine Turaschwili<\/a>: <a href=\"http:\/\/wp.pop-verlag.com\/?p=1777\">\u201eEine kurze Einf\u00fchrung in die georgische Literatur\u201c. <\/a>Mit einem Vorwort von Irma Ratiani. \u00dcbersetzung aus dem Georgischen von Manana Paitschadse und Maja Lisowski.<\/p>\n<p>Universitas.<br \/>\nKaukasische Bibliothek.\u00a0Hrsg. <a href=\"http:\/\/wp.pop-verlag.com\/?page_id=1216\">Uli Rothfuss.<\/a> Band 13. (Georgien). 182 Seiten, 18,20 \u20ac<br \/>\nISBN 978-3-86356-139-0<\/p>\n","protected":false},"excerpt":{"rendered":"<p>Maka Elbakidse, Doktor der Philologie (Promotion 1990). Professor an der Iv. Jawachischwili Staatlichen Universit\u00e4t Tbilissi und die stellvertretende Direktorin am Shota Rustaveli Institut f\u00fcr Georgische Literatur. Autorin von mehr als 60 ver\u00f6ffentlichten wissenschaftlichen Artikeln und der Monographie \u201eEinige Probleme der &hellip; <a class=\"more-link\" href=\"https:\/\/wp.pop-verlag.com\/?page_id=1792\">Weiterlesen <span class=\"meta-nav\">&rarr;<\/span><\/a><\/p>\n","protected":false},"author":2,"featured_media":0,"parent":666,"menu_order":1,"comment_status":"closed","ping_status":"closed","template":"","meta":{"footnotes":""},"class_list":["post-1792","page","type-page","status-publish","hentry"],"jetpack_sharing_enabled":true,"_links":{"self":[{"href":"https:\/\/wp.pop-verlag.com\/index.php?rest_route=\/wp\/v2\/pages\/1792","targetHints":{"allow":["GET"]}}],"collection":[{"href":"https:\/\/wp.pop-verlag.com\/index.php?rest_route=\/wp\/v2\/pages"}],"about":[{"href":"https:\/\/wp.pop-verlag.com\/index.php?rest_route=\/wp\/v2\/types\/page"}],"author":[{"embeddable":true,"href":"https:\/\/wp.pop-verlag.com\/index.php?rest_route=\/wp\/v2\/users\/2"}],"replies":[{"embeddable":true,"href":"https:\/\/wp.pop-verlag.com\/index.php?rest_route=%2Fwp%2Fv2%2Fcomments&post=1792"}],"version-history":[{"count":4,"href":"https:\/\/wp.pop-verlag.com\/index.php?rest_route=\/wp\/v2\/pages\/1792\/revisions"}],"predecessor-version":[{"id":1814,"href":"https:\/\/wp.pop-verlag.com\/index.php?rest_route=\/wp\/v2\/pages\/1792\/revisions\/1814"}],"up":[{"embeddable":true,"href":"https:\/\/wp.pop-verlag.com\/index.php?rest_route=\/wp\/v2\/pages\/666"}],"wp:attachment":[{"href":"https:\/\/wp.pop-verlag.com\/index.php?rest_route=%2Fwp%2Fv2%2Fmedia&parent=1792"}],"curies":[{"name":"wp","href":"https:\/\/api.w.org\/{rel}","templated":true}]}}