{"id":1723,"date":"2016-11-04T03:41:03","date_gmt":"2016-11-04T03:41:03","guid":{"rendered":"http:\/\/wp.pop-verlag.com\/?page_id=1723"},"modified":"2025-03-16T16:01:57","modified_gmt":"2025-03-16T16:01:57","slug":"edith-ottschofski","status":"publish","type":"page","link":"https:\/\/wp.pop-verlag.com\/?page_id=1723","title":{"rendered":"Edith Ottschofski"},"content":{"rendered":"<p style=\"text-align: justify;\"><strong><img loading=\"lazy\" decoding=\"async\" class=\"alignleft wp-image-7134 size-medium\" src=\"https:\/\/wp.pop-verlag.com\/wp-content\/uploads\/2025\/03\/xx-Edith-Ottschofski-2024-Kopie-300x169.jpg\" alt=\"\" width=\"300\" height=\"169\" srcset=\"https:\/\/wp.pop-verlag.com\/wp-content\/uploads\/2025\/03\/xx-Edith-Ottschofski-2024-Kopie-300x169.jpg 300w, https:\/\/wp.pop-verlag.com\/wp-content\/uploads\/2025\/03\/xx-Edith-Ottschofski-2024-Kopie-1024x576.jpg 1024w, https:\/\/wp.pop-verlag.com\/wp-content\/uploads\/2025\/03\/xx-Edith-Ottschofski-2024-Kopie-768x432.jpg 768w, https:\/\/wp.pop-verlag.com\/wp-content\/uploads\/2025\/03\/xx-Edith-Ottschofski-2024-Kopie-1536x864.jpg 1536w, https:\/\/wp.pop-verlag.com\/wp-content\/uploads\/2025\/03\/xx-Edith-Ottschofski-2024-Kopie-500x281.jpg 500w, https:\/\/wp.pop-verlag.com\/wp-content\/uploads\/2025\/03\/xx-Edith-Ottschofski-2024-Kopie.jpg 1920w\" sizes=\"auto, (max-width: 300px) 100vw, 300px\" \/><\/strong><\/p>\n<ul>\n<li><strong><a href=\"http:\/\/wp.pop-verlag.com\/?page_id=1723\">Edith Ottschofski<\/a><\/strong> wurde 1964 in Temeswar im Banat\/Rum\u00e4nien geboren. 1990 reiste sie in die Bundesrepublik Deutschland aus und war zun\u00e4chst als Dolmetscherin in Bayern t\u00e4tig. Nach Freiburg und Paris kam sie 1995 nach Berlin, wo sie zurzeit lebt. Sie ist Lyrikerin und Prosaautorin, ver\u00f6ffentlicht aber auch journalistische Texte und \u00dcbersetzungen. 2010 ist ihr Gedichtband \u201eder schaum der w\u00f6rter\u201c im Johannis Reeg Verlag, Bamberg, erschienen. Im Pop Verlag erschien 2016 der Roman <a href=\"http:\/\/wp.pop-verlag.com\/?p=1762\">\u201eLuftwurzeln\u201c<\/a>. Darauf folgten zwei Gedichtb\u00e4nde: \u201e<a href=\"http:\/\/wp.pop-verlag.com\/?p=3079\">im wohlklang unverhohlen\u201c<\/a>, Gedichte, 2018 und \u201e<a href=\"https:\/\/wp.pop-verlag.com\/?p=6192\"><strong>saumselige ann\u00e4herung\u201c\u00a0<\/strong><\/a>Gedichte, 2022. Au\u00dferdem ver\u00f6ffentlichte sie Lyrik, Prosa sowie \u00dcbersetzungen in mehreren deutschen Literaturzeitschriften. \u00a0Seit 2022 ist sie im Vorstand des Berliner Schriftstellerverbands bei ver.di.<\/li>\n<\/ul>\n<p><span class=\"readonlyText multiple\"><strong>Lieferbare Titel<\/strong> von <\/span><a href=\"http:\/\/wp.pop-verlag.com\/?page_id=1723\">Edith Ottschofski<\/a>:<\/p>\n<ul>\n<li><strong><a href=\"http:\/\/wp.pop-verlag.com\/?p=1762\">\u201eLuftwurzeln\u201c<\/a>. Roman.<\/strong> Reihe Epik. 276 Seiten, \u20ac(D)16,90<br \/>\nISBN 978-3-86356-137-6<\/li>\n<li><strong><a href=\"http:\/\/wp.pop-verlag.com\/?p=3079\">im wohlklang unverhohlen.<\/a><\/strong>Gedichte. Mit bildnerischen Arbeiten von Ilse Hehn. Reihe Lyrik. ISBN: 978-3-86356-198-7, 144 Seiten, \u20ac(D)16,50<\/li>\n<li><strong><a href=\"https:\/\/wp.pop-verlag.com\/?p=6192\">saumselige ann\u00e4herung.\u00a0<\/a><\/strong>Gedichte. Mit bildnerischen Arbeiten von <a href=\"https:\/\/wp.pop-verlag.com\/?page_id=579\">Ilse Hehn.\u00a0<\/a>Reihe Lyrik Bd. 172, Kartoniert mit Schutzumschlag (bedruckt), ISBN: 978-3-86356-352-3, 144 Seiten, \u20ac(D)16,50<\/li>\n<\/ul>\n<p>Autorenfoto: \u00a9 Louise Ottschofski<\/p>\n","protected":false},"excerpt":{"rendered":"<p>Edith Ottschofski wurde 1964 in Temeswar im Banat\/Rum\u00e4nien geboren. 1990 reiste sie in die Bundesrepublik Deutschland aus und war zun\u00e4chst als Dolmetscherin in Bayern t\u00e4tig. Nach Freiburg und Paris kam sie 1995 nach Berlin, wo sie zurzeit lebt. Sie ist &hellip; <a class=\"more-link\" href=\"https:\/\/wp.pop-verlag.com\/?page_id=1723\">Weiterlesen <span class=\"meta-nav\">&rarr;<\/span><\/a><\/p>\n","protected":false},"author":2,"featured_media":0,"parent":704,"menu_order":3,"comment_status":"closed","ping_status":"closed","template":"","meta":{"footnotes":""},"class_list":["post-1723","page","type-page","status-publish","hentry"],"jetpack_sharing_enabled":true,"_links":{"self":[{"href":"https:\/\/wp.pop-verlag.com\/index.php?rest_route=\/wp\/v2\/pages\/1723","targetHints":{"allow":["GET"]}}],"collection":[{"href":"https:\/\/wp.pop-verlag.com\/index.php?rest_route=\/wp\/v2\/pages"}],"about":[{"href":"https:\/\/wp.pop-verlag.com\/index.php?rest_route=\/wp\/v2\/types\/page"}],"author":[{"embeddable":true,"href":"https:\/\/wp.pop-verlag.com\/index.php?rest_route=\/wp\/v2\/users\/2"}],"replies":[{"embeddable":true,"href":"https:\/\/wp.pop-verlag.com\/index.php?rest_route=%2Fwp%2Fv2%2Fcomments&post=1723"}],"version-history":[{"count":9,"href":"https:\/\/wp.pop-verlag.com\/index.php?rest_route=\/wp\/v2\/pages\/1723\/revisions"}],"predecessor-version":[{"id":7135,"href":"https:\/\/wp.pop-verlag.com\/index.php?rest_route=\/wp\/v2\/pages\/1723\/revisions\/7135"}],"up":[{"embeddable":true,"href":"https:\/\/wp.pop-verlag.com\/index.php?rest_route=\/wp\/v2\/pages\/704"}],"wp:attachment":[{"href":"https:\/\/wp.pop-verlag.com\/index.php?rest_route=%2Fwp%2Fv2%2Fmedia&parent=1723"}],"curies":[{"name":"wp","href":"https:\/\/api.w.org\/{rel}","templated":true}]}}