{"id":1640,"date":"2016-10-14T03:52:10","date_gmt":"2016-10-14T03:52:10","guid":{"rendered":"http:\/\/wp.pop-verlag.com\/?page_id=1640"},"modified":"2020-04-05T08:01:20","modified_gmt":"2020-04-05T08:01:20","slug":"rainer-wedler","status":"publish","type":"page","link":"https:\/\/wp.pop-verlag.com\/?page_id=1640","title":{"rendered":"Rainer Wedler"},"content":{"rendered":"<p style=\"text-align: justify;\"><strong><img loading=\"lazy\" decoding=\"async\" class=\"alignleft wp-image-1642 size-medium\" src=\"http:\/\/wp.pop-verlag.com\/wp-content\/uploads\/2016\/10\/Wedler-247x300.jpg\" alt=\"Wedler\" width=\"247\" height=\"300\" srcset=\"https:\/\/wp.pop-verlag.com\/wp-content\/uploads\/2016\/10\/Wedler-247x300.jpg 247w, https:\/\/wp.pop-verlag.com\/wp-content\/uploads\/2016\/10\/Wedler-768x934.jpg 768w, https:\/\/wp.pop-verlag.com\/wp-content\/uploads\/2016\/10\/Wedler-842x1024.jpg 842w, https:\/\/wp.pop-verlag.com\/wp-content\/uploads\/2016\/10\/Wedler.jpg 945w\" sizes=\"auto, (max-width: 247px) 100vw, 247px\" \/>Rainer Wedler<\/strong>, Jg. 1942, fuhr nach dem Abitur als Schiffsjunge in die T\u00fcrkei, nach Algerien und Westafrika. Das Studium der Germanistik, Geschichte, Politik und Philosophie schloss er ab mit einer Dissertation \u00fcber Burleys \u201eliber de vita\u201c. Er ist verheiratet und hat zwei erwachsene S\u00f6hne.<br \/>\nAls Einzeltitel sind erschienen: Die kaschubische Wunde, Roman 1995, Die Befreiung aus der Symmetrie, Roman 1999, Das viagrinisch Trostb\u00fcchlein, Bibliophiler Text (Pseudonym: Renarius Flabellarius) mit Zeichnungen von Peter Fr\u00f6mmig, Zwielichtzeit, Roman 2000, Die Katze, Sieben Kurzgeschichten 2000, Svendborg. Skovsbostrand 8, Gedichte 2001, Die Farben der Schneiderkreide, Roman 2003, Der Hahn kr\u00e4ht den Wind in die B\u00e4ume, Gedichte 2004, Atemw\u00fcrfel, Gedichte 2004, Via Ronco 40, Gedichte, mit Illustrationen von Peter Fr\u00f6mmig, 2005, Zwischenstation Algier, Roman, 2005, Die Heftigkeit der Himbeeren, Erz\u00e4hlungen, 2006, deichgraf meiner selbst, Gedichte, mit Illustrationen von Ferdinand Wedler, 2008, Die Leihfrist, Roman, 2009, Unter der Hitze des Ziegeldachs, Gedichte mit Zeichnungen von Ferdinand Wedler, 2011, Seegang, Novelle, Zeichnungen von Ferdinand Wedler, 2012, Es gibt keine Spur, Prosast\u00fccke, 2013, Ismologie, Texte, 2013, Auch die Brombeeren\u00a0 haben keine Bedeutung mehr, Roman, 2014. Nock, Roman, 2015.<br \/>\nMitarbeit (u.a.) bei: MATRIX (Redaktion), DIE HOREN, BAW\u00dcLON (Redaktionsleitung), neue deutsche literatur, Allmende, orte, DAS GEDICHT, le miracle tatou\u00e9, Pegasus, Noisma, Podium, INN, Textt\u00fcrme, the mover sowie in den Jahresanthologien der Landpresse Weilerswist.<br \/>\nWedler ist Mitglied im VS und PEN. Er erhielt mehrere Auszeichnungen, u.a. 1992 den Hafiz-Preis, 1993 den Anerkennungspreis der UNESCO-Burgenland, 2009 Rilkepreis\/Sierre. 1996 war er Stadtschreiber von Soltau, 2001 Stipendiat der Villa Vigoni. 2003 wurde er mit dem Cismar-Stipendium des Landes Schleswig-Holstein ausgezeichnet. Zu Gastaufenthalten wurde er mehrfach eingeladen, u.a. 1998 in das Brecht-Haus in Svendborg, 2001 auf die Burg Ranis (Th\u00fcringen), 2002 von der Konstepidemien nach G\u00f6teborg, 2004 ins Centro tedesco in Venedig, in die Villa del Leone am Lago Maggiore und in die Dichterst\u00e4tte Sarah Kirsch (Limlingerode).<\/p>\n<p>Lieferbare Titel von <strong><a href=\"http:\/\/wp.pop-verlag.com\/?page_id=1640\">Rainer Wedler<\/a><\/strong><\/p>\n<p><strong><a href=\"http:\/\/wp.pop-verlag.com\/?p=2014\">Poesie\/po\u00e9sie<\/a> <em>Zeitgen\u00f6ssische Dichtung aus Frankreich und Deutschland. <\/em><\/strong>ISBN: 3-937139-00-1. 168\u00a0Seiten; 14,00Eur[D]\u00a0\u00a0 CIP-Titelaufnahme der Deutschen Bibliothek:<br \/>\nBlua, G\u00e9rard und Stefanescu, Sergiu : Poesie\/ po\u00e9sie. Zeitgen\u00f6ssische<br \/>\nDichtung aus Frankreich und Deutschland. Mit einem Vorwort von Sergiu<br \/>\nStefanescu.<br \/>\nAutoren: Alfonsi, Josiane; Blua, G\u00e9rard; Broussard, Yves; Demuth, Volker;<br \/>\nDraghincescu, Rodica; D\u00fcrrson, Werner; Fels, Gilbert; Kaouah, Abdel-<br \/>\nmadjid; Kotarski, Carmen; Lovichi, Jacques; Migozzi, Marcel; Montmaneix,<br \/>\nFran\u00e7ois;\u00a0\u00a0 Oliver, Jos\u00e9 F. A. ; \u00d6zdemir, Hasan; Sayer, Walle; Schneider,<br \/>\nKlaus F.; Seiler, Hellmut; Sorrente, Dominique; Stephan, Susanne; Temple,<br \/>\nFr\u00e9d\u00e9ric\u00a0 Jacques;\u00a0 Tixier, Jean-Max; Ughetto, Andr\u00e9; Villain, Jean-Claude;<br \/>\n<strong><a href=\"http:\/\/wp.pop-verlag.com\/?page_id=1640\">Rainer Wedler<\/a><\/strong>.<\/p>\n<p>\u00dcbersetzer: David, Eric; Lawitschka, Val\u00e9rie; Fischer, R\u00fcdiger.<br \/>\nLudwigsburg: Pop, 2004<\/p>\n<p>\u00bbUngesagtes der Sinne unterschlagen verwischt \/ ohne Wohnrecht Offensichtliches verschl\u00fcsselt \/ meine Texte sind nicht gesichert\u00ab (J. Alfonsi); \u00bbenthaarte Tiere die Blicke leer \/ darin siehst du pl\u00f6tzlich dich fortgeschoben\u00ab (V. Demuth); \u00bbund denke \/ bin ich denn wirklich\u00ab (W. D\u00fcrrson); \u00bbdas Instrument demonstriert, exakt diesem Auge, da\u00df hier dubiose Grenzen bestehen \/ Problem, das es \/ es? ich! \/ bislang nicht sah\u00ab (G. Fels); \u00bbich hatte die Sprache ge\u00f6ffnet \/ nicht den Mund\u00ab (C. Kotarski); \u00bbnur w\u00e4hrend ich an dich \/ dachte liebte ich dich \/ das wort war nur zwischen \/ den lippen\u00ab (H. \u00d6zdemir); \u00bbgeschichten die ich \/ heimlich hinuntersteige aus den farben \/ und hellen fenstern in den stummfilm\u00ab (J. F. A. Oliver); \u00bbzeile um zeile \/ abgelagertes \/ ich\u00ab (K. F. Schneider); \u00bbHeute sing ich, morgen tanz ich, nie ohne euch, aber \/ Bin ich\u2019s nun oder ist es wirklich ein anderer?\u00ab<br \/>\n(H. Seiler); \u00bbDer allerchristlichste K\u00f6nig ist, wie ich, \/ bald traurig, bald fr\u00f6hlich\u00ab (S. Stephan); \u00bbzu wem \/ soll ich noch sprechen \/ die Nahen scheinen nah nur\u00ab (R. Wedler). Die zitierten Verse sollen einen Eindruck vermitteln von der Vielfalt der Stimmen und der Originalit\u00e4t der von uns verlegten Lyriker und zugleich Anreiz sein, der literarischen Qualit\u00e4t zum Durchbruch zu verhelfen.<\/p>\n<p><b><strong> <a href=\"http:\/\/wp.pop-verlag.com\/?p=2160\">Zwischenstation Algier<\/a><\/strong>.<\/b> Roman, EPIK- Sammlung, 86\u00a0Seiten, ISBN: 3-937139-11-7; 12,80\u20ac<\/p>\n<p><a href=\"http:\/\/wp.pop-verlag.com\/?p=2167\"><strong>deichgraf meiner selbst<\/strong><\/a>, Gedichte, mit Illustrationen von Ferdinand Wedler,ISBN: 978-3-937139-34-3, 12,50\u20ac<\/p>\n<p><strong><a href=\"http:\/\/wp.pop-verlag.com\/?p=2177\">Die Leihfrist<\/a><\/strong>, Roman, (EPIK- Sammlung); 128\u00a0Seiten,\u00a0 ISBN: 978-3-937139-81-4, 12,00\u20ac<\/p>\n<p><a href=\"http:\/\/wp.pop-verlag.com\/?p=2184\"><strong>Unter der Hitze des Ziegeldachs<\/strong><\/a>, Gedichte mit Zeichnun- gen von Ferdinand Wedler, (LYRIK- Sammlung);<i> <\/i>136 Seiten,\u00a0 ISBN: \u00a0978-3-86356-010-2, 12,00\u20ac.<\/p>\n<p><span lang=\"RO\">Seegang<a href=\"http:\/\/traian.pop-verlag.com\/seegang.htm\">. <\/a><\/span> Mit zw\u00f6lf Zeichnungen von\u00a0<strong>Ferdinand Wedler<\/strong>. (EPIK Sammlung). 116 S. ISBN: 978-3-86356-030-0, Preis: 12,00\u20ac<\/p>\n<p><a href=\"http:\/\/wp.pop-verlag.com\/?p=2198\"><strong>Es gibt keine Spur<\/strong><\/a>, Prosast\u00fccke, 2013. (EPIK Sammlung). 330 S. ISBN: 978-3-86356-052-2, 17,80\u20ac<\/p>\n<p><strong><a href=\"http:\/\/wp.pop-verlag.com\/?p=377\">Auch die Brombeeren haben keine Bedeutung mehr<\/a><\/strong>. Roman. Mit Illustrationen von Maximilian Wedler. Pop Epik. 131 Seiten, ISBN 978-3-86356-076-8, 12,99\u20ac<\/p>\n<p><strong><a href=\"http:\/\/wp.pop-verlag.com\/?p=859\">Nock<\/a><\/strong>, Roman,Pop Epik, 168 Seiten, ISBN 978-3-86356-119-2, 15,50\u20ac<\/p>\n<p><strong><a href=\"http:\/\/wp.pop-verlag.com\/?p=1673\">einen Fremden gr\u00fc\u00dft man nicht<\/a><\/strong>, Gedichte 2011 \u2013 2016, Pop Lyrik, 142 Seiten, ISBN:978-3-86356-176-5, m15,50\u20ac<\/p>\n<p><strong><a href=\"http:\/\/wp.pop-verlag.com\/?p=2152\">Stiftorgel, <\/a><\/strong>Kurze Texte, 2014-2017. Mit Fotos aus den \u201eobjets trouv\u00e9s et transform\u00e9s\u201c des Autors. Pop Epik. 208 Seiten, ISBN 978-3-86356-190-1, 23,00 \u20ac<\/p>\n<p><strong><a href=\"https:\/\/wp.pop-verlag.com\/?p=3817\">Das Jahr Null ist das Jahr Zw\u00f6lf. Warum Hitler meinen Vater<\/a><\/strong><br \/>\n<strong>nur einmal getroffen hat.<\/strong> Roman. Die POP-Verlag-Epikreihe, Bd. 101. 141 Seiten, ISBN 978-3-86356-249-6. \u20ac[D]15,50<\/p>\n<p><strong><a href=\"https:\/\/wp.pop-verlag.com\/?p=4801\">vor dem Fenster tanzt ein frecher Gedanke<\/a><\/strong>. Gedichte. Mit 22 Bildern von <a href=\"https:\/\/wp.pop-verlag.com\/?page_id=4831\"><strong>Carsten Sternberg<\/strong><\/a>. Reihe Lyrik Bd. 143.\u00a0 145 Seiten, ISBN 978-3-86356-298-4. \u20ac[D]16,50<\/p>\n<p>&nbsp;<\/p>\n","protected":false},"excerpt":{"rendered":"<p>Rainer Wedler, Jg. 1942, fuhr nach dem Abitur als Schiffsjunge in die T\u00fcrkei, nach Algerien und Westafrika. Das Studium der Germanistik, Geschichte, Politik und Philosophie schloss er ab mit einer Dissertation \u00fcber Burleys \u201eliber de vita\u201c. Er ist verheiratet und &hellip; <a class=\"more-link\" href=\"https:\/\/wp.pop-verlag.com\/?page_id=1640\">Weiterlesen <span class=\"meta-nav\">&rarr;<\/span><\/a><\/p>\n","protected":false},"author":2,"featured_media":0,"parent":719,"menu_order":3,"comment_status":"closed","ping_status":"closed","template":"","meta":{"footnotes":""},"class_list":["post-1640","page","type-page","status-publish","hentry"],"jetpack_sharing_enabled":true,"_links":{"self":[{"href":"https:\/\/wp.pop-verlag.com\/index.php?rest_route=\/wp\/v2\/pages\/1640","targetHints":{"allow":["GET"]}}],"collection":[{"href":"https:\/\/wp.pop-verlag.com\/index.php?rest_route=\/wp\/v2\/pages"}],"about":[{"href":"https:\/\/wp.pop-verlag.com\/index.php?rest_route=\/wp\/v2\/types\/page"}],"author":[{"embeddable":true,"href":"https:\/\/wp.pop-verlag.com\/index.php?rest_route=\/wp\/v2\/users\/2"}],"replies":[{"embeddable":true,"href":"https:\/\/wp.pop-verlag.com\/index.php?rest_route=%2Fwp%2Fv2%2Fcomments&post=1640"}],"version-history":[{"count":4,"href":"https:\/\/wp.pop-verlag.com\/index.php?rest_route=\/wp\/v2\/pages\/1640\/revisions"}],"predecessor-version":[{"id":4998,"href":"https:\/\/wp.pop-verlag.com\/index.php?rest_route=\/wp\/v2\/pages\/1640\/revisions\/4998"}],"up":[{"embeddable":true,"href":"https:\/\/wp.pop-verlag.com\/index.php?rest_route=\/wp\/v2\/pages\/719"}],"wp:attachment":[{"href":"https:\/\/wp.pop-verlag.com\/index.php?rest_route=%2Fwp%2Fv2%2Fmedia&parent=1640"}],"curies":[{"name":"wp","href":"https:\/\/api.w.org\/{rel}","templated":true}]}}