{"id":1592,"date":"2016-10-13T12:53:09","date_gmt":"2016-10-13T12:53:09","guid":{"rendered":"http:\/\/wp.pop-verlag.com\/?page_id=1592"},"modified":"2020-11-12T07:58:32","modified_gmt":"2020-11-12T07:58:32","slug":"william-totok","status":"publish","type":"page","link":"https:\/\/wp.pop-verlag.com\/?page_id=1592","title":{"rendered":"William Totok"},"content":{"rendered":"<p><img loading=\"lazy\" decoding=\"async\" class=\"alignleft wp-image-1594 size-medium\" src=\"http:\/\/wp.pop-verlag.com\/wp-content\/uploads\/2016\/10\/Totok_2006_12-300x211.jpg\" alt=\"William Totok 2006 XII im Arema\" width=\"300\" height=\"211\" srcset=\"https:\/\/wp.pop-verlag.com\/wp-content\/uploads\/2016\/10\/Totok_2006_12-300x211.jpg 300w, https:\/\/wp.pop-verlag.com\/wp-content\/uploads\/2016\/10\/Totok_2006_12-768x541.jpg 768w, https:\/\/wp.pop-verlag.com\/wp-content\/uploads\/2016\/10\/Totok_2006_12-1024x722.jpg 1024w, https:\/\/wp.pop-verlag.com\/wp-content\/uploads\/2016\/10\/Totok_2006_12-426x300.jpg 426w\" sizes=\"auto, (max-width: 300px) 100vw, 300px\" \/><\/p>\n<p style=\"text-align: justify;\"><a href=\"http:\/\/wp.pop-verlag.com\/?page_id=1592\"><strong>William Totok<\/strong><\/a>, *1951 in Gro\u00df-Komlosch \/ Comlo\u015fu Mare (Rum\u00e4nien); Studium der Germanistik und Rum\u00e4nistik in Temeswar; Gr\u00fcndungsmitglied der \u201eAktionsgruppe Banat\u201c (1972-75); politische Haft wegen \u201eVerbreitung staatsfeindlicher Gedichte\u201c (1975-7 ); lebt seit 1987 als freischaffender Schriftsteller und Publizist in West-Berlin. Ver\u00f6ffentlicht seit 1970: Gedichte, historische, politische und literarische Aufs\u00e4tze, zeitgeschichtliche Studien, Rezensionen, Essays, Theaterchroniken, Literaturkritik, tagesaktuelle Artikel etc. (sowohl in Rum\u00e4nien als auch in Deutschland). Korrespondent der Rundfunksender, Radio Free Europe und Radio France Internationale; freier Mitarbeiter der Berliner tageszeitung (taz).<\/p>\n<p><strong>Ver\u00f6ffentlichungen\/ Preise, Stipendien, Auszeichnungen<\/strong><\/p>\n<p><strong>Gedichtb\u00e4nde<\/strong><br \/>\n<em>\u201eDie Vergesellschaftung der Gef\u00fchle\u201c (Bukarest 1980);<\/em><br \/>\n<em>Freundliche Fremdheit,<\/em> (Temeswar 1984);<br \/>\n<em>Das prompte Eingreifen des Fallmeisters beim Versuch eines Hundes sich eigenm\u00e4chtig auf die Hinterbeine zu stellen,<\/em> (Mainz 1987);<br \/>\n<em>Eiszeit<\/em>, (Berlin-Ost 1987);<\/p>\n<p><strong>Essays, Studien, Publizistik u.a.<\/strong><\/p>\n<p><em>Die Zw\u00e4nge der Erinnerung. Aufzeichnungen aus Rum\u00e4nien<\/em>, (Hamburg 1988);<br \/>\n<em>Aprecieri neretu\u015fate. Eseuri, articole \u015fi interviuri 1987-1994,<\/em> [Ungeschminkte Ansichten. Essays, Artikel und Interviews 1987-1994; in rum\u00e4nischer Sprache], (Ia\u015fi 1995);<\/p>\n<p><em>Marcel Pauker. Ein Lebenslauf. J\u00fcdisches Schicksal in Rum\u00e4nien 1896-1938.<\/em> Mit einer Dokumentation zu Ana Pauker, (Hg.: William Totok\/Erhard Roy Wiehn), (Konstanz 1999);<\/p>\n<p style=\"text-align: justify;\">\u201eGleichwohl verdient das Buch Aufmerksamkeit, weil es wegen der Authentizit\u00e4t seines Materials und dessen gelungener Aufbereitung einen unverstellten Einblick in die kommunistische Herrschaft \u00fcber einen Teil Europas gew\u00e4hrt, der den meisten immer noch fremd ist, mit dem N\u00e4her\u00fccken Rum\u00e4niens an den Westen aber immer weniger fremd werden sollte.\u201c<br \/>\n<em>Frankfurter Allgemeine Zeitung, 8.7. 1999<\/em><\/p>\n<p style=\"text-align: justify;\">\u201ePaukers autobiographische Aufzeichnungen(&#8230;) stellen ein kostbares Dokument innerkommunistischer Bewusstseinsbildung dar. (&#8230;) Allerdings wird sich das heutige Rum\u00e4nien, wenn es dem Westen denn nicht nur geographisch n\u00e4herr\u00fccken will, den Mythos der nationalen Unschuld abschminken und sich wohl oder \u00fcbel der eigenen Verantwortung stellen m\u00fcssen.\u201c<br \/>\n<em>Neue Z\u00fcrcher Zeitung, 24.11.1999<\/em><\/p>\n<p style=\"text-align: justify;\"><em>Der revisionistische Diskurs<\/em>, (Hg. Erhard Roy Wiehn) [im gleichen Band: Andrei Voinea, \u201eSanduhr aus Steinen. J\u00fcdische Zwangsarbeiter in Rum\u00e4nien 1940-1944\u201c], (Konstanz 2000);<br \/>\n<em>Constr\u00e2ngerea memoriei. \u00censemn\u0103ri, documente, amintiri,<\/em> [Ged\u00e4chtnisn\u00f6tigung. Aufzeichnungen, Dokumente, Erinnerungen \u2013 in rum\u00e4nischer Sprache], (Ia\u015fi 2001);<br \/>\n<em>Episcopul, Hitler \u015fi Securitatea. Procesul stalinist <\/em><em>\u00eempotriva \u00bbspionilor Vaticanului\u00ab din Rom\u00e2nia<\/em>, [Der Bischof, Hitler und die Securitate. Der stalinistische Prozess gegen die \u201eSpione des Vatikans\u201c in<br \/>\nRum\u00e4nien \u2013 in rum\u00e4nischer Sprache], (Ia\u015fi 2008);<br \/>\n<em>\u00centre mit \u015fi bagatelizare. Despre reconsiderarea <\/em><em>critic\u0103 a trecutului, Ion Gavril\u0103 Ogoranu \u015fi <\/em><em>rezisten\u0163a armat\u0103 anticomunist\u0103 din Rom\u00e2nia, <\/em>[Zwischen Mythos und Verharmlosung. \u00dcber die kritische Vergangenheitsbew\u00e4ltigung, Ion Gavril\u0103 Ogoranu und den bewaffneten, antikommunistischen<br \/>\nWiderstand in Rum\u00e4nien \u2013 in rum\u00e4nischer Sprache, Mitverfasserin: Elena-Irina Macovei], (Ia\u015fi 2016);<\/p>\n<p style=\"text-align: justify;\"><strong>Beitr\u00e4ge in zahlreichen Sammelb\u00e4nden und Anthologien, u.a.:<\/strong><\/p>\n<p style=\"text-align: justify;\"><em> V\u00eent potrivit p\u00een\u0103 la tare. 10 tineri poe\u0163i germani din Rom\u00e2nia. Antologie \u015fi postfa\u0163\u0103 de Peter Motzan. \u00cen rom\u00e2ne\u015fte de Ioan Mu\u015flea. Cuv\u00eent \u00eenainte de Mircea Iorgulescu,<\/em> [M\u00e4\u00dfiger bis starker Wind. 10 junge Dichter aus Rum\u00e4nien. Anthologie: Vorwort: Mircea Iorgulescu, Nachwort: Peter Motzan, \u00dcbersetzung ins Rum\u00e4nische: Ioan Mu\u015flea], (Bukarest 1982; 2. erweiterte Fassung mit einem Vorwort des Herausgebers: Ion Bogdan Lefter, Bukarest, 2012);<br \/>\n\u201eImmerhin war die seinerzeitige Anthologie von Peter Motzan, <em>V\u00e2nt potrivit p\u00e2n\u0103 la tare<\/em>, f\u00fcr eine Generation rum\u00e4nischer Literaten eine Offenbarung.\u201c Allgemeine Zeitung f\u00fcr Rum\u00e4nien (ADZ), 8. 5. 2012<br \/>\n<em>Punktzeit. Deutschsprachige Lyrik der achtziger <\/em><em>Jahre,<\/em> ( Hg. Michael Braun\/Hans Thill ), (Heidelberg<br \/>\n1987);<br \/>\n<em>Was sind das f\u00fcr Zeiten. Deutschsprachige Gedichte <\/em><em>der achtziger Jahre<\/em>, (Hg. Hans Bender), (M\u00fcnchen 1988);<br \/>\n<em>Nachruf auf die rum\u00e4niendeutsche Literatur<\/em>, (Hg. Wilhelms Solms), (Marburg 1990);<br \/>\n<em>Der Sturz des Tyrannen. Rum\u00e4nien und das Ende einer Diktatur<\/em>, (Hg. Richard Wagner\/Helmuth Frauendorfer), (Reinbek bei Hamburg 1990);<br \/>\n<em>Ein Pronomen ist verhaftet worden. Die fr\u00fchen Jahre in Rum\u00e4nien. Texte der Aktionsgruppe Banat,<\/em> (Hg. Ernest Wichner), (Frankfurt am Main 1992);<br \/>\n<em>Das Land am Nebentisch. Texte und Zeichen aus Siebenb\u00fcrgen, dem Banat und den Orten versuchter Ankunf<\/em>t, (Hg. Ernest Wichner), (Leipzig 1993);<br \/>\n<em>In der Sprache der M\u00f6rder. Eine Literatur aus Czernowitz, <\/em><em>Bukowina,<\/em> (Hg. Herbert Wiesner\/Ernest Wichner), (Berlin 1993);<br \/>\n<em>Romania versus Romania,<\/em> (Hg. Gabriel Andreescu), (Bukarest 1996);<br \/>\n<em>Dosar Mihail Sebastian,<\/em> (Hg. Iordan Chimet), (Bukarest 2001);<br \/>\n<em>Jahrbuch f\u00fcr Historische Kommunismusforschung 2005,<\/em> (Hg. Hermann Weber, Ulrich M\u00e4hlert, Bernhard H. Bayerlein u.a.), (Berlin 2005);<br \/>\n<em>Holocaust an der Peripherie. Judenpolitik und Judenmord in Rum\u00e4nien und Transnistrien 1940-1944,<\/em> (Hg. Wolfgang Benz, Brigitte Mihok), (Berlin 2009);<br \/>\n<em>Handbuch des Antisemitismus. Judenfeindschaft in <\/em><em>Geschichte und Gegenwart,<\/em> (Hg. Wolfgang Benz), Bd. 2, Bd. 5, Bd. 6, Bd. 7 (Berlin 2009, 2012, 2013, 2014);<br \/>\n<em>Zwanzig Jahre lang im Visier der Securitate,<\/em> in: <em>Bernd Florath (Hg.), \u201eDas Revolutionsjahr 1989. Die<\/em><br \/>\n<em> demokratische Revolution in Osteuropa als transnationale <\/em><em>Z\u00e4sur\u201c,<\/em> (G\u00f6ttingen 2011);<\/p>\n<p style=\"text-align: justify;\"><strong>Mitverfasser<\/strong> des Abschlussberichtes der internationalen Kommission zur Erforschung des rum\u00e4nischen Holocaust (herausgegeben von der von Elie Wiesel geleiteten Kommission, elektronische rum. und engl. Fassung, Bukarest 2004): Raport final, [Abschlussbericht]<br \/>\n(Hg. Tuvia Friling, Radu Ioanid, Mihail E. Ionescu), (Ia\u015fi 2005);<\/p>\n<p style=\"text-align: justify;\"><strong>Mitherausgeber<\/strong> (zusammen mit Dr. Johann B\u00f6hm und Georg Herbstritt) der Halbjahresschrift f\u00fcr s\u00fcdosteurop\u00e4ische Geschichte, Literatur und Politik, (AGK-Verlag, Dinklage bei Vechta); Herausgeber (zusammen mit Detlef Stein): Die Kirchen in Osteuropa im Kommunismus, (Berlin 2011);<\/p>\n<p style=\"text-align: justify;\"><strong>Vorwort zu<\/strong>: Romulus Cristea, <em>Revolu\u0163ia 1989<\/em>, (Bukarest 2006);<\/p>\n<p style=\"text-align: justify;\"><strong>Einleitende Studie<\/strong>: <em>Studiu introductiv. Actualitatea <\/em><em>trecutului: cazul lui Nicolae Paulescu,<\/em> [Die Aktualit\u00e4t der Vergangenheit. Der Fall Nicolae Paulescu], in: Peter Manu, Horia Bozdoghin\u0103, <em>Polemica Paulescu: \u0219tiin\u021b\u0103, politic\u0103, memorie,<\/em> [Die Paulescu-Polemik: Wissenschaft, Politik, Erinnerung], (Bukarest 2010);<\/p>\n<p style=\"text-align: justify;\"><strong>Rundfunkfeatures<\/strong><br \/>\n<em>RIAS, DS-Kultur, Mitteldeutscher Rundfunk (mdr), <\/em><em>Radio Free Europe (RFE\/RL), Deutschland-Radio Berlin, <\/em><em>Deutschlandfunk (DLF), Deutsche Welle etc.: <\/em><em>Literatur und Personenkult<\/em>, (DLF, 1990);<br \/>\n<em>Ein Dichter m\u00f6chte Pr\u00e4sident werden,<\/em> (mdr, 1992);<br \/>\n<em>Gehen oder bleiben,<\/em> (RIAS, 1992);<br \/>\n<em>\u201a&#8230; anders rinnt hier die Zeit\u2018<\/em>. Rum\u00e4niendeutsche Literaten und das Trauma der unbew\u00e4ltigten Vergangenheit, (mdr, 1992);<br \/>\n<em>Agitation und Emotion. Zur Revision des Geschichtsbildes <\/em><em>in Rum\u00e4nien,<\/em> (RIAS, 1993);<br \/>\n<em>Rum\u00e4nien zwischen Nationalismus und Demokratie<\/em>, (DS-Kultur, 1993);<br \/>\n<em>Wider das Vergessen. Die Aufarbeitung der stalinistischen Vergangenheit in Rum\u00e4nien,<\/em> (Deutsche<br \/>\nWelle, 1994);<br \/>\n<em>Restitutio in integrum. Konflikt zwischen Unierten<\/em><br \/>\n<em> und Orthodoxen,<\/em> (Deutsche Welle, 1995); Zwischen Nostalgie und Hoffnungslosigkeit. Neue Folklore<br \/>\naus Rum\u00e4nien, (mdr, 1995);<br \/>\n<em>Der Traum vom Sozialismus ist noch nicht ausgetr\u00e4umt. Linksnationalistische Parteien in Rum\u00e4nien<\/em>, (mdr, 1996);<br \/>\n<em>Roma in Rum\u00e4nien,<\/em> (Deutsche Welle, 1997);<br \/>\n<em>Cyberspacelegion\u00e4re. Post-Faschismus im Internet, <\/em>(Deutsche Welle, 1997);<br \/>\n<em>Der Bischof, Hitler und die Securitate. Prozess gegen eine Gruppe von Spionen des Vatikans. 1951,<\/em><br \/>\n(Radio Free Europe, 2004);<br \/>\n<em>15 Jahre seit der rum\u00e4nischen Revolution,<\/em> (Deutsche Welle, 2004);<br \/>\n<em>Geschichten aus dem Kalten Krieg,<\/em> (Radio Free Europe, 2014);<\/p>\n<p style=\"text-align: justify;\"><em>Preise, Stipendien, Auszeichnungen:<\/em><\/p>\n<p style=\"text-align: justify;\"><em>Leonce-und-Lena-F\u00f6rderpreis<\/em> (1987);<br \/>\n<em>Preis der Henning-Kaufmann-Stiftung<\/em> (zusammen mit einer Gruppe rum\u00e4niendeutscher Autoren), (1989);<br \/>\n<em>Stipendium des deutschen Literaturfonds<\/em> (1987);<br \/>\n<em>Stipendium des Literaturhauses Stuttgart<\/em> (1987);<br \/>\n<em>Stipendium des Berliner Senats<\/em> (1989);<br \/>\n<em>Stipendienaufenthalt im K\u00fcnstlerhaus Schloss Wiepersdorf <\/em>(1995);<br \/>\n<em>Kultureller Verdienstorden im Rang eines Offiziers<\/em> (2009), verliehen vom rum\u00e4nischen Staatspr\u00e4sidenten.<\/p>\n<p>&nbsp;<\/p>\n<p>Lieferbare Titel von<strong> William Totok:<\/strong><\/p>\n<ul>\n<li><strong> \u201e&#8230; an den Fahnenstangen fault die Wut<a href=\"https:\/\/wp.pop-verlag.com\/?p=1589\">\u201c. <\/a><\/strong>Gedichte. Pop Reihe Lyrik Bd. 88. 222 Seiten, \u20ac[D]18,20. ISBN 978-3-86356-135-2<\/li>\n<li><strong><a href=\"https:\/\/wp.pop-verlag.com\/?page_id=5475\">Petru Ilie\u015fu<\/a>: <a href=\"https:\/\/wp.pop-verlag.com\/?p=5480\">Rum\u00e4nien. Postskriptum \/ Rom\u00e2nia Post Scriptum<\/a><\/strong>. Gedichte. Deutsch \/ Rum\u00e4nisch. Freie \u00dcbertragung aus dem Rum\u00e4nischen von <a href=\"https:\/\/wp.pop-verlag.com\/?page_id=1592\"><strong>William Totok<\/strong><\/a>. Reihe Lyrik Bd. 153, 190 Seiten, ISBN: 978-3-86356-315-8, \u20ac[D]19,50<\/li>\n<\/ul>\n<p>&nbsp;<\/p>\n","protected":false},"excerpt":{"rendered":"<p>William Totok, *1951 in Gro\u00df-Komlosch \/ Comlo\u015fu Mare (Rum\u00e4nien); Studium der Germanistik und Rum\u00e4nistik in Temeswar; Gr\u00fcndungsmitglied der \u201eAktionsgruppe Banat\u201c (1972-75); politische Haft wegen \u201eVerbreitung staatsfeindlicher Gedichte\u201c (1975-7 ); lebt seit 1987 als freischaffender Schriftsteller und Publizist in West-Berlin. Ver\u00f6ffentlicht &hellip; <a class=\"more-link\" href=\"https:\/\/wp.pop-verlag.com\/?page_id=1592\">Weiterlesen <span class=\"meta-nav\">&rarr;<\/span><\/a><\/p>\n","protected":false},"author":2,"featured_media":0,"parent":679,"menu_order":3,"comment_status":"closed","ping_status":"closed","template":"","meta":{"footnotes":""},"class_list":["post-1592","page","type-page","status-publish","hentry"],"jetpack_sharing_enabled":true,"_links":{"self":[{"href":"https:\/\/wp.pop-verlag.com\/index.php?rest_route=\/wp\/v2\/pages\/1592","targetHints":{"allow":["GET"]}}],"collection":[{"href":"https:\/\/wp.pop-verlag.com\/index.php?rest_route=\/wp\/v2\/pages"}],"about":[{"href":"https:\/\/wp.pop-verlag.com\/index.php?rest_route=\/wp\/v2\/types\/page"}],"author":[{"embeddable":true,"href":"https:\/\/wp.pop-verlag.com\/index.php?rest_route=\/wp\/v2\/users\/2"}],"replies":[{"embeddable":true,"href":"https:\/\/wp.pop-verlag.com\/index.php?rest_route=%2Fwp%2Fv2%2Fcomments&post=1592"}],"version-history":[{"count":7,"href":"https:\/\/wp.pop-verlag.com\/index.php?rest_route=\/wp\/v2\/pages\/1592\/revisions"}],"predecessor-version":[{"id":5493,"href":"https:\/\/wp.pop-verlag.com\/index.php?rest_route=\/wp\/v2\/pages\/1592\/revisions\/5493"}],"up":[{"embeddable":true,"href":"https:\/\/wp.pop-verlag.com\/index.php?rest_route=\/wp\/v2\/pages\/679"}],"wp:attachment":[{"href":"https:\/\/wp.pop-verlag.com\/index.php?rest_route=%2Fwp%2Fv2%2Fmedia&parent=1592"}],"curies":[{"name":"wp","href":"https:\/\/api.w.org\/{rel}","templated":true}]}}