{"id":1554,"date":"2016-10-12T20:12:05","date_gmt":"2016-10-12T20:12:05","guid":{"rendered":"http:\/\/wp.pop-verlag.com\/?page_id=1554"},"modified":"2016-11-04T06:26:30","modified_gmt":"2016-11-04T06:26:30","slug":"karl-wolff","status":"publish","type":"page","link":"https:\/\/wp.pop-verlag.com\/?page_id=1554","title":{"rendered":"Karl Wolff"},"content":{"rendered":"<p style=\"text-align: justify;\"><strong><img loading=\"lazy\" decoding=\"async\" class=\"alignleft wp-image-1697 size-medium\" src=\"http:\/\/wp.pop-verlag.com\/wp-content\/uploads\/2016\/10\/Karl-Wolff-300x225.jpeg\" alt=\"Karl Wolff\" width=\"300\" height=\"225\" srcset=\"https:\/\/wp.pop-verlag.com\/wp-content\/uploads\/2016\/10\/Karl-Wolff-300x225.jpeg 300w, https:\/\/wp.pop-verlag.com\/wp-content\/uploads\/2016\/10\/Karl-Wolff-768x576.jpeg 768w, https:\/\/wp.pop-verlag.com\/wp-content\/uploads\/2016\/10\/Karl-Wolff-1024x768.jpeg 1024w, https:\/\/wp.pop-verlag.com\/wp-content\/uploads\/2016\/10\/Karl-Wolff-400x300.jpeg 400w, https:\/\/wp.pop-verlag.com\/wp-content\/uploads\/2016\/10\/Karl-Wolff.jpeg 1575w\" sizes=\"auto, (max-width: 300px) 100vw, 300px\" \/><a href=\"http:\/\/wp.pop-verlag.com\/?page_id=1554\">Karl Wolff<\/a><\/strong>, *1943 in Schwarzengrund, Schlesien. Verlie\u00df nach Kindheit und Jugend in Th\u00fcringen 1961 die DDR. Studium der Slawistik, Germanistik und Philosophie in Marburg und T\u00fcbingen. Von 1975-1995 Lehrer am St\u00e4dt. Gymnasium Ahlen. 1988 Mitbegr\u00fcnder und zeitweise 1. Vorsitzender der Deutsch-Russischen Gesellschaft M\u00fcnster. Organisation von Lesungen, Ausstellungen, Konzerten russischer K\u00fcnstler. Er schreibt Lyrik, szenische Lesungen, Reiseliteratur, \u00fcbersetzt russische (Rock)-Lyrik und Prosa. Stellte bei internationalen Ausstellungen in Moskau und St. Petersburg aus. Zahlreiche Auszeichnungen, u.a. \u201eBestes Projekt beim 6. Festival f\u00fcr experimentelle Kunst \u201c, 2006, ebenso Diplom 2008, St. Petersburg. Internationales Literaturstipendium \u201eMuse\u201c in Tbilissi, 2007, Ministerium f\u00fcr Bildung und Wissenschaft Georgiens. Karl Wolff ist Mitglied des Verbandes deutscher Schriftsteller (VS) und der europ\u00e4ischen Autorenvereinigung DIE KOGGE. Zahlreiche Ver\u00f6ffentlichungen. Zuletzt: \u201eDas Knirschen des Schnees unter den\u00a0 Stiefeln\u201c, 2013, \u201eStille lern ich von den Wolken, Oleg Mityaev, Lieder\u201c, Auswahl und \u00dcbersetzung, 2013, \u201eDer Zeit voraus. Grenzg\u00e4nge im Ural\u201c, 2011, gemeinsam mit Gudrun Wolff, \u201eAlles Nebel oder was. Gedichte aus Absurdistan\u201c,2010 und \u201eVon Tiflis nach Tbilissi. Reise an den Ursprung einer Sehn-Sucht\u201c,2009, alle im Pop Verlag, Ludwigsburg.<\/p>\n<p>Lieferbare Titel von <strong><a href=\"http:\/\/wp.pop-verlag.com\/?page_id=1554\">Karl Wolff<\/a><\/strong>:<\/p>\n<header class=\"entry-header\">\n<div class=\"entry-hdr\">\n<p><a href=\"http:\/\/wp.pop-verlag.com\/?p=1727\"><strong>\u201eVon Tiflis nach Tbilissi. Reise an den Ursprung einer Sehn-Sucht\u201c<\/strong>. <\/a>Essays, Reportagen und Geschichte(n). Fragmentarium; FRAGMENTARIUM;<b><i> <\/i><\/b>250\u00a0Seiten,\u00a0 ISBN: \u00a0978-3-937139-66-1; 16,90\u20ac<\/p>\n<p class=\"entry-title\"><a href=\"http:\/\/wp.pop-verlag.com\/?p=1734\">\u201eAlles Nebel oder was. Gedichte aus Absurdistan\u201c<\/a><i> <\/i>LYRIK;<b><i> <\/i><\/b>126 Seiten,\u00a0 ISBN: 978-3-937139-90-6; 14,50\u20ac<\/p>\n<p><span lang=\"RO\"><strong><a href=\"http:\/\/wp.pop-verlag.com\/?page_id=1552\">Gudrun Wolff <\/a>&amp;<a href=\"http:\/\/wp.pop-verlag.com\/?p=1559\"> Karl Wolff:\u00a0 <\/a><\/strong>&#8222;Der Zeit voraus. Grenzg\u00e4nge im Ural.&#8220; Essays, Reportagen und Geschichte(n),\u00a0<\/span><span style=\"font-size: medium;\"><b><i> <\/i><\/b>FRAGMENTARIUM; <\/span><span lang=\"RO\">ISBN: 978-3-86356-020-1, 380 Seiten, <\/span><span style=\"font-size: medium;\"> Preis: <\/span><span lang=\"RO\">25,80 Euro<\/span><\/p>\n<p class=\"entry-title\"><span class=\"readonlyText\" title=\"Das Knirschen des Schnees unter den Stiefeln.\"><strong><span class=\"readonlyText\"><a href=\"http:\/\/wp.pop-verlag.com\/?page_id=1554\">Wolff, Karl<\/a> \/ Janssen, Georg\u00a0<span class=\"readonlyText\" title=\"Malerei Georg Jan\u00dfen zu Gedichten und Prosa von Karl Wolff.\">Jan\u00dfen<\/span>:<\/span> <a href=\"http:\/\/wp.pop-verlag.com\/?p=1750\">\u201eDas Knirschen des Schnees unter den Stiefeln\u201c<\/a><\/strong> <\/span><span class=\"readonlyText\" title=\"Malerei Georg Jan\u00dfen zu Gedichten und Prosa von Karl Wolff.\">Malerei Georg Jan\u00dfen zu Gedichten und Prosa von Karl Wolff. ISBN:<\/span><span class=\"readonlyText\">978-3-86356-061-4, 18,00\u20ac<\/span><\/p>\n<p class=\"entry-title\"><a title=\"Permalink zu Oleg Mityaev: \u201eStille lern ich von den Wolken\u201c\" href=\"http:\/\/wp.pop-verlag.com\/?p=481\" rel=\"bookmark\">Oleg Mityaev: \u201eStille lern ich von den Wolken\u201c<\/a><\/p>\n<\/div>\n<\/header>\n<div class=\"entry-content cf\">\n<p><a href=\"http:\/\/wp.pop-verlag.com\/wp-content\/uploads\/2015\/05\/olegmityaev_stilllerneich.jpg\"><img loading=\"lazy\" decoding=\"async\" class=\"alignleft wp-image-466 size-medium\" src=\"http:\/\/wp.pop-verlag.com\/wp-content\/uploads\/2015\/05\/olegmityaev_stilllerneich-251x300.jpg\" alt=\"olegmityaev_stilllerneich\" width=\"251\" height=\"300\" \/><\/a><\/p>\n<p><a title=\"Permalink zu Oleg Mityaev: \u201eStille lern ich von den Wolken\u201c\" href=\"http:\/\/wp.pop-verlag.com\/?p=481\" rel=\"bookmark\">Oleg Mityaev: \u201eStille lern ich von den Wolken\u201c<\/a><br \/>\nLieder. Herausgegeben von Karl Wolff. Illustrationen von Igor Schajmardanov<\/p>\n<p>135 Seiten, 19,99 Euro<br \/>\nISBN 978-3-86356-064-5<\/p>\n<\/div>\n<p>&nbsp;<\/p>\n<p>&nbsp;<\/p>\n<p>&nbsp;<\/p>\n<p>&nbsp;<\/p>\n<p><strong><a href=\"http:\/\/wp.pop-verlag.com\/?page_id=1552\">Gudrun Wolff <\/a><a href=\"http:\/\/wp.pop-verlag.com\/?page_id=1552\"><img loading=\"lazy\" decoding=\"async\" class=\"alignleft wp-image-1556 size-medium\" src=\"http:\/\/wp.pop-verlag.com\/wp-content\/uploads\/2015\/04\/978-3-86356-144-4_A-210x300.jpg\" sizes=\"auto, (max-width: 210px) 100vw, 210px\" srcset=\"http:\/\/wp.pop-verlag.com\/wp-content\/uploads\/2015\/04\/978-3-86356-144-4_A-210x300.jpg 210w, http:\/\/wp.pop-verlag.com\/wp-content\/uploads\/2015\/04\/978-3-86356-144-4_A-768x1097.jpg 768w, http:\/\/wp.pop-verlag.com\/wp-content\/uploads\/2015\/04\/978-3-86356-144-4_A-717x1024.jpg 717w\" alt=\"978-3-86356-144-4_A\" width=\"210\" height=\"300\" \/><\/a>&amp;<a href=\"http:\/\/wp.pop-verlag.com\/?p=1559\"> Karl Wolff: Die Reise ins Morgen-Land. Tatarstan<br \/>\nzwischen Moskau und Singapur.<\/a><\/strong><\/p>\n<p>Essays, Reportagen und Geschichte(n).<\/p>\n<p>Fragmentarium; 241 Seiten, 16,50 \u20ac<br \/>\nISBN 978-3-86356-138-3<\/p>\n","protected":false},"excerpt":{"rendered":"<p>Karl Wolff, *1943 in Schwarzengrund, Schlesien. Verlie\u00df nach Kindheit und Jugend in Th\u00fcringen 1961 die DDR. Studium der Slawistik, Germanistik und Philosophie in Marburg und T\u00fcbingen. Von 1975-1995 Lehrer am St\u00e4dt. Gymnasium Ahlen. 1988 Mitbegr\u00fcnder und zeitweise 1. Vorsitzender der &hellip; <a class=\"more-link\" href=\"https:\/\/wp.pop-verlag.com\/?page_id=1554\">Weiterlesen <span class=\"meta-nav\">&rarr;<\/span><\/a><\/p>\n","protected":false},"author":2,"featured_media":0,"parent":719,"menu_order":4,"comment_status":"closed","ping_status":"closed","template":"","meta":{"footnotes":""},"class_list":["post-1554","page","type-page","status-publish","hentry"],"jetpack_sharing_enabled":true,"_links":{"self":[{"href":"https:\/\/wp.pop-verlag.com\/index.php?rest_route=\/wp\/v2\/pages\/1554","targetHints":{"allow":["GET"]}}],"collection":[{"href":"https:\/\/wp.pop-verlag.com\/index.php?rest_route=\/wp\/v2\/pages"}],"about":[{"href":"https:\/\/wp.pop-verlag.com\/index.php?rest_route=\/wp\/v2\/types\/page"}],"author":[{"embeddable":true,"href":"https:\/\/wp.pop-verlag.com\/index.php?rest_route=\/wp\/v2\/users\/2"}],"replies":[{"embeddable":true,"href":"https:\/\/wp.pop-verlag.com\/index.php?rest_route=%2Fwp%2Fv2%2Fcomments&post=1554"}],"version-history":[{"count":8,"href":"https:\/\/wp.pop-verlag.com\/index.php?rest_route=\/wp\/v2\/pages\/1554\/revisions"}],"predecessor-version":[{"id":1754,"href":"https:\/\/wp.pop-verlag.com\/index.php?rest_route=\/wp\/v2\/pages\/1554\/revisions\/1754"}],"up":[{"embeddable":true,"href":"https:\/\/wp.pop-verlag.com\/index.php?rest_route=\/wp\/v2\/pages\/719"}],"wp:attachment":[{"href":"https:\/\/wp.pop-verlag.com\/index.php?rest_route=%2Fwp%2Fv2%2Fmedia&parent=1554"}],"curies":[{"name":"wp","href":"https:\/\/api.w.org\/{rel}","templated":true}]}}