{"id":1544,"date":"2016-10-12T19:58:08","date_gmt":"2016-10-12T19:58:08","guid":{"rendered":"http:\/\/wp.pop-verlag.com\/?page_id=1544"},"modified":"2016-10-12T19:59:15","modified_gmt":"2016-10-12T19:59:15","slug":"schota-tschantladse","status":"publish","type":"page","link":"https:\/\/wp.pop-verlag.com\/?page_id=1544","title":{"rendered":"Schota Tschantladse"},"content":{"rendered":"<p style=\"text-align: justify;\"><strong><img loading=\"lazy\" decoding=\"async\" class=\"alignleft wp-image-1545 size-medium\" src=\"http:\/\/wp.pop-verlag.com\/wp-content\/uploads\/2016\/10\/shota-chantladze-235x300.jpg\" alt=\"Schota Tschantladse\" width=\"235\" height=\"300\" srcset=\"https:\/\/wp.pop-verlag.com\/wp-content\/uploads\/2016\/10\/shota-chantladze-235x300.jpg 235w, https:\/\/wp.pop-verlag.com\/wp-content\/uploads\/2016\/10\/shota-chantladze-768x979.jpg 768w, https:\/\/wp.pop-verlag.com\/wp-content\/uploads\/2016\/10\/shota-chantladze-803x1024.jpg 803w, https:\/\/wp.pop-verlag.com\/wp-content\/uploads\/2016\/10\/shota-chantladze.jpg 2000w\" sizes=\"auto, (max-width: 235px) 100vw, 235px\" \/><\/strong>Der georgische Dichter <strong>Schota Tschantladse<\/strong> (*13.06.1928 in Zemo Aketi \u2013 \u2020 29.11.1968 in Tbilissi) wurde in Westgeorgien im Gebiet Guria geboren. 1934 \u00fcbersiedelte seine Familie nach Tbilissi. 1952 beendete er sein Diplomstudium der Philologie an der Staatlichen Universit\u00e4t Tbilissi. Nach Abschluss seiner Studien arbeitete er als Dorflehrer, eine Weile auch als Verlagslektor und Bibliothekar. Er schrieb Rezensionen f\u00fcr die Zeitungen, den Rundfunk und das Fernsehen. Er \u00fcbersetzte das finnische Nationalepos \u201eKalevala\u201c, irische Sagen sowie russische Dichter ins Georgische. Er starb an einer Blinddarmentz\u00fcndung, nach versp\u00e4teter Operation in Tbilissi. Sein erster Gedichtband wurde erst nach seinem Tode ver\u00f6ffentlicht. Schota Tschantladse gilt als Erneuerer der Lyriksprache und poetischen Formen in Georgien nach dem Zweiten Weltkrieg. Da er jede Art von Kompromissen mit dem Sozialistischen Realismus ablehnte, sowie in seinem Freundeskreis ein Anh\u00e4nger von Nietzsches Philosophie war, wurde die Ver\u00f6ffentlichung seiner Gedichte zeit seines Lebens boykottiert. Sogar nach seinem Tod, als es seinen Freunden gelang, einen schmalen Band seiner Lyrik herauszugeben, blieb er so gut wie unbekannt, obwohl viele formalen \u201eInnovationen\u201c der 70er Jahre blo\u00df eine oberfl\u00e4chliche Wiederholung seiner poetischen Konzeption aus den 50er Jahren waren. Erst in den 90er Jahren des 20. Jahr-<br \/>\nhunderts, nachdem ihn die erste postsowjetische Generation der georgischen Lyriker neu entdeckt hatte, wurde seine gro\u00dfe poetische Begabung allgemein anerkannt.<\/p>\n<p>Lieferbare Titel vonSchota Tschantladse:<\/p>\n<p><strong><a href=\"http:\/\/wp.pop-verlag.com\/?p=1541\">\u201e<\/a>Manifest<a href=\"http:\/\/wp.pop-verlag.com\/?p=1509\">\u201c<\/a><\/strong><\/p>\n<p>Gedichte. Prosa. Aufzeichnungen<\/p>\n<p>Nach einer Auswahl von <a href=\"http:\/\/wp.pop-verlag.com\/?page_id=1475\">Dato Barbakadse<\/a>,<br \/>\nmit einem Vorwort von Prof. Dr. Bela Tsipuria<\/p>\n<p>\u00dcbersetzung aus dem Georgischen von Maja Lisowski<\/p>\n<p>Hrsg. <a href=\"http:\/\/wp.pop-verlag.com\/?page_id=1216\">Uli Rothfuss<\/a><br \/>\nKaukasische Bibliothek Band 10<br \/>\n(Georgien)<\/p>\n<p>Pop Lyrik<\/p>\n<p>144 Seiten, 17,80 \u20ac<\/p>\n","protected":false},"excerpt":{"rendered":"<p>Der georgische Dichter Schota Tschantladse (*13.06.1928 in Zemo Aketi \u2013 \u2020 29.11.1968 in Tbilissi) wurde in Westgeorgien im Gebiet Guria geboren. 1934 \u00fcbersiedelte seine Familie nach Tbilissi. 1952 beendete er sein Diplomstudium der Philologie an der Staatlichen Universit\u00e4t Tbilissi. Nach &hellip; <a class=\"more-link\" href=\"https:\/\/wp.pop-verlag.com\/?page_id=1544\">Weiterlesen <span class=\"meta-nav\">&rarr;<\/span><\/a><\/p>\n","protected":false},"author":2,"featured_media":0,"parent":679,"menu_order":4,"comment_status":"closed","ping_status":"closed","template":"","meta":{"footnotes":""},"class_list":["post-1544","page","type-page","status-publish","hentry"],"jetpack_sharing_enabled":true,"_links":{"self":[{"href":"https:\/\/wp.pop-verlag.com\/index.php?rest_route=\/wp\/v2\/pages\/1544","targetHints":{"allow":["GET"]}}],"collection":[{"href":"https:\/\/wp.pop-verlag.com\/index.php?rest_route=\/wp\/v2\/pages"}],"about":[{"href":"https:\/\/wp.pop-verlag.com\/index.php?rest_route=\/wp\/v2\/types\/page"}],"author":[{"embeddable":true,"href":"https:\/\/wp.pop-verlag.com\/index.php?rest_route=\/wp\/v2\/users\/2"}],"replies":[{"embeddable":true,"href":"https:\/\/wp.pop-verlag.com\/index.php?rest_route=%2Fwp%2Fv2%2Fcomments&post=1544"}],"version-history":[{"count":2,"href":"https:\/\/wp.pop-verlag.com\/index.php?rest_route=\/wp\/v2\/pages\/1544\/revisions"}],"predecessor-version":[{"id":1547,"href":"https:\/\/wp.pop-verlag.com\/index.php?rest_route=\/wp\/v2\/pages\/1544\/revisions\/1547"}],"up":[{"embeddable":true,"href":"https:\/\/wp.pop-verlag.com\/index.php?rest_route=\/wp\/v2\/pages\/679"}],"wp:attachment":[{"href":"https:\/\/wp.pop-verlag.com\/index.php?rest_route=%2Fwp%2Fv2%2Fmedia&parent=1544"}],"curies":[{"name":"wp","href":"https:\/\/api.w.org\/{rel}","templated":true}]}}