{"id":1523,"date":"2016-10-12T18:20:50","date_gmt":"2016-10-12T18:20:50","guid":{"rendered":"http:\/\/wp.pop-verlag.com\/?page_id=1523"},"modified":"2016-10-12T18:45:45","modified_gmt":"2016-10-12T18:45:45","slug":"salahaddin-khalilov","status":"publish","type":"page","link":"https:\/\/wp.pop-verlag.com\/?page_id=1523","title":{"rendered":"Salahaddin Khalilov"},"content":{"rendered":"<p style=\"text-align: justify;\"><strong><img loading=\"lazy\" decoding=\"async\" class=\"alignleft wp-image-1524 size-medium\" src=\"http:\/\/wp.pop-verlag.com\/wp-content\/uploads\/2016\/10\/Khalilov-Abu-Turhkan-Portrait-2016-300x291.jpg\" alt=\"Khalilov - Abu Turhkan Portrait 2016\" width=\"300\" height=\"291\" srcset=\"https:\/\/wp.pop-verlag.com\/wp-content\/uploads\/2016\/10\/Khalilov-Abu-Turhkan-Portrait-2016-300x291.jpg 300w, https:\/\/wp.pop-verlag.com\/wp-content\/uploads\/2016\/10\/Khalilov-Abu-Turhkan-Portrait-2016-768x746.jpg 768w, https:\/\/wp.pop-verlag.com\/wp-content\/uploads\/2016\/10\/Khalilov-Abu-Turhkan-Portrait-2016-1024x994.jpg 1024w, https:\/\/wp.pop-verlag.com\/wp-content\/uploads\/2016\/10\/Khalilov-Abu-Turhkan-Portrait-2016-309x300.jpg 309w, https:\/\/wp.pop-verlag.com\/wp-content\/uploads\/2016\/10\/Khalilov-Abu-Turhkan-Portrait-2016.jpg 1907w\" sizes=\"auto, (max-width: 300px) 100vw, 300px\" \/><a href=\"http:\/\/wp.pop-verlag.com\/?page_id=1523\">Salahaddin Khalilov<\/a>, *<\/strong>22. Februar 1952 in Marneuli, Republik Georgien (damals UdSSR). Er schloss die Staatliche Universit\u00e4t Baku im Jahr 1973 ab.<br \/>\nEr verteidigte erfolgreich seine Dissertation zum Dr. phil. im Jahr 1976. Im Jahr 1989 wurde er Professor und Leiter des Lehrstuhls f\u00fcr Philosophie an der Staatlichen Aserbaidschanischen P\u00e4dagogischen Universit\u00e4t. Er gr\u00fcndete die Aserbaidschan Universit\u00e4t \u2013 die erste private Universit\u00e4t in Aserbaidschan im Jahr 1991 und war deren Rektor bis 2006. Seit 1994 leitete er das Forschungszentrum \u201eOst und West\u201c. Prof. Khalilov gr\u00fcndete die Zeitschrift \u201eIpek Yolu\u201c (Die Seidenstra\u00dfe) 1997. Im Jahr 2002 wurde er zum Vorsitzenden der Aserbaidschanischen Gesellschaft f\u00fcr Philosophie und sozio-politische Wissenschaften (AFSEA) gew\u00e4hlt. Seit 2003 ist er der Herausgeber der Zeitschrift \u201ePhilosophie und sozio-politische Wissenschaften\u201c. Prof. Khalilovs Forschungen besch\u00e4ftigen sich mit der Philosophie der Wissenschaften, der Erforschung der Wissenschaften, der philosophischen Komparatistik, der Ph\u00e4nomenologie, den philosophischen Aspekten der \u00f6stlichen und westlichen Zivilisationen, der Philosophie des Abu Turkhan, und der Kognitionstheorie. Er ist Autor von 53 B\u00fcchern und von \u00fcber 500 wissenschaftlichen Artikeln.<\/p>\n<p>Abu Turkhan: Prof. Salahaddin Khalilov verwendet das Pseudonym Abu Turhkan f\u00fcr seine \u201eWeisheitskreativit\u00e4t\u201c. Hier pr\u00e4sentiert Prof. Khalilov seine mit der Mythologie und der nationalen Folklore gemischten philosophischen Ideen im Stil der Weisheitstradition des Ostens.<\/p>\n<p>Lieferbare Titel von<strong> Salahaddin Khalilov<\/strong>:<\/p>\n<p><strong><a href=\"http:\/\/wp.pop-verlag.com\/?p=1520\">\u201e<\/a>Die Welt der Weisheit des Abu Turkhan<a href=\"http:\/\/wp.pop-verlag.com\/?p=1509\">\u201c<\/a><\/strong><\/p>\n<p>Aphorismen. Aus dem Aserbaidschanischen von<br \/>\nHermann Kiel und Orhan Aras. Ausgew\u00e4hlt und zusammengestellt von Salahaddin Khalilov. Bearbeitet und mit einem Vorwort von Uli Rothfuss.<\/p>\n<p>Hrsg. Uli Rothfuss<br \/>\nKaukasische Bibliothek Band 11<br \/>\n(Aserbaidschan)<\/p>\n<p>Pop Epik<\/p>\n<p>176 Seiten, 17,80 \u20ac<br \/>\nISBN 978-3-86356-129-1<\/p>\n","protected":false},"excerpt":{"rendered":"<p>Salahaddin Khalilov, *22. Februar 1952 in Marneuli, Republik Georgien (damals UdSSR). Er schloss die Staatliche Universit\u00e4t Baku im Jahr 1973 ab. Er verteidigte erfolgreich seine Dissertation zum Dr. phil. im Jahr 1976. Im Jahr 1989 wurde er Professor und Leiter &hellip; <a class=\"more-link\" href=\"https:\/\/wp.pop-verlag.com\/?page_id=1523\">Weiterlesen <span class=\"meta-nav\">&rarr;<\/span><\/a><\/p>\n","protected":false},"author":2,"featured_media":0,"parent":695,"menu_order":4,"comment_status":"closed","ping_status":"closed","template":"","meta":{"footnotes":""},"class_list":["post-1523","page","type-page","status-publish","hentry"],"jetpack_sharing_enabled":true,"_links":{"self":[{"href":"https:\/\/wp.pop-verlag.com\/index.php?rest_route=\/wp\/v2\/pages\/1523","targetHints":{"allow":["GET"]}}],"collection":[{"href":"https:\/\/wp.pop-verlag.com\/index.php?rest_route=\/wp\/v2\/pages"}],"about":[{"href":"https:\/\/wp.pop-verlag.com\/index.php?rest_route=\/wp\/v2\/types\/page"}],"author":[{"embeddable":true,"href":"https:\/\/wp.pop-verlag.com\/index.php?rest_route=\/wp\/v2\/users\/2"}],"replies":[{"embeddable":true,"href":"https:\/\/wp.pop-verlag.com\/index.php?rest_route=%2Fwp%2Fv2%2Fcomments&post=1523"}],"version-history":[{"count":3,"href":"https:\/\/wp.pop-verlag.com\/index.php?rest_route=\/wp\/v2\/pages\/1523\/revisions"}],"predecessor-version":[{"id":1527,"href":"https:\/\/wp.pop-verlag.com\/index.php?rest_route=\/wp\/v2\/pages\/1523\/revisions\/1527"}],"up":[{"embeddable":true,"href":"https:\/\/wp.pop-verlag.com\/index.php?rest_route=\/wp\/v2\/pages\/695"}],"wp:attachment":[{"href":"https:\/\/wp.pop-verlag.com\/index.php?rest_route=%2Fwp%2Fv2%2Fmedia&parent=1523"}],"curies":[{"name":"wp","href":"https:\/\/api.w.org\/{rel}","templated":true}]}}