{"id":1482,"date":"2016-08-07T08:07:36","date_gmt":"2016-08-07T08:07:36","guid":{"rendered":"http:\/\/wp.pop-verlag.com\/?page_id=1482"},"modified":"2017-09-22T05:37:52","modified_gmt":"2017-09-22T05:37:52","slug":"irma-schiolaschwili","status":"publish","type":"page","link":"https:\/\/wp.pop-verlag.com\/?page_id=1482","title":{"rendered":"Irma Schiolaschwili"},"content":{"rendered":"<p style=\"text-align: justify;\"><strong><img loading=\"lazy\" decoding=\"async\" class=\"alignleft wp-image-1483 size-medium\" src=\"http:\/\/wp.pop-verlag.com\/wp-content\/uploads\/2016\/08\/irmabild-161x300.gif\" alt=\"Irma Shiolashvili\" width=\"161\" height=\"300\" \/><a href=\"http:\/\/wp.pop-verlag.com\/?page_id=1482\">Irma Schiolaschwili<\/a><\/strong> (*1974, in Dedoplistskaro), Dichterin. Sie schrieb bereits w\u00e4hrend ihrer Schulzeit Gedichte, die in verschiedenen literarischen Zeitschriften ver\u00f6ffentlicht wurden. Von 1991-1996 studierte sie an der Universit\u00e4t von Tbilissi Journalistik. Nebenbei arbeitete sie in der Kulturabteilung des staatlichen Fernsehens, wo sie Fernsehsendungen \u00fcber zeitgen\u00f6ssische georgische Schriftsteller produzierte. 1999 ging sie nach Deutschland und studierte in Bonn f\u00fcr ihre Dissertation \u00fcber deutsche und georgische politische Nachkriegslyrik, mit der sie 2005 promovierte. Ihr erstes Buch \u201eNichtexistierendes Wort\u201c wurde in Georgien im Verlag \u201eMerani\u201c 1992 ver\u00f6ffentlicht. Im Jahre 1995 wurde sie eines der j\u00fcngsten Mitglieder des georgischen Schriftstellerverbandes. In die Europ\u00e4ische Autorenvereinigung \u201eDie Kogge\u201c wurde sie 2007 aufgenommen. Es folgten weitere Buchver\u00f6ffentlichungen in Georgien: \u201eDer Blaue Bogen\u201c (1996), \u201eSpur der Tr\u00e4ne\u201c (2002), \u201eEine Br\u00fccke aus bunten Bl\u00e4ttern\u201c (2009), \u201eMontag\u201c (2013). 2012 wurde ihr Buch \u201eEine Br\u00fccke aus bunten Bl\u00e4ttern\u201c in Deutschland ver\u00f6ffentlicht (Pop-Verlag Ludwigsburg, Kaukasische Bibliothek, Band 3). Ihre Gedichte wurden ins Russische, Englische und Franz\u00f6sische \u00fcbersetzt. Irma Schiolaschwili wohnt in Bonn und arbeitet als Journalistin und Dozentin.<\/p>\n<p>Lieferbare Titel von<\/p>\n<p>Lieferbare Titel von <strong><a href=\"http:\/\/wp.pop-verlag.com\/?page_id=1482\">Irma Schiolaschwili<\/a><\/strong>:<\/p>\n<p style=\"text-align: justify;\"><a href=\"http:\/\/wp.pop-verlag.com\/?p=316\"><strong>\u201eEine Br\u00fccke aus bunten Bl\u00e4ttern<\/strong>\u201c<\/a>. Gedichte. Aus dem Georgischen \u00fcbersetzt von Agnes Giesbrecht-Gossen, Irma Berscheid-Kimeridze, Heide Rieck, Thomas Berstein und Joachim Britze. Kaukasische Bibliothek, Band 3.\u00a0 ISBN 978-3-86356-025-6; 84 Seiten, 12,80 \u20ac<\/p>\n<p style=\"text-align: justify;\">\u201e<strong><a href=\"http:\/\/wp.pop-verlag.com\/?p=1075\">Ich aber will dem Kaukasos zu..<\/a><\/strong>.\u201c Eine Anthologie georgischer Lyrik. Nach einer Auswahl von Nino Popiaschwili. <span class=\"st\">Buch mit Audio-CD. <\/span>Kaukasische Bibliothek, Band 9. ISBN 978-3-86356-124-6, 578 Seiten, 35,50 \u20ac<\/p>\n","protected":false},"excerpt":{"rendered":"<p>Irma Schiolaschwili (*1974, in Dedoplistskaro), Dichterin. Sie schrieb bereits w\u00e4hrend ihrer Schulzeit Gedichte, die in verschiedenen literarischen Zeitschriften ver\u00f6ffentlicht wurden. Von 1991-1996 studierte sie an der Universit\u00e4t von Tbilissi Journalistik. Nebenbei arbeitete sie in der Kulturabteilung des staatlichen Fernsehens, wo &hellip; <a class=\"more-link\" href=\"https:\/\/wp.pop-verlag.com\/?page_id=1482\">Weiterlesen <span class=\"meta-nav\">&rarr;<\/span><\/a><\/p>\n","protected":false},"author":2,"featured_media":0,"parent":712,"menu_order":6,"comment_status":"closed","ping_status":"closed","template":"","meta":{"footnotes":""},"class_list":["post-1482","page","type-page","status-publish","hentry"],"jetpack_sharing_enabled":true,"_links":{"self":[{"href":"https:\/\/wp.pop-verlag.com\/index.php?rest_route=\/wp\/v2\/pages\/1482","targetHints":{"allow":["GET"]}}],"collection":[{"href":"https:\/\/wp.pop-verlag.com\/index.php?rest_route=\/wp\/v2\/pages"}],"about":[{"href":"https:\/\/wp.pop-verlag.com\/index.php?rest_route=\/wp\/v2\/types\/page"}],"author":[{"embeddable":true,"href":"https:\/\/wp.pop-verlag.com\/index.php?rest_route=\/wp\/v2\/users\/2"}],"replies":[{"embeddable":true,"href":"https:\/\/wp.pop-verlag.com\/index.php?rest_route=%2Fwp%2Fv2%2Fcomments&post=1482"}],"version-history":[{"count":3,"href":"https:\/\/wp.pop-verlag.com\/index.php?rest_route=\/wp\/v2\/pages\/1482\/revisions"}],"predecessor-version":[{"id":1485,"href":"https:\/\/wp.pop-verlag.com\/index.php?rest_route=\/wp\/v2\/pages\/1482\/revisions\/1485"}],"up":[{"embeddable":true,"href":"https:\/\/wp.pop-verlag.com\/index.php?rest_route=\/wp\/v2\/pages\/712"}],"wp:attachment":[{"href":"https:\/\/wp.pop-verlag.com\/index.php?rest_route=%2Fwp%2Fv2%2Fmedia&parent=1482"}],"curies":[{"name":"wp","href":"https:\/\/api.w.org\/{rel}","templated":true}]}}