{"id":1458,"date":"2016-07-10T06:21:15","date_gmt":"2016-07-10T06:21:15","guid":{"rendered":"http:\/\/wp.pop-verlag.com\/?page_id=1458"},"modified":"2016-07-10T06:25:50","modified_gmt":"2016-07-10T06:25:50","slug":"ruxandra-niculescu","status":"publish","type":"page","link":"https:\/\/wp.pop-verlag.com\/?page_id=1458","title":{"rendered":"Ruxandra Niculescu"},"content":{"rendered":"<p>&nbsp;<\/p>\n<p><a href=\"http:\/\/wp.pop-verlag.com\/?page_id=1458\">Ruxandra Niculescu<\/a> (fr\u00fcher auch: Ruxandra <span class=\"st\">Gheorghi\u021b\u0103<\/span>) *1949 in Bukarest. Studium der Philologie, T\u00e4tigkeit als Verlagslektorin, Herausgeberin und \u00dcbersetzerin. Prosa, Essays und Lyrik auf Deutsch und Rum\u00e4nisch. Gedichtb\u00e4nde: Die Zeremonie der Erinnerung, 1989, Meseria exilului (Das Handwerk des Exils), 1998, Oglinzi p\u0103r\u0103site (Verlassene Spiegel), 2001, <a href=\"http:\/\/wp.pop-verlag.com\/?p=239\">Die Metaphernw\u00e4hrung<\/a>, 2013. \u00dcbersetzt ins Japanische, Italienische, Litauische, Slowenische und Tschechische.<\/p>\n<p>Lieferbare Titel von <a href=\"http:\/\/wp.pop-verlag.com\/?page_id=1458\">Ruxandra Niculescu<\/a>:<\/p>\n<p>\u201e<a href=\"http:\/\/wp.pop-verlag.com\/?p=239\">Die Metaphernw\u00e4hrung<\/a>\u201c. Gedichte. Pop Lyrik. 108 Seiten, 13,50 \u20ac<br \/>\nISBN 978-3-86356-069-0<\/p>\n<p>&nbsp;<\/p>\n","protected":false},"excerpt":{"rendered":"<p>&nbsp; Ruxandra Niculescu (fr\u00fcher auch: Ruxandra Gheorghi\u021b\u0103) *1949 in Bukarest. Studium der Philologie, T\u00e4tigkeit als Verlagslektorin, Herausgeberin und \u00dcbersetzerin. Prosa, Essays und Lyrik auf Deutsch und Rum\u00e4nisch. Gedichtb\u00e4nde: Die Zeremonie der Erinnerung, 1989, Meseria exilului (Das Handwerk des Exils), 1998, &hellip; <a class=\"more-link\" href=\"https:\/\/wp.pop-verlag.com\/?page_id=1458\">Weiterlesen <span class=\"meta-nav\">&rarr;<\/span><\/a><\/p>\n","protected":false},"author":2,"featured_media":0,"parent":702,"menu_order":2,"comment_status":"closed","ping_status":"closed","template":"","meta":{"footnotes":""},"class_list":["post-1458","page","type-page","status-publish","hentry"],"jetpack_sharing_enabled":true,"_links":{"self":[{"href":"https:\/\/wp.pop-verlag.com\/index.php?rest_route=\/wp\/v2\/pages\/1458","targetHints":{"allow":["GET"]}}],"collection":[{"href":"https:\/\/wp.pop-verlag.com\/index.php?rest_route=\/wp\/v2\/pages"}],"about":[{"href":"https:\/\/wp.pop-verlag.com\/index.php?rest_route=\/wp\/v2\/types\/page"}],"author":[{"embeddable":true,"href":"https:\/\/wp.pop-verlag.com\/index.php?rest_route=\/wp\/v2\/users\/2"}],"replies":[{"embeddable":true,"href":"https:\/\/wp.pop-verlag.com\/index.php?rest_route=%2Fwp%2Fv2%2Fcomments&post=1458"}],"version-history":[{"count":4,"href":"https:\/\/wp.pop-verlag.com\/index.php?rest_route=\/wp\/v2\/pages\/1458\/revisions"}],"predecessor-version":[{"id":1462,"href":"https:\/\/wp.pop-verlag.com\/index.php?rest_route=\/wp\/v2\/pages\/1458\/revisions\/1462"}],"up":[{"embeddable":true,"href":"https:\/\/wp.pop-verlag.com\/index.php?rest_route=\/wp\/v2\/pages\/702"}],"wp:attachment":[{"href":"https:\/\/wp.pop-verlag.com\/index.php?rest_route=%2Fwp%2Fv2%2Fmedia&parent=1458"}],"curies":[{"name":"wp","href":"https:\/\/api.w.org\/{rel}","templated":true}]}}