{"id":1439,"date":"2016-07-01T04:55:06","date_gmt":"2016-07-01T04:55:06","guid":{"rendered":"http:\/\/wp.pop-verlag.com\/?page_id=1439"},"modified":"2020-04-05T04:59:22","modified_gmt":"2020-04-05T04:59:22","slug":"norbert-sternmut","status":"publish","type":"page","link":"https:\/\/wp.pop-verlag.com\/?page_id=1439","title":{"rendered":"Norbert Sternmut"},"content":{"rendered":"<p><img loading=\"lazy\" decoding=\"async\" class=\"alignleft wp-image-1440 size-medium\" src=\"http:\/\/wp.pop-verlag.com\/wp-content\/uploads\/2016\/07\/Norbert-Sternmut-166x300.jpg\" alt=\"Norbert Sternmut\" width=\"166\" height=\"300\" srcset=\"https:\/\/wp.pop-verlag.com\/wp-content\/uploads\/2016\/07\/Norbert-Sternmut-166x300.jpg 166w, https:\/\/wp.pop-verlag.com\/wp-content\/uploads\/2016\/07\/Norbert-Sternmut-567x1024.jpg 567w, https:\/\/wp.pop-verlag.com\/wp-content\/uploads\/2016\/07\/Norbert-Sternmut.jpg 692w\" sizes=\"auto, (max-width: 166px) 100vw, 166px\" \/><a href=\"http:\/\/wp.pop-verlag.com\/?page_id=1439\">Norbert Sternmut<\/a>, 1958 in Stuttgart geboren, lebt in Ludwigsburg bei Stuttgart. Seit 1980 ca. 90 Ver\u00f6ffentlichungen in Anthologien und Zeitschriften, zahlreiche Buchver\u00f6ffentlichungen (Romane, Lyrik, Theater) in verschiedenen Verlagen. Mitglied im VS.<\/p>\n<p><em>Norbert Sternmut geh\u00f6rt ohne Zweifel zu den begabtesten Lyrikern der deutschsprachigen Gegenwartsliteratur. Sein sprachlicher wie inhaltlicher Einfallsreichtum ist schlicht erstaunlich.<\/em><br \/>\n<em>In seinen Gedichten entfaltet Sternmut einen un\u00fcbersehbar beziehungsreichen \u201eHexensabbat\u201c der Verg\u00e4nglichkeit, in dem Dinge und Menschen einander erhellend und verdunkelnd, gleicherma\u00dfen zu reden beginnen. Wie \u201eGeist\u201c und \u201eMaterie\u201c, so vertauschen auch \u201eFerne\u201c und \u201eN\u00e4he\u201c ihre \u00fcberkommenen \u201eSelbstverst\u00e4ndlichkeiten\u201c und werden f\u00fcreinander durchl\u00e4ssig auf eine opake Faktizit\u00e4t hin, die Bestimmbarkeit \u00fcberhaupt als unvordenkliche Beschr\u00e4nkung \u201ezeigt\u201c. <\/em><br \/>\n<em>Das alles geht sicher \u201e\u00dcber den Verstand\u201c. Aber darin, dass es Sternmut gelungen ist, \u201eden Austausch\/ der Klopfzeichen\/ auf die Nullinie\u201c mit geradezu materieller Intensit\u00e4t zu pr\u00e4sentieren, liegt sicher eines der wesentlichen Verdienste seiner Lyrik, die damit beispielhaft Czeslaw Miloszs These best\u00e4tigt, dass man die M\u00f6glichkeit der Philosophie in der Wirklichkeit der Lyrik realisiert finden kann.<\/em> (J\u00fcrgen Hachmann)<\/p>\n<p>Lieferbare Titel von <a href=\"http:\/\/wp.pop-verlag.com\/?page_id=1439\"><strong>Norbert Sternmut:\u00a0<\/strong><\/a><\/p>\n<ul>\n<li>Fadenw\u00fcrde, ISBN: 978-3-937139-67-8; 14,30 \u20ac<\/li>\n<li>Nachtlichter, ISBN:978-3-937139-87-6; 14,30 \u20ac<\/li>\n<li>Spiegelschrift,\u00a0 ISBN: 978-3-86356-007-2; 14,00 \u20ac<\/li>\n<li>Schattenpalaver, ISBN: 978-3-86356-032-4; 14,50 \u20ac<\/li>\n<li>Zeitschrunden, ISBN: 978-3-86356-045-4; 14,80 \u20ac<\/li>\n<li><a href=\"http:\/\/wp.pop-verlag.com\/?p=488\">Nachbrenner<\/a>, ISBN: 978-3-86356-81-2; 14,99 \u20ac<\/li>\n<li><a href=\"http:\/\/wp.pop-verlag.com\/?p=367\">Sonnwend<\/a>, ISBN: 978-3-86356-092-8; 15,99 \u20ac<\/li>\n<li><a href=\"http:\/\/wp.pop-verlag.com\/?p=1434\">Atemecho.<\/a> Gedichte und Bilder. ISBN 978-3-86356-110-9; 19,90 \u20ac<\/li>\n<li><a href=\"http:\/\/wp.pop-verlag.com\/?p=1913\">Totentango. <\/a>Gedichte und Bilder. edition monrepos Band 14, ISBN 978-3-86356-145-1, 172 Seiten, 19,90 \u20ac<\/li>\n<li><a href=\"https:\/\/www.bawuelon.com\/bawuelon-22017-26\/\"><strong>BAW\u00dcLON 2\/2017 (26)<\/strong><\/a><\/li>\n<li><a href=\"https:\/\/wp.pop-verlag.com\/?p=3328\">Strahlensatz.\u00a0<\/a>Gedichte. edition monrepos Band 17, ISBN 978-3-86356-199-4, 150 Seiten, 18,00 \u20ac<\/li>\n<li><a href=\"https:\/\/wp.pop-verlag.com\/?p=4719\"><strong>Winterdiens<\/strong>t<\/a>. Trauma. Prosa und Gedichte. edition monrepos Band 18. 255 Seiten, ISBN 978-3-86356-291-5, \u20ac[D]18,00<\/li>\n<\/ul>\n<p>&nbsp;<\/p>\n<p>&nbsp;<\/p>\n","protected":false},"excerpt":{"rendered":"<p>Norbert Sternmut, 1958 in Stuttgart geboren, lebt in Ludwigsburg bei Stuttgart. Seit 1980 ca. 90 Ver\u00f6ffentlichungen in Anthologien und Zeitschriften, zahlreiche Buchver\u00f6ffentlichungen (Romane, Lyrik, Theater) in verschiedenen Verlagen. Mitglied im VS. Norbert Sternmut geh\u00f6rt ohne Zweifel zu den begabtesten Lyrikern &hellip; <a class=\"more-link\" href=\"https:\/\/wp.pop-verlag.com\/?page_id=1439\">Weiterlesen <span class=\"meta-nav\">&rarr;<\/span><\/a><\/p>\n","protected":false},"author":2,"featured_media":0,"parent":712,"menu_order":10,"comment_status":"closed","ping_status":"closed","template":"","meta":{"footnotes":""},"class_list":["post-1439","page","type-page","status-publish","hentry"],"jetpack_sharing_enabled":true,"_links":{"self":[{"href":"https:\/\/wp.pop-verlag.com\/index.php?rest_route=\/wp\/v2\/pages\/1439","targetHints":{"allow":["GET"]}}],"collection":[{"href":"https:\/\/wp.pop-verlag.com\/index.php?rest_route=\/wp\/v2\/pages"}],"about":[{"href":"https:\/\/wp.pop-verlag.com\/index.php?rest_route=\/wp\/v2\/types\/page"}],"author":[{"embeddable":true,"href":"https:\/\/wp.pop-verlag.com\/index.php?rest_route=\/wp\/v2\/users\/2"}],"replies":[{"embeddable":true,"href":"https:\/\/wp.pop-verlag.com\/index.php?rest_route=%2Fwp%2Fv2%2Fcomments&post=1439"}],"version-history":[{"count":10,"href":"https:\/\/wp.pop-verlag.com\/index.php?rest_route=\/wp\/v2\/pages\/1439\/revisions"}],"predecessor-version":[{"id":4980,"href":"https:\/\/wp.pop-verlag.com\/index.php?rest_route=\/wp\/v2\/pages\/1439\/revisions\/4980"}],"up":[{"embeddable":true,"href":"https:\/\/wp.pop-verlag.com\/index.php?rest_route=\/wp\/v2\/pages\/712"}],"wp:attachment":[{"href":"https:\/\/wp.pop-verlag.com\/index.php?rest_route=%2Fwp%2Fv2%2Fmedia&parent=1439"}],"curies":[{"name":"wp","href":"https:\/\/api.w.org\/{rel}","templated":true}]}}