{"id":1392,"date":"2016-04-25T05:28:59","date_gmt":"2016-04-25T05:28:59","guid":{"rendered":"http:\/\/wp.pop-verlag.com\/?page_id=1392"},"modified":"2016-04-25T05:41:28","modified_gmt":"2016-04-25T05:41:28","slug":"miroslav-bartak","status":"publish","type":"page","link":"https:\/\/wp.pop-verlag.com\/?page_id=1392","title":{"rendered":"Miroslav Bart\u00e1k"},"content":{"rendered":"<p><img loading=\"lazy\" decoding=\"async\" class=\"alignleft wp-image-1395 size-medium\" src=\"http:\/\/wp.pop-verlag.com\/wp-content\/uploads\/2016\/04\/mirosl1-236x300.jpg\" alt=\"mirosl1\" width=\"236\" height=\"300\" srcset=\"https:\/\/wp.pop-verlag.com\/wp-content\/uploads\/2016\/04\/mirosl1-236x300.jpg 236w, https:\/\/wp.pop-verlag.com\/wp-content\/uploads\/2016\/04\/mirosl1.jpg 591w\" sizes=\"auto, (max-width: 236px) 100vw, 236px\" \/><a href=\"http:\/\/wp.pop-verlag.com\/?page_id=1392\">Miroslav Bart\u00e1k<\/a>, * Geb. 1938, lebt in der N\u00e4he von Prag. Bart\u00e1k z\u00e4hlt heute zu den international bekanntesten Karikaturisten. Seine hintergr\u00fcndigen, absurden Cartoons, die ganz ohne Worte auskommen, sind in vielen Zeitschriften der ganzen Welt zu finden. Bart\u00e1k schuf aber auch Filme und war an Fernsehproduktionen beteiligt.<\/p>\n<p>&nbsp;<\/p>\n<p>&nbsp;<\/p>\n<p>&nbsp;<\/p>\n<p>&nbsp;<\/p>\n<p>&nbsp;<\/p>\n<p><span class=\"readonlyText multiple\">Lieferbare Titel von <a href=\"http:\/\/wp.pop-verlag.com\/?page_id=1392\">Miroslav Bart\u00e1k:<\/a><strong><br \/>\n<\/strong><br \/>\n<\/span><\/p>\n<p><span style=\"font-size: medium;\"><b><span class=\"readonlyText multiple\"><a href=\"http:\/\/wp.pop-verlag.com\/?page_id=1379\">Jan Cornelius<\/a><strong>:<\/strong><\/span><\/b><\/span> <a href=\"http:\/\/wp.pop-verlag.com\/?p=309\">\u201e\u00dcber Google, Gott und die Welt\u201c<\/a><br \/>\nSatirische Streifz\u00fcge. Mit Cartoons von <span style=\"font-size: medium;\"><b><span id=\"btAsinTitle6\"><a href=\"http:\/\/wp.pop-verlag.com\/?page_id=1392\">Miroslav Bart\u00e1k.<\/a><\/span><\/b><\/span>Pop Epik. 202 Seiten, 10,00 \u20ac<br \/>\nISBN 978-3-86356-017-5<\/p>\n<p><span style=\"font-size: medium;\"><b><span class=\"readonlyText multiple\"><a href=\"http:\/\/wp.pop-verlag.com\/?page_id=1379\">Jan Cornelius<\/a><strong>:<\/strong><\/span><a href=\"http:\/\/wp.pop-verlag.com\/?p=1385\"> &#8222;<\/a><\/b><b><span id=\"btAsinTitle6\"><a href=\"http:\/\/wp.pop-verlag.com\/?p=1385\">Heilige und Scheiheilige. Ganz weltliche satiren.&#8220;<\/a> Mit Cartoons von <\/span><\/b><b><span id=\"btAsinTitle6\"><a href=\"http:\/\/wp.pop-verlag.com\/?page_id=1392\">Miroslav Bart\u00e1k.<\/a><\/span><\/b><i><b><span id=\"btAsinTitle6\">\u00a0<\/span><\/b><\/i><\/span><span lang=\"RO\"> <span style=\"font-size: medium;\">(EPIK Sammlung). <\/span>214 S. <span style=\"font-size: medium;\">ISBN: 978-3-86356-038-6, 10,00 \u20ac<\/span><\/span><\/p>\n","protected":false},"excerpt":{"rendered":"<p>Miroslav Bart\u00e1k, * Geb. 1938, lebt in der N\u00e4he von Prag. Bart\u00e1k z\u00e4hlt heute zu den international bekanntesten Karikaturisten. Seine hintergr\u00fcndigen, absurden Cartoons, die ganz ohne Worte auskommen, sind in vielen Zeitschriften der ganzen Welt zu finden. Bart\u00e1k schuf aber &hellip; <a class=\"more-link\" href=\"https:\/\/wp.pop-verlag.com\/?page_id=1392\">Weiterlesen <span class=\"meta-nav\">&rarr;<\/span><\/a><\/p>\n","protected":false},"author":2,"featured_media":0,"parent":660,"menu_order":1,"comment_status":"closed","ping_status":"closed","template":"","meta":{"footnotes":""},"class_list":["post-1392","page","type-page","status-publish","hentry"],"jetpack_sharing_enabled":true,"_links":{"self":[{"href":"https:\/\/wp.pop-verlag.com\/index.php?rest_route=\/wp\/v2\/pages\/1392","targetHints":{"allow":["GET"]}}],"collection":[{"href":"https:\/\/wp.pop-verlag.com\/index.php?rest_route=\/wp\/v2\/pages"}],"about":[{"href":"https:\/\/wp.pop-verlag.com\/index.php?rest_route=\/wp\/v2\/types\/page"}],"author":[{"embeddable":true,"href":"https:\/\/wp.pop-verlag.com\/index.php?rest_route=\/wp\/v2\/users\/2"}],"replies":[{"embeddable":true,"href":"https:\/\/wp.pop-verlag.com\/index.php?rest_route=%2Fwp%2Fv2%2Fcomments&post=1392"}],"version-history":[{"count":5,"href":"https:\/\/wp.pop-verlag.com\/index.php?rest_route=\/wp\/v2\/pages\/1392\/revisions"}],"predecessor-version":[{"id":1402,"href":"https:\/\/wp.pop-verlag.com\/index.php?rest_route=\/wp\/v2\/pages\/1392\/revisions\/1402"}],"up":[{"embeddable":true,"href":"https:\/\/wp.pop-verlag.com\/index.php?rest_route=\/wp\/v2\/pages\/660"}],"wp:attachment":[{"href":"https:\/\/wp.pop-verlag.com\/index.php?rest_route=%2Fwp%2Fv2%2Fmedia&parent=1392"}],"curies":[{"name":"wp","href":"https:\/\/api.w.org\/{rel}","templated":true}]}}