{"id":1365,"date":"2016-04-24T15:11:15","date_gmt":"2016-04-24T15:11:15","guid":{"rendered":"http:\/\/wp.pop-verlag.com\/?page_id=1365"},"modified":"2016-04-24T15:11:15","modified_gmt":"2016-04-24T15:11:15","slug":"arne-rautenberg","status":"publish","type":"page","link":"https:\/\/wp.pop-verlag.com\/?page_id=1365","title":{"rendered":"Arne Rautenberg"},"content":{"rendered":"<p>Arne Rautenberg (Kiel, 1967) Lebt als freier Autor und K\u00fcnstler in Kiel. Studium der Kunstgeschichte, Literaturwissenschaft und Volkskunde. Schreibt f\u00fcr die Neue Z\u00fcrcher Zeitung. Mehrfach ausgezeichnet, u.a. mit dem Christine Lavant Publikumspreis 2001 und dem F\u00f6rderpreis f\u00fcr satirische Literatur von Random House 2002. Vielerlei Ver\u00f6ffentlichungen, zuletzt erschienen: Der Sperrm\u00fcllk\u00f6nig, Roman,\u00a0 Hamburg 2002, sowie: einblick in die erschaffung des rades, Gedichte, K\u00f6ln 2004.<\/p>\n","protected":false},"excerpt":{"rendered":"<p>Arne Rautenberg (Kiel, 1967) Lebt als freier Autor und K\u00fcnstler in Kiel. Studium der Kunstgeschichte, Literaturwissenschaft und Volkskunde. Schreibt f\u00fcr die Neue Z\u00fcrcher Zeitung. Mehrfach ausgezeichnet, u.a. mit dem Christine Lavant Publikumspreis 2001 und dem F\u00f6rderpreis f\u00fcr satirische Literatur von &hellip; <a class=\"more-link\" href=\"https:\/\/wp.pop-verlag.com\/?page_id=1365\">Weiterlesen <span class=\"meta-nav\">&rarr;<\/span><\/a><\/p>\n","protected":false},"author":2,"featured_media":0,"parent":708,"menu_order":1,"comment_status":"closed","ping_status":"closed","template":"","meta":{"footnotes":""},"class_list":["post-1365","page","type-page","status-publish","hentry"],"jetpack_sharing_enabled":true,"_links":{"self":[{"href":"https:\/\/wp.pop-verlag.com\/index.php?rest_route=\/wp\/v2\/pages\/1365","targetHints":{"allow":["GET"]}}],"collection":[{"href":"https:\/\/wp.pop-verlag.com\/index.php?rest_route=\/wp\/v2\/pages"}],"about":[{"href":"https:\/\/wp.pop-verlag.com\/index.php?rest_route=\/wp\/v2\/types\/page"}],"author":[{"embeddable":true,"href":"https:\/\/wp.pop-verlag.com\/index.php?rest_route=\/wp\/v2\/users\/2"}],"replies":[{"embeddable":true,"href":"https:\/\/wp.pop-verlag.com\/index.php?rest_route=%2Fwp%2Fv2%2Fcomments&post=1365"}],"version-history":[{"count":1,"href":"https:\/\/wp.pop-verlag.com\/index.php?rest_route=\/wp\/v2\/pages\/1365\/revisions"}],"predecessor-version":[{"id":1366,"href":"https:\/\/wp.pop-verlag.com\/index.php?rest_route=\/wp\/v2\/pages\/1365\/revisions\/1366"}],"up":[{"embeddable":true,"href":"https:\/\/wp.pop-verlag.com\/index.php?rest_route=\/wp\/v2\/pages\/708"}],"wp:attachment":[{"href":"https:\/\/wp.pop-verlag.com\/index.php?rest_route=%2Fwp%2Fv2%2Fmedia&parent=1365"}],"curies":[{"name":"wp","href":"https:\/\/api.w.org\/{rel}","templated":true}]}}