{"id":1363,"date":"2016-04-24T15:10:42","date_gmt":"2016-04-24T15:10:42","guid":{"rendered":"http:\/\/wp.pop-verlag.com\/?page_id=1363"},"modified":"2016-04-24T15:10:42","modified_gmt":"2016-04-24T15:10:42","slug":"serge-pey","status":"publish","type":"page","link":"https:\/\/wp.pop-verlag.com\/?page_id=1363","title":{"rendered":"Serge Pey"},"content":{"rendered":"<p>Serge Pey (Toulouse, 1950): Er schnitzt seine Gedichte in St\u00f6cke. Hat \u00fcber zwanzig B\u00fccher ver\u00f6ffentlicht, darunter: Dieu est un chien dans les arbres, L\u2019enfant arch\u00e9ologue, La main et le couteau. Zahlreiche franz\u00f6sische und ausl\u00e4ndische Anthologien enthalten seine Gedichte, wie z.B. Orph\u00e9e Studio (Gallimard). Als Dichter der neuen gesprochenen Kunst hat er mit zahlreichen zeitgen\u00f6ssischen Musikern zusammengearbeitet. Er hat eine Dissertation mit dem Titel Die ausgerissene Zunge\/Sprache \u00fcber die zeitgen\u00f6ssische Dichtung verfasst und lehrt Performance und Poesie der Aktion am Centre d\u2019Initiatives artistiques der Universit\u00e9 du Mirail in Toulouse.<\/p>\n","protected":false},"excerpt":{"rendered":"<p>Serge Pey (Toulouse, 1950): Er schnitzt seine Gedichte in St\u00f6cke. Hat \u00fcber zwanzig B\u00fccher ver\u00f6ffentlicht, darunter: Dieu est un chien dans les arbres, L\u2019enfant arch\u00e9ologue, La main et le couteau. Zahlreiche franz\u00f6sische und ausl\u00e4ndische Anthologien enthalten seine Gedichte, wie z.B. &hellip; <a class=\"more-link\" href=\"https:\/\/wp.pop-verlag.com\/?page_id=1363\">Weiterlesen <span class=\"meta-nav\">&rarr;<\/span><\/a><\/p>\n","protected":false},"author":2,"featured_media":0,"parent":706,"menu_order":2,"comment_status":"closed","ping_status":"closed","template":"","meta":{"footnotes":""},"class_list":["post-1363","page","type-page","status-publish","hentry"],"jetpack_sharing_enabled":true,"_links":{"self":[{"href":"https:\/\/wp.pop-verlag.com\/index.php?rest_route=\/wp\/v2\/pages\/1363","targetHints":{"allow":["GET"]}}],"collection":[{"href":"https:\/\/wp.pop-verlag.com\/index.php?rest_route=\/wp\/v2\/pages"}],"about":[{"href":"https:\/\/wp.pop-verlag.com\/index.php?rest_route=\/wp\/v2\/types\/page"}],"author":[{"embeddable":true,"href":"https:\/\/wp.pop-verlag.com\/index.php?rest_route=\/wp\/v2\/users\/2"}],"replies":[{"embeddable":true,"href":"https:\/\/wp.pop-verlag.com\/index.php?rest_route=%2Fwp%2Fv2%2Fcomments&post=1363"}],"version-history":[{"count":1,"href":"https:\/\/wp.pop-verlag.com\/index.php?rest_route=\/wp\/v2\/pages\/1363\/revisions"}],"predecessor-version":[{"id":1364,"href":"https:\/\/wp.pop-verlag.com\/index.php?rest_route=\/wp\/v2\/pages\/1363\/revisions\/1364"}],"up":[{"embeddable":true,"href":"https:\/\/wp.pop-verlag.com\/index.php?rest_route=\/wp\/v2\/pages\/706"}],"wp:attachment":[{"href":"https:\/\/wp.pop-verlag.com\/index.php?rest_route=%2Fwp%2Fv2%2Fmedia&parent=1363"}],"curies":[{"name":"wp","href":"https:\/\/api.w.org\/{rel}","templated":true}]}}