{"id":1361,"date":"2016-04-24T15:09:59","date_gmt":"2016-04-24T15:09:59","guid":{"rendered":"http:\/\/wp.pop-verlag.com\/?page_id=1361"},"modified":"2016-04-24T15:09:59","modified_gmt":"2016-04-24T15:09:59","slug":"jean-orizet","status":"publish","type":"page","link":"https:\/\/wp.pop-verlag.com\/?page_id=1361","title":{"rendered":"Jean Orizet"},"content":{"rendered":"<p>Jean Orizet (Marseille, 1937): Arbeitet bei dem Pariser Verlag Cherche-midi. Er ist der Verfasser von gut zwanzig Werken, darunter Niveaux de survie, La peau du monde und Hommes continuels (Belfond), Le voyageur absent (Grasset), Histoire de l\u2019entretemps (La Table Ronde), Le miroir de M\u00e9duse, La poussi\u00e8re d\u2019Adam, La vie autrement (Le Cherche-midi), L\u2019homme fragile (Le Castor astral).\u00a0 \u00bbOrizet, der erdnahe Stadtmensch, hat ein Gesp\u00fcr f\u00fcr das Verg\u00e4ngliche und das Ewige. Bei ihm ist die Aktion die Schwester des Traums.\u00ab (Robert Sabatier)<\/p>\n","protected":false},"excerpt":{"rendered":"<p>Jean Orizet (Marseille, 1937): Arbeitet bei dem Pariser Verlag Cherche-midi. Er ist der Verfasser von gut zwanzig Werken, darunter Niveaux de survie, La peau du monde und Hommes continuels (Belfond), Le voyageur absent (Grasset), Histoire de l\u2019entretemps (La Table Ronde), &hellip; <a class=\"more-link\" href=\"https:\/\/wp.pop-verlag.com\/?page_id=1361\">Weiterlesen <span class=\"meta-nav\">&rarr;<\/span><\/a><\/p>\n","protected":false},"author":2,"featured_media":0,"parent":704,"menu_order":1,"comment_status":"closed","ping_status":"closed","template":"","meta":{"footnotes":""},"class_list":["post-1361","page","type-page","status-publish","hentry"],"jetpack_sharing_enabled":true,"_links":{"self":[{"href":"https:\/\/wp.pop-verlag.com\/index.php?rest_route=\/wp\/v2\/pages\/1361","targetHints":{"allow":["GET"]}}],"collection":[{"href":"https:\/\/wp.pop-verlag.com\/index.php?rest_route=\/wp\/v2\/pages"}],"about":[{"href":"https:\/\/wp.pop-verlag.com\/index.php?rest_route=\/wp\/v2\/types\/page"}],"author":[{"embeddable":true,"href":"https:\/\/wp.pop-verlag.com\/index.php?rest_route=\/wp\/v2\/users\/2"}],"replies":[{"embeddable":true,"href":"https:\/\/wp.pop-verlag.com\/index.php?rest_route=%2Fwp%2Fv2%2Fcomments&post=1361"}],"version-history":[{"count":1,"href":"https:\/\/wp.pop-verlag.com\/index.php?rest_route=\/wp\/v2\/pages\/1361\/revisions"}],"predecessor-version":[{"id":1362,"href":"https:\/\/wp.pop-verlag.com\/index.php?rest_route=\/wp\/v2\/pages\/1361\/revisions\/1362"}],"up":[{"embeddable":true,"href":"https:\/\/wp.pop-verlag.com\/index.php?rest_route=\/wp\/v2\/pages\/704"}],"wp:attachment":[{"href":"https:\/\/wp.pop-verlag.com\/index.php?rest_route=%2Fwp%2Fv2%2Fmedia&parent=1361"}],"curies":[{"name":"wp","href":"https:\/\/api.w.org\/{rel}","templated":true}]}}