{"id":1359,"date":"2016-04-24T15:09:22","date_gmt":"2016-04-24T15:09:22","guid":{"rendered":"http:\/\/wp.pop-verlag.com\/?page_id=1359"},"modified":"2016-04-24T15:09:22","modified_gmt":"2016-04-24T15:09:22","slug":"petra-nagenkoegel","status":"publish","type":"page","link":"https:\/\/wp.pop-verlag.com\/?page_id=1359","title":{"rendered":"Petra Nagenk\u00f6gel"},"content":{"rendered":"<p>Petra Nagenk\u00f6gel (Linz, 1968): Studium der Germanistik, Geschichte und Philosophie in Salzburg, langj\u00e4hrige T\u00e4tigkeit in der Entwicklungspolitik. Seit 1996 Leiterin eines Literaturvereins im Salzburger Literaturhaus, daneben Leitung von Schreibwerkst\u00e4tten f\u00fcr Jugendliche und Erwachsene. Buchver\u00f6ffentlichung: Dahinter der Osten. Roman, Salzburg 2002 (\u00fcbersetzt ins Georgische, Tbilissi 2003).<\/p>\n","protected":false},"excerpt":{"rendered":"<p>Petra Nagenk\u00f6gel (Linz, 1968): Studium der Germanistik, Geschichte und Philosophie in Salzburg, langj\u00e4hrige T\u00e4tigkeit in der Entwicklungspolitik. Seit 1996 Leiterin eines Literaturvereins im Salzburger Literaturhaus, daneben Leitung von Schreibwerkst\u00e4tten f\u00fcr Jugendliche und Erwachsene. Buchver\u00f6ffentlichung: Dahinter der Osten. Roman, Salzburg 2002 &hellip; <a class=\"more-link\" href=\"https:\/\/wp.pop-verlag.com\/?page_id=1359\">Weiterlesen <span class=\"meta-nav\">&rarr;<\/span><\/a><\/p>\n","protected":false},"author":2,"featured_media":0,"parent":702,"menu_order":0,"comment_status":"closed","ping_status":"closed","template":"","meta":{"footnotes":""},"class_list":["post-1359","page","type-page","status-publish","hentry"],"jetpack_sharing_enabled":true,"_links":{"self":[{"href":"https:\/\/wp.pop-verlag.com\/index.php?rest_route=\/wp\/v2\/pages\/1359","targetHints":{"allow":["GET"]}}],"collection":[{"href":"https:\/\/wp.pop-verlag.com\/index.php?rest_route=\/wp\/v2\/pages"}],"about":[{"href":"https:\/\/wp.pop-verlag.com\/index.php?rest_route=\/wp\/v2\/types\/page"}],"author":[{"embeddable":true,"href":"https:\/\/wp.pop-verlag.com\/index.php?rest_route=\/wp\/v2\/users\/2"}],"replies":[{"embeddable":true,"href":"https:\/\/wp.pop-verlag.com\/index.php?rest_route=%2Fwp%2Fv2%2Fcomments&post=1359"}],"version-history":[{"count":1,"href":"https:\/\/wp.pop-verlag.com\/index.php?rest_route=\/wp\/v2\/pages\/1359\/revisions"}],"predecessor-version":[{"id":1360,"href":"https:\/\/wp.pop-verlag.com\/index.php?rest_route=\/wp\/v2\/pages\/1359\/revisions\/1360"}],"up":[{"embeddable":true,"href":"https:\/\/wp.pop-verlag.com\/index.php?rest_route=\/wp\/v2\/pages\/702"}],"wp:attachment":[{"href":"https:\/\/wp.pop-verlag.com\/index.php?rest_route=%2Fwp%2Fv2%2Fmedia&parent=1359"}],"curies":[{"name":"wp","href":"https:\/\/api.w.org\/{rel}","templated":true}]}}