{"id":1353,"date":"2016-04-24T15:07:42","date_gmt":"2016-04-24T15:07:42","guid":{"rendered":"http:\/\/wp.pop-verlag.com\/?page_id=1353"},"modified":"2016-04-24T15:07:42","modified_gmt":"2016-04-24T15:07:42","slug":"guy-goffette","status":"publish","type":"page","link":"https:\/\/wp.pop-verlag.com\/?page_id=1353","title":{"rendered":"Guy Goffette"},"content":{"rendered":"<p>Guy Goffette (1947): Dichter, Romanautor, Essayist und Kritiker. Lebt heute in Paris, wo er bei Gallimard als Lektor arbeitet. Er hat ungef\u00e4hr zwanzig Gedichtb\u00e4nde ver\u00f6ffentlicht, darunter Eloge pour une cuisine de province (Champ Vallon, 1988), La vie promise (Gallimard, 1991), Le p\u00eacheur d\u2019eau (Gallimard, 1995), und zwei Prosab\u00e4nde: Verlaine d\u2019ardoise et de pluie (1995) und Elle, par bonheur, et toujours nue (1998).<\/p>\n","protected":false},"excerpt":{"rendered":"<p>Guy Goffette (1947): Dichter, Romanautor, Essayist und Kritiker. Lebt heute in Paris, wo er bei Gallimard als Lektor arbeitet. Er hat ungef\u00e4hr zwanzig Gedichtb\u00e4nde ver\u00f6ffentlicht, darunter Eloge pour une cuisine de province (Champ Vallon, 1988), La vie promise (Gallimard, 1991), &hellip; <a class=\"more-link\" href=\"https:\/\/wp.pop-verlag.com\/?page_id=1353\">Weiterlesen <span class=\"meta-nav\">&rarr;<\/span><\/a><\/p>\n","protected":false},"author":2,"featured_media":0,"parent":672,"menu_order":4,"comment_status":"closed","ping_status":"closed","template":"","meta":{"footnotes":""},"class_list":["post-1353","page","type-page","status-publish","hentry"],"jetpack_sharing_enabled":true,"_links":{"self":[{"href":"https:\/\/wp.pop-verlag.com\/index.php?rest_route=\/wp\/v2\/pages\/1353","targetHints":{"allow":["GET"]}}],"collection":[{"href":"https:\/\/wp.pop-verlag.com\/index.php?rest_route=\/wp\/v2\/pages"}],"about":[{"href":"https:\/\/wp.pop-verlag.com\/index.php?rest_route=\/wp\/v2\/types\/page"}],"author":[{"embeddable":true,"href":"https:\/\/wp.pop-verlag.com\/index.php?rest_route=\/wp\/v2\/users\/2"}],"replies":[{"embeddable":true,"href":"https:\/\/wp.pop-verlag.com\/index.php?rest_route=%2Fwp%2Fv2%2Fcomments&post=1353"}],"version-history":[{"count":1,"href":"https:\/\/wp.pop-verlag.com\/index.php?rest_route=\/wp\/v2\/pages\/1353\/revisions"}],"predecessor-version":[{"id":1354,"href":"https:\/\/wp.pop-verlag.com\/index.php?rest_route=\/wp\/v2\/pages\/1353\/revisions\/1354"}],"up":[{"embeddable":true,"href":"https:\/\/wp.pop-verlag.com\/index.php?rest_route=\/wp\/v2\/pages\/672"}],"wp:attachment":[{"href":"https:\/\/wp.pop-verlag.com\/index.php?rest_route=%2Fwp%2Fv2%2Fmedia&parent=1353"}],"curies":[{"name":"wp","href":"https:\/\/api.w.org\/{rel}","templated":true}]}}